{"id":58896,"date":"2024-02-01T12:25:10","date_gmt":"2024-02-01T10:25:10","guid":{"rendered":"https:\/\/ruthfranco.com\/nicolas-casariego\/"},"modified":"2024-02-01T19:37:04","modified_gmt":"2024-02-01T17:37:04","slug":"nicolas-casariego","status":"publish","type":"page","link":"https:\/\/ruthfranco.com\/en\/nicolas-casariego\/","title":{"rendered":"Nicol\u00e1s Casariego"},"content":{"rendered":"\t\t<div data-elementor-type=\"wp-page\" data-elementor-id=\"58896\" class=\"elementor elementor-58896 elementor-58875\" data-elementor-post-type=\"page\">\n\t\t\t\t\t\t<section class=\"elementor-section elementor-top-section elementor-element elementor-element-79239d28 elementor-section-full_width elementor-section-height-default elementor-section-height-default neuron-fixed-no\" data-id=\"79239d28\" data-element_type=\"section\" data-e-type=\"section\" data-settings=\"{&quot;background_background&quot;:&quot;classic&quot;}\">\n\t\t\t\t\t\t<div class=\"elementor-container elementor-column-gap-no\">\n\t\t\t\t\t<div class=\"elementor-column elementor-col-100 elementor-top-column elementor-element elementor-element-636cbe23\" data-id=\"636cbe23\" data-element_type=\"column\" data-e-type=\"column\">\n\t\t\t<div class=\"elementor-widget-wrap elementor-element-populated\">\n\t\t\t\t\t\t<div class=\"elementor-element elementor-element-5dfdff5 elementor-widget elementor-widget-image\" data-id=\"5dfdff5\" data-element_type=\"widget\" data-e-type=\"widget\" data-widget_type=\"image.default\">\n\t\t\t\t<div class=\"elementor-widget-container\">\n\t\t\t\t\t\t\t\t\t\t\t\t\t\t\t<img fetchpriority=\"high\" decoding=\"async\" width=\"1200\" height=\"400\" src=\"https:\/\/ruthfranco.com\/wp-content\/uploads\/2024\/02\/Nicolas-casariego-1.jpg\" class=\"attachment-full size-full wp-image-58879\" alt=\"Nicol\u00e1s Casariego guionista\" srcset=\"https:\/\/ruthfranco.com\/wp-content\/uploads\/2024\/02\/Nicolas-casariego-1.jpg 1200w, https:\/\/ruthfranco.com\/wp-content\/uploads\/2024\/02\/Nicolas-casariego-1-300x100.jpg 300w, https:\/\/ruthfranco.com\/wp-content\/uploads\/2024\/02\/Nicolas-casariego-1-1024x341.jpg 1024w, https:\/\/ruthfranco.com\/wp-content\/uploads\/2024\/02\/Nicolas-casariego-1-768x256.jpg 768w\" sizes=\"(max-width: 1200px) 100vw, 1200px\" \/>\t\t\t\t\t\t\t\t\t\t\t\t\t\t\t<\/div>\n\t\t\t\t<\/div>\n\t\t\t\t\t<\/div>\n\t\t<\/div>\n\t\t\t\t\t<\/div>\n\t\t<\/section>\n\t\t\t\t<section class=\"elementor-section elementor-top-section elementor-element elementor-element-6929cec elementor-section-full_width elementor-section-height-default elementor-section-height-default neuron-fixed-no\" data-id=\"6929cec\" data-element_type=\"section\" data-e-type=\"section\">\n\t\t\t\t\t\t<div class=\"elementor-container elementor-column-gap-default\">\n\t\t\t\t\t<div class=\"elementor-column elementor-col-100 elementor-top-column elementor-element elementor-element-2dc64822\" data-id=\"2dc64822\" data-element_type=\"column\" data-e-type=\"column\">\n\t\t\t<div class=\"elementor-widget-wrap elementor-element-populated\">\n\t\t\t\t\t\t<div class=\"elementor-element elementor-element-17ba5960 elementor-widget elementor-widget-text-editor\" data-id=\"17ba5960\" data-element_type=\"widget\" data-e-type=\"widget\" data-widget_type=\"text-editor.default\">\n\t\t\t\t<div class=\"elementor-widget-container\">\n\t\t\t\t\t\t\t\t\t<h2>Nicol\u00e1s Casariego<\/h2>\n\t\t\t\t\t\t\t\t<\/div>\n\t\t\t\t<\/div>\n\t\t\t\t\t<\/div>\n\t\t<\/div>\n\t\t\t\t\t<\/div>\n\t\t<\/section>\n\t\t\t\t<section class=\"elementor-section elementor-top-section elementor-element elementor-element-5bef0851 elementor-section-boxed elementor-section-height-default elementor-section-height-default neuron-fixed-no\" data-id=\"5bef0851\" data-element_type=\"section\" data-e-type=\"section\">\n\t\t\t\t\t\t<div class=\"elementor-container elementor-column-gap-default\">\n\t\t\t\t\t<div class=\"elementor-column elementor-col-100 elementor-top-column elementor-element elementor-element-ece5f82\" data-id=\"ece5f82\" data-element_type=\"column\" data-e-type=\"column\">\n\t\t\t<div class=\"elementor-widget-wrap elementor-element-populated\">\n\t\t\t\t\t\t<div class=\"elementor-element elementor-element-207f09a6 e-grid-align-mobile-center e-grid-align-tablet-left elementor-shape-rounded elementor-grid-0 e-grid-align-center elementor-widget elementor-widget-social-icons\" data-id=\"207f09a6\" data-element_type=\"widget\" data-e-type=\"widget\" data-widget_type=\"social-icons.default\">\n\t\t\t\t<div class=\"elementor-widget-container\">\n\t\t\t\t\t\t\t<div class=\"elementor-social-icons-wrapper elementor-grid\">\n\t\t\t\t\t\t\t<span class=\"elementor-grid-item\">\n\t\t\t\t\t<a class=\"elementor-icon elementor-social-icon elementor-social-icon-wordpress elementor-repeater-item-8040492\" href=\"https:\/\/www.mbagencialiteraria.es\/authors\/nicolas-casariego\/\" target=\"_blank\">\n\t\t\t\t\t\t<span class=\"elementor-screen-only\">WordPress<\/span>\n\t\t\t\t\t\t<i aria-hidden=\"true\" class=\"fab fa-wordpress\"><\/i>\t\t\t\t\t<\/a>\n\t\t\t\t<\/span>\n\t\t\t\t\t<\/div>\n\t\t\t\t\t\t<\/div>\n\t\t\t\t<\/div>\n\t\t\t\t\t<\/div>\n\t\t<\/div>\n\t\t\t\t\t<\/div>\n\t\t<\/section>\n\t\t\t\t<section class=\"elementor-section elementor-top-section elementor-element elementor-element-15b87bf6 elementor-section-full_width elementor-section-content-middle elementor-section-height-default elementor-section-height-default neuron-fixed-no\" data-id=\"15b87bf6\" data-element_type=\"section\" data-e-type=\"section\">\n\t\t\t\t\t\t<div class=\"elementor-container elementor-column-gap-extended\">\n\t\t\t\t\t<div class=\"elementor-column elementor-col-100 elementor-top-column elementor-element elementor-element-30240a88\" data-id=\"30240a88\" data-element_type=\"column\" data-e-type=\"column\">\n\t\t\t<div class=\"elementor-widget-wrap elementor-element-populated\">\n\t\t\t\t\t\t<div class=\"elementor-element elementor-element-1047c997 elementor-button-warning elementor-align-justify elementor-widget elementor-widget-button\" data-id=\"1047c997\" data-element_type=\"widget\" data-e-type=\"widget\" data-widget_type=\"button.default\">\n\t\t\t\t<div class=\"elementor-widget-container\">\n\t\t\t\t\t\t\t\t\t<div class=\"elementor-button-wrapper\">\n\t\t\t\t\t<a class=\"elementor-button elementor-button-link elementor-size-md elementor-animation-grow\" href=\"https:\/\/www.imdb.com\/name\/nm0143006\/\" target=\"_blank\">\n\t\t\t\t\t\t<span class=\"elementor-button-content-wrapper\">\n\t\t\t\t\t\t\t\t\t<span class=\"elementor-button-text\"><strong>IMDb<\/strong><\/span>\n\t\t\t\t\t<\/span>\n\t\t\t\t\t<\/a>\n\t\t\t\t<\/div>\n\t\t\t\t\t\t\t\t<\/div>\n\t\t\t\t<\/div>\n\t\t\t\t\t<\/div>\n\t\t<\/div>\n\t\t\t\t\t<\/div>\n\t\t<\/section>\n\t\t\t\t<section class=\"elementor-section elementor-top-section elementor-element elementor-element-57e696cf elementor-section-boxed elementor-section-height-default elementor-section-height-default neuron-fixed-no\" data-id=\"57e696cf\" data-element_type=\"section\" data-e-type=\"section\">\n\t\t\t\t\t\t<div class=\"elementor-container elementor-column-gap-extended\">\n\t\t\t\t\t<div class=\"elementor-column elementor-col-50 elementor-top-column elementor-element elementor-element-70c458cd\" data-id=\"70c458cd\" data-element_type=\"column\" data-e-type=\"column\">\n\t\t\t<div class=\"elementor-widget-wrap elementor-element-populated\">\n\t\t\t\t\t\t<div class=\"elementor-element elementor-element-1b447fe6 elementor-widget elementor-widget-heading\" data-id=\"1b447fe6\" data-element_type=\"widget\" data-e-type=\"widget\" data-widget_type=\"heading.default\">\n\t\t\t\t<div class=\"elementor-widget-container\">\n\t\t\t\t\t<h4 class=\"elementor-heading-title elementor-size-default\">INFORMATION<\/h4>\t\t\t\t<\/div>\n\t\t\t\t<\/div>\n\t\t\t\t<div class=\"elementor-element elementor-element-542cf200 elementor-widget-divider--view-line elementor-widget elementor-widget-divider\" data-id=\"542cf200\" data-element_type=\"widget\" data-e-type=\"widget\" data-widget_type=\"divider.default\">\n\t\t\t\t<div class=\"elementor-widget-container\">\n\t\t\t\t\t\t\t<div class=\"elementor-divider\">\n\t\t\t<span class=\"elementor-divider-separator\">\n\t\t\t\t\t\t<\/span>\n\t\t<\/div>\n\t\t\t\t\t\t<\/div>\n\t\t\t\t<\/div>\n\t\t\t\t<div class=\"elementor-element elementor-element-72ade75f elementor-invisible elementor-widget elementor-widget-toggle\" data-id=\"72ade75f\" data-element_type=\"widget\" data-e-type=\"widget\" data-settings=\"{&quot;_animation&quot;:&quot;fadeInRight&quot;}\" data-widget_type=\"toggle.default\">\n\t\t\t\t<div class=\"elementor-widget-container\">\n\t\t\t\t\t\t\t<div class=\"elementor-toggle\">\n\t\t\t\t\t\t\t<div class=\"elementor-toggle-item\">\n\t\t\t\t\t<h5 id=\"elementor-tab-title-1921\" class=\"elementor-tab-title\" data-tab=\"1\" role=\"button\" aria-controls=\"elementor-tab-content-1921\" aria-expanded=\"false\">\n\t\t\t\t\t\t\t\t\t\t\t\t<span class=\"elementor-toggle-icon elementor-toggle-icon-left\" aria-hidden=\"true\">\n\t\t\t\t\t\t\t\t\t\t\t\t\t\t\t<span class=\"elementor-toggle-icon-closed\"><i class=\"fas fa-caret-right\"><\/i><\/span>\n\t\t\t\t\t\t\t\t<span class=\"elementor-toggle-icon-opened\"><i class=\"elementor-toggle-icon-opened fas fa-caret-up\"><\/i><\/span>\n\t\t\t\t\t\t\t\t\t\t\t\t\t<\/span>\n\t\t\t\t\t\t\t\t\t\t\t\t<a class=\"elementor-toggle-title\" tabindex=\"0\">BIOGRAPHY<\/a>\n\t\t\t\t\t<\/h5>\n\n\t\t\t\t\t<div id=\"elementor-tab-content-1921\" class=\"elementor-tab-content elementor-clearfix\" data-tab=\"1\" role=\"region\" aria-labelledby=\"elementor-tab-title-1921\"><p>Born in Madrid in 1970, Nicol\u00e1s Casariego is not just a writer but also a seasoned screenwriter weaving captivating narratives for the silver screen. His storytelling prowess extends from the pages of novels to the dynamic world of cinema.<\/p>\n<p>Casariego made his literary debut with <em>Dime cinco cosas que quieres que te haga<\/em> (Tell Me Five Things You Want Me to Do to You), a precursor to his exploration into the cinematic landscape. His novel <em>Cazadores de luz<\/em> (Light Hunters) emerged as a finalist for the Nadal Prize in 2005, showcasing his ability to craft compelling stories that transcend mediums. <em>Ant\u00f3n Mallick quiere ser feliz<\/em>, translated into English by Hispabooks, further solidified his literary footprint.<\/p>\n<p>Beyond novels, Casariego&#8217;s creativity shines in various literary forms, from short stories to essays or as the children&#8217;s series <em>Marquitos.<\/em> His contributions to newspapers such as El Pa\u00eds, El Mundo, and ABC, as well as magazines like Sibila, Letras Libres, El Estado Mental, and Words Without Borders, reveal a versatile writer with a keen understanding of diverse genres. His reflections on travel, found in the <em>El Viajero<\/em> supplement of El Pa\u00eds, provide a glimpse into the inspirations that fuel his storytelling.<\/p>\n<p>As a filmmaker, Casariego doesn&#8217;t just pen stories; he brings them to life on the big screen. His cinematic journey began with the film script <strong><em>Y decirte una estupidez, por ejemplo, te quiero<\/em><\/strong>&#8221; (And Tell You a Stupid Thing, for Example, I Love You), followed by <strong><em>\u00bfT\u00fa qu\u00e9 har\u00edas por amor?<\/em><\/strong> (What Would You Do for Love?). Both films, adaptations of novels by his brother Mart\u00edn, were co-written with Mart\u00edn and his brother Ant\u00f3n.<\/p>\n<p>Collaborating with Jaime Marques, Casariego co-wrote the film script <strong><em>Intruders<\/em><\/strong>, directed by Juan Carlos Fresnadillo and starring Clive Owen, Carice van Houten, Pilar L\u00f3pez de Ayala, and Daniel Br\u00fchl. This marked his venture into the world of suspense and intrigue.<\/p>\n<p>His latest filmed script, <strong><em>La sociedad de la nieve<\/em><\/strong> (The Society of Snow), co-written with J. A. Bayona, Jaime Marques, and Bernat Villaplana, takes audiences on a gripping cinematic journey. Directed by Bayona, the film premiered at the Venice Film Festival, earning accolades, including the Audience Award at the San Sebasti\u00e1n Festival. Its nomination for prestigious awards like the Oscars 2024, Goya Awards, and Golden Globes underscores Casariego&#8217;s impact in the cinematic realm, where his storytelling prowess continues to captivate audiences worldwide.<\/p>\n<\/div>\n\t\t\t\t<\/div>\n\t\t\t\t\t\t\t<div class=\"elementor-toggle-item\">\n\t\t\t\t\t<h5 id=\"elementor-tab-title-1922\" class=\"elementor-tab-title\" data-tab=\"2\" role=\"button\" aria-controls=\"elementor-tab-content-1922\" aria-expanded=\"false\">\n\t\t\t\t\t\t\t\t\t\t\t\t<span class=\"elementor-toggle-icon elementor-toggle-icon-left\" aria-hidden=\"true\">\n\t\t\t\t\t\t\t\t\t\t\t\t\t\t\t<span class=\"elementor-toggle-icon-closed\"><i class=\"fas fa-caret-right\"><\/i><\/span>\n\t\t\t\t\t\t\t\t<span class=\"elementor-toggle-icon-opened\"><i class=\"elementor-toggle-icon-opened fas fa-caret-up\"><\/i><\/span>\n\t\t\t\t\t\t\t\t\t\t\t\t\t<\/span>\n\t\t\t\t\t\t\t\t\t\t\t\t<a class=\"elementor-toggle-title\" tabindex=\"0\">AWARDS<\/a>\n\t\t\t\t\t<\/h5>\n\n\t\t\t\t\t<div id=\"elementor-tab-content-1922\" class=\"elementor-tab-content elementor-clearfix\" data-tab=\"2\" role=\"region\" aria-labelledby=\"elementor-tab-title-1922\"><p><strong>\u201cSOCIETY OF THE SNOW\u201d. Film. NETFLIX. 2023.<\/strong><br \/>\n&#8211; Nominated for Best Adapted Screenplay for Goya Spanish Academy Awards.<br \/>\n&#8211; Nominated for Best Adapted Screenplay for Cinema Writers Circle Awards, Spain.<\/p>\n<p>&#8211; Nominated for Best Foreign Film for Oscar Awards, United States<br \/>\n&#8211; Nominated for Best Picture Non-English Speaking Language for Golden Globe Awards, United States<br \/>\n&#8211; Nominated for Films Not in the English Language for BAFTA Awards, Great Britain<br \/>\n&#8211; Nominated for Best Foreign Language Film for the Critics&#8217; Choice Movie Awards, United States<br \/>\n&#8211; Nominated for Best International Picture for Washington DC \u00c1rea Film Critics Association Awards, United States<br \/>\n&#8211; Nominated for Best International Picture for Las Vegas Film Critics Society Awards, United States<br \/>\n&#8211; Nominated for Outstanding International Motion Picture for NAACP Image Awards, United States<br \/>\n&#8211; Nominated for Best International Feature for Astras Film Awards, Australia<br \/>\n&#8211; Nominated for Best European Film for Gaud\u00ed Awards, Catalu\u00f1a, Spain<br \/>\n&#8211; Nominated for Best Spanish Film for Fotogramas de Plata Awards, Spain<\/p>\n<p>&#8211; Audience Award \u201cCiudad de Donostia\u201d, 71\u00aa Festival de San Sebasti\u00e1n, Spain<br \/>\n&#8211; Audience Award, Miami GEMS Film Festival 2023, United States<br \/>\n&#8211; Audience Award, Mile Valley Film Festival, United States<br \/>\n&#8211; Best International Picture, Middleburg Film Festival, United States<br \/>\n&#8211; Best Spanish Film Premio, RNE Sant Jordi Awards, Catalu\u00f1a, Spain<\/p>\n<p><strong>\u201cCAZADORES DE LUZ\u201d. Novel. Destino, 2005<\/strong><br \/>\n&#8211; Award finalist, PREMIO NADAL 2005, Spain<\/p>\n<\/div>\n\t\t\t\t<\/div>\n\t\t\t\t\t\t\t\t<\/div>\n\t\t\t\t\t\t<\/div>\n\t\t\t\t<\/div>\n\t\t\t\t<div class=\"elementor-element elementor-element-1e302d18 elementor-align-center elementor-widget__width-inherit elementor-widget elementor-widget-button\" data-id=\"1e302d18\" data-element_type=\"widget\" data-e-type=\"widget\" data-widget_type=\"button.default\">\n\t\t\t\t<div class=\"elementor-widget-container\">\n\t\t\t\t\t\t\t\t\t<div class=\"elementor-button-wrapper\">\n\t\t\t\t\t<a class=\"elementor-button elementor-button-link elementor-size-sm elementor-animation-grow\" href=\"https:\/\/ruthfranco.com\/wp-content\/uploads\/2024\/02\/Nicolas-Casariego-CV-EN.pdf\">\n\t\t\t\t\t\t<span class=\"elementor-button-content-wrapper\">\n\t\t\t\t\t\t<span class=\"elementor-button-icon\">\n\t\t\t\t<i aria-hidden=\"true\" class=\"fas fa-arrow-alt-circle-down\"><\/i>\t\t\t<\/span>\n\t\t\t\t\t\t\t\t\t<span class=\"elementor-button-text\">DOWNLOAD CV<\/span>\n\t\t\t\t\t<\/span>\n\t\t\t\t\t<\/a>\n\t\t\t\t<\/div>\n\t\t\t\t\t\t\t\t<\/div>\n\t\t\t\t<\/div>\n\t\t\t\t\t<\/div>\n\t\t<\/div>\n\t\t\t\t<div class=\"elementor-column elementor-col-50 elementor-top-column elementor-element elementor-element-203b2a0a elementor-invisible\" data-id=\"203b2a0a\" data-element_type=\"column\" data-e-type=\"column\" data-settings=\"{&quot;animation&quot;:&quot;fadeInLeft&quot;}\">\n\t\t\t<div class=\"elementor-widget-wrap elementor-element-populated\">\n\t\t\t\t\t\t<div class=\"elementor-element elementor-element-4350bdb5 elementor-widget elementor-widget-heading\" data-id=\"4350bdb5\" data-element_type=\"widget\" data-e-type=\"widget\" data-widget_type=\"heading.default\">\n\t\t\t\t<div class=\"elementor-widget-container\">\n\t\t\t\t\t<h4 class=\"elementor-heading-title elementor-size-default\">\"LA SOCIEDAD DE LA NIEVE\"<\/h4>\t\t\t\t<\/div>\n\t\t\t\t<\/div>\n\t\t\t\t<div class=\"elementor-element elementor-element-4dd53437 elementor-widget-divider--view-line elementor-widget elementor-widget-divider\" data-id=\"4dd53437\" data-element_type=\"widget\" data-e-type=\"widget\" data-widget_type=\"divider.default\">\n\t\t\t\t<div class=\"elementor-widget-container\">\n\t\t\t\t\t\t\t<div class=\"elementor-divider\">\n\t\t\t<span class=\"elementor-divider-separator\">\n\t\t\t\t\t\t<\/span>\n\t\t<\/div>\n\t\t\t\t\t\t<\/div>\n\t\t\t\t<\/div>\n\t\t\t\t<div class=\"elementor-element elementor-element-66fe37f7 elementor-widget elementor-widget-video\" data-id=\"66fe37f7\" data-element_type=\"widget\" data-e-type=\"widget\" data-settings=\"{&quot;youtube_url&quot;:&quot;https:\\\/\\\/youtu.be\\\/XKM6LZGZVtI&quot;,&quot;video_type&quot;:&quot;youtube&quot;,&quot;controls&quot;:&quot;yes&quot;}\" data-widget_type=\"video.default\">\n\t\t\t\t<div class=\"elementor-widget-container\">\n\t\t\t\t\t\t\t<div class=\"elementor-wrapper elementor-open-inline\">\n\t\t\t<div class=\"elementor-video\"><\/div>\t\t<\/div>\n\t\t\t\t\t\t<\/div>\n\t\t\t\t<\/div>\n\t\t\t\t\t<\/div>\n\t\t<\/div>\n\t\t\t\t\t<\/div>\n\t\t<\/section>\n\t\t\t\t<section class=\"elementor-section elementor-top-section elementor-element elementor-element-398d4543 elementor-section-boxed elementor-section-height-default elementor-section-height-default neuron-fixed-no\" data-id=\"398d4543\" data-element_type=\"section\" data-e-type=\"section\">\n\t\t\t\t\t\t<div class=\"elementor-container elementor-column-gap-no\">\n\t\t\t\t\t\t<\/div>\n\t\t<\/section>\n\t\t\t\t<section class=\"elementor-section elementor-top-section elementor-element elementor-element-29e39005 elementor-section-boxed elementor-section-height-default elementor-section-height-default neuron-fixed-no\" data-id=\"29e39005\" data-element_type=\"section\" data-e-type=\"section\">\n\t\t\t\t\t\t<div class=\"elementor-container elementor-column-gap-default\">\n\t\t\t\t\t<div class=\"elementor-column elementor-col-100 elementor-top-column elementor-element elementor-element-47223989\" data-id=\"47223989\" data-element_type=\"column\" data-e-type=\"column\">\n\t\t\t<div class=\"elementor-widget-wrap elementor-element-populated\">\n\t\t\t\t\t\t<div class=\"elementor-element elementor-element-32007332 elementor-widget elementor-widget-spacer\" data-id=\"32007332\" data-element_type=\"widget\" data-e-type=\"widget\" data-widget_type=\"spacer.default\">\n\t\t\t\t<div class=\"elementor-widget-container\">\n\t\t\t\t\t\t\t<div class=\"elementor-spacer\">\n\t\t\t<div class=\"elementor-spacer-inner\"><\/div>\n\t\t<\/div>\n\t\t\t\t\t\t<\/div>\n\t\t\t\t<\/div>\n\t\t\t\t<div class=\"elementor-element elementor-element-46662660 elementor-invisible elementor-widget elementor-widget-heading\" data-id=\"46662660\" data-element_type=\"widget\" data-e-type=\"widget\" data-settings=\"{&quot;_animation&quot;:&quot;fadeInRight&quot;}\" data-widget_type=\"heading.default\">\n\t\t\t\t<div class=\"elementor-widget-container\">\n\t\t\t\t\t<h4 class=\"elementor-heading-title elementor-size-default\">POSTERS<\/h4>\t\t\t\t<\/div>\n\t\t\t\t<\/div>\n\t\t\t\t<div class=\"elementor-element elementor-element-4ed12033 elementor-widget-divider--view-line elementor-widget elementor-widget-divider\" data-id=\"4ed12033\" data-element_type=\"widget\" data-e-type=\"widget\" data-widget_type=\"divider.default\">\n\t\t\t\t<div class=\"elementor-widget-container\">\n\t\t\t\t\t\t\t<div class=\"elementor-divider\">\n\t\t\t<span class=\"elementor-divider-separator\">\n\t\t\t\t\t\t<\/span>\n\t\t<\/div>\n\t\t\t\t\t\t<\/div>\n\t\t\t\t<\/div>\n\t\t\t\t\t<\/div>\n\t\t<\/div>\n\t\t\t\t\t<\/div>\n\t\t<\/section>\n\t\t\t\t<section class=\"elementor-section elementor-top-section elementor-element elementor-element-6a66fb70 elementor-section-full_width elementor-section-content-middle elementor-section-height-default elementor-section-height-default neuron-fixed-no\" data-id=\"6a66fb70\" data-element_type=\"section\" data-e-type=\"section\">\n\t\t\t\t\t\t<div class=\"elementor-container elementor-column-gap-default\">\n\t\t\t\t\t<div class=\"elementor-column elementor-col-100 elementor-top-column elementor-element elementor-element-6ed258ad\" data-id=\"6ed258ad\" data-element_type=\"column\" data-e-type=\"column\">\n\t\t\t<div class=\"elementor-widget-wrap elementor-element-populated\">\n\t\t\t\t\t\t<div class=\"elementor-element elementor-element-72a6ff1f elementor-arrows-position-inside elementor-pagination-position-outside elementor-invisible elementor-widget elementor-widget-image-carousel\" data-id=\"72a6ff1f\" data-element_type=\"widget\" data-e-type=\"widget\" data-settings=\"{&quot;slides_to_show&quot;:&quot;2&quot;,&quot;_animation&quot;:&quot;fadeInLeft&quot;,&quot;slides_to_show_mobile&quot;:&quot;2&quot;,&quot;slides_to_scroll&quot;:&quot;1&quot;,&quot;slides_to_scroll_mobile&quot;:&quot;2&quot;,&quot;navigation&quot;:&quot;both&quot;,&quot;autoplay&quot;:&quot;yes&quot;,&quot;pause_on_hover&quot;:&quot;yes&quot;,&quot;pause_on_interaction&quot;:&quot;yes&quot;,&quot;autoplay_speed&quot;:5000,&quot;infinite&quot;:&quot;yes&quot;,&quot;speed&quot;:500}\" data-widget_type=\"image-carousel.default\">\n\t\t\t\t<div class=\"elementor-widget-container\">\n\t\t\t\t\t\t\t<div class=\"elementor-image-carousel-wrapper swiper\" role=\"region\" aria-roledescription=\"carousel\" aria-label=\"Image Carousel\" dir=\"ltr\">\n\t\t\t<div class=\"elementor-image-carousel swiper-wrapper\" aria-live=\"off\">\n\t\t\t\t\t\t\t\t<div class=\"swiper-slide\" role=\"group\" aria-roledescription=\"slide\" aria-label=\"1 of 2\"><figure class=\"swiper-slide-inner\"><img decoding=\"async\" class=\"swiper-slide-image\" src=\"https:\/\/ruthfranco.com\/wp-content\/uploads\/2024\/02\/La-Sociedad-de-la-Nieve.jpg\" alt=\"La-Sociedad-de-la-Nieve\" \/><\/figure><\/div><div class=\"swiper-slide\" role=\"group\" aria-roledescription=\"slide\" aria-label=\"2 of 2\"><figure class=\"swiper-slide-inner\"><img decoding=\"async\" class=\"swiper-slide-image\" src=\"https:\/\/ruthfranco.com\/wp-content\/uploads\/2024\/02\/Intruders.jpg\" alt=\"Intruders\" \/><\/figure><\/div>\t\t\t<\/div>\n\t\t\t\t\t\t\t\t\t\t\t\t<div class=\"elementor-swiper-button elementor-swiper-button-prev\" role=\"button\" tabindex=\"0\">\n\t\t\t\t\t\t<i aria-hidden=\"true\" class=\"eicon-chevron-left\"><\/i>\t\t\t\t\t<\/div>\n\t\t\t\t\t<div class=\"elementor-swiper-button elementor-swiper-button-next\" role=\"button\" tabindex=\"0\">\n\t\t\t\t\t\t<i aria-hidden=\"true\" class=\"eicon-chevron-right\"><\/i>\t\t\t\t\t<\/div>\n\t\t\t\t\n\t\t\t\t\t\t\t\t\t<div class=\"swiper-pagination\"><\/div>\n\t\t\t\t\t\t\t\t\t<\/div>\n\t\t\t\t\t\t<\/div>\n\t\t\t\t<\/div>\n\t\t\t\t\t<\/div>\n\t\t<\/div>\n\t\t\t\t\t<\/div>\n\t\t<\/section>\n\t\t\t\t<\/div>\n\t\t","protected":false},"excerpt":{"rendered":"<p>Nicol\u00e1s Casariego Wordpress IMDb INFORMATION BIOGRAPHY Born in Madrid in 1970, Nicol\u00e1s Casariego is not just a writer&#8230;<\/p>\n","protected":false},"author":1,"featured_media":58918,"parent":0,"menu_order":0,"comment_status":"closed","ping_status":"closed","template":"","meta":{"_acf_changed":false,"_seopress_robots_primary_cat":"","_seopress_titles_title":"%%post_title%% %%sep%% %%sitetitle%%","_seopress_titles_desc":"Nicol\u00e1s Casariego, narrador que fusiona literatura y cine. Debut\u00f3 con &quot;Dime cinco cosas que quieres que te haga&quot; hasta el \u00e9xito de &quot;La sociedad de la nieve&quot;.","_seopress_robots_index":"","footnotes":""},"categories":[98],"tags":[],"class_list":["post-58896","page","type-page","status-publish","has-post-thumbnail","hentry","category-directors-and-scriptwriters"],"acf":[],"_links":{"self":[{"href":"https:\/\/ruthfranco.com\/en\/wp-json\/wp\/v2\/pages\/58896","targetHints":{"allow":["GET"]}}],"collection":[{"href":"https:\/\/ruthfranco.com\/en\/wp-json\/wp\/v2\/pages"}],"about":[{"href":"https:\/\/ruthfranco.com\/en\/wp-json\/wp\/v2\/types\/page"}],"author":[{"embeddable":true,"href":"https:\/\/ruthfranco.com\/en\/wp-json\/wp\/v2\/users\/1"}],"replies":[{"embeddable":true,"href":"https:\/\/ruthfranco.com\/en\/wp-json\/wp\/v2\/comments?post=58896"}],"version-history":[{"count":3,"href":"https:\/\/ruthfranco.com\/en\/wp-json\/wp\/v2\/pages\/58896\/revisions"}],"predecessor-version":[{"id":58919,"href":"https:\/\/ruthfranco.com\/en\/wp-json\/wp\/v2\/pages\/58896\/revisions\/58919"}],"wp:featuredmedia":[{"embeddable":true,"href":"https:\/\/ruthfranco.com\/en\/wp-json\/wp\/v2\/media\/58918"}],"wp:attachment":[{"href":"https:\/\/ruthfranco.com\/en\/wp-json\/wp\/v2\/media?parent=58896"}],"wp:term":[{"taxonomy":"category","embeddable":true,"href":"https:\/\/ruthfranco.com\/en\/wp-json\/wp\/v2\/categories?post=58896"},{"taxonomy":"post_tag","embeddable":true,"href":"https:\/\/ruthfranco.com\/en\/wp-json\/wp\/v2\/tags?post=58896"}],"curies":[{"name":"wp","href":"https:\/\/api.w.org\/{rel}","templated":true}]}}