{"id":53608,"date":"2023-01-25T15:54:30","date_gmt":"2023-01-25T14:54:30","guid":{"rendered":"https:\/\/ruthfranco.com\/alejandro-naranjo\/"},"modified":"2025-07-01T11:47:53","modified_gmt":"2025-07-01T09:47:53","slug":"alejandro-naranjo","status":"publish","type":"page","link":"https:\/\/ruthfranco.com\/en\/alejandro-naranjo\/","title":{"rendered":"Alejandro Naranjo"},"content":{"rendered":"\t\t<div data-elementor-type=\"wp-page\" data-elementor-id=\"53608\" class=\"elementor elementor-53608 elementor-53590\" data-elementor-post-type=\"page\">\n\t\t\t\t\t\t<section class=\"elementor-section elementor-top-section elementor-element elementor-element-2c44a0fe elementor-section-full_width elementor-section-height-default elementor-section-height-default neuron-fixed-no\" data-id=\"2c44a0fe\" data-element_type=\"section\" data-e-type=\"section\" data-settings=\"{&quot;background_background&quot;:&quot;classic&quot;}\">\n\t\t\t\t\t\t<div class=\"elementor-container elementor-column-gap-no\">\n\t\t\t\t\t<div class=\"elementor-column elementor-col-100 elementor-top-column elementor-element elementor-element-aec9b08\" data-id=\"aec9b08\" data-element_type=\"column\" data-e-type=\"column\">\n\t\t\t<div class=\"elementor-widget-wrap elementor-element-populated\">\n\t\t\t\t\t\t<div class=\"elementor-element elementor-element-335b9633 elementor-invisible elementor-widget elementor-widget-neuron-media-gallery\" data-id=\"335b9633\" data-element_type=\"widget\" data-e-type=\"widget\" data-settings=\"{&quot;_animation&quot;:&quot;fadeInLeft&quot;}\" data-widget_type=\"neuron-media-gallery.default\">\n\t\t\t\t<div class=\"elementor-widget-container\">\n\t\t\t\t\t\t\t<div class=\"l-posts-wrapper l-filters-holder l-posts-wrapper--meta-outside\" data-posts=\"335b9633\">\r\n\t\t\t\t\t\t<div class=\"m-media-gallery m-media-gallery--meta-outside   \">\r\n\t\t\t\t<div class=\"owl-carousel owl-theme\" id=\"f15f58ee4c079dc05d627b44a2f48037\" data-animation=\"h-fadeInLeftNeuron\" data-wow=\"yes\">\r\n                    <div class=\"m-media-gallery__item wow intro-animation \" >\r\n            <div class=\"o-neuron-hover o-neuron-hover--meta-outside o-neuron-hover--icon o-neuron-hover--translate\">\r\n    <div class=\"o-neuron-hover-holder\">\r\n        <div class=\"o-neuron-hover-holder__header\">\r\n            <div class=\"o-neuron-hover-holder__header__media\">\r\n                <div class=\"h-calculated-image\" style=\"padding-bottom: 133.333333% !important;\"><img fetchpriority=\"high\" decoding=\"async\" width=\"600\" height=\"800\" src=\"https:\/\/ruthfranco.com\/wp-content\/uploads\/2023\/01\/Alejandro-Naranjo-1.jpg\" class=\"attachment-full size-full\" alt=\"Alejandro Naranjo actor\" srcset=\"https:\/\/ruthfranco.com\/wp-content\/uploads\/2023\/01\/Alejandro-Naranjo-1.jpg 600w, https:\/\/ruthfranco.com\/wp-content\/uploads\/2023\/01\/Alejandro-Naranjo-1-225x300.jpg 225w\" sizes=\"(max-width: 600px) 100vw, 600px\" \/><\/div>            <\/div>\r\n                            <div class=\"o-neuron-hover-holder__header__overlay\"><\/div>\r\n                    <\/div>\r\n                    <div class=\"o-neuron-hover-holder__body d-flex align-items-center\">\r\n                <div class=\"o-neuron-hover-holder__body-meta\">\r\n                                    <\/div>\r\n                            <\/div>\r\n            <\/div>    \r\n           \r\n<\/div>        <\/div>\r\n                    <div class=\"m-media-gallery__item wow intro-animation \" data-wow-delay=0.2s>\r\n            <div class=\"o-neuron-hover o-neuron-hover--meta-outside o-neuron-hover--icon o-neuron-hover--translate\">\r\n    <div class=\"o-neuron-hover-holder\">\r\n        <div class=\"o-neuron-hover-holder__header\">\r\n            <div class=\"o-neuron-hover-holder__header__media\">\r\n                <div class=\"h-calculated-image\" style=\"padding-bottom: 133.333333% !important;\"><img decoding=\"async\" width=\"600\" height=\"800\" src=\"https:\/\/ruthfranco.com\/wp-content\/uploads\/2023\/01\/Alejandro-Naranjo-2.jpg\" class=\"attachment-full size-full\" alt=\"Alejandro Naranjo actor\" srcset=\"https:\/\/ruthfranco.com\/wp-content\/uploads\/2023\/01\/Alejandro-Naranjo-2.jpg 600w, https:\/\/ruthfranco.com\/wp-content\/uploads\/2023\/01\/Alejandro-Naranjo-2-225x300.jpg 225w\" sizes=\"(max-width: 600px) 100vw, 600px\" \/><\/div>            <\/div>\r\n                            <div class=\"o-neuron-hover-holder__header__overlay\"><\/div>\r\n                    <\/div>\r\n                    <div class=\"o-neuron-hover-holder__body d-flex align-items-center\">\r\n                <div class=\"o-neuron-hover-holder__body-meta\">\r\n                                    <\/div>\r\n                            <\/div>\r\n            <\/div>    \r\n           \r\n<\/div>        <\/div>\r\n                    <div class=\"m-media-gallery__item wow intro-animation \" data-wow-delay=0.4s>\r\n            <div class=\"o-neuron-hover o-neuron-hover--meta-outside o-neuron-hover--icon o-neuron-hover--translate\">\r\n    <div class=\"o-neuron-hover-holder\">\r\n        <div class=\"o-neuron-hover-holder__header\">\r\n            <div class=\"o-neuron-hover-holder__header__media\">\r\n                <div class=\"h-calculated-image\" style=\"padding-bottom: 133.333333% !important;\"><img decoding=\"async\" width=\"600\" height=\"800\" src=\"https:\/\/ruthfranco.com\/wp-content\/uploads\/2023\/01\/Alejandro-Naranjo-3.jpg\" class=\"attachment-full size-full\" alt=\"Alejandro Naranjo actor\" srcset=\"https:\/\/ruthfranco.com\/wp-content\/uploads\/2023\/01\/Alejandro-Naranjo-3.jpg 600w, https:\/\/ruthfranco.com\/wp-content\/uploads\/2023\/01\/Alejandro-Naranjo-3-225x300.jpg 225w\" sizes=\"(max-width: 600px) 100vw, 600px\" \/><\/div>            <\/div>\r\n                            <div class=\"o-neuron-hover-holder__header__overlay\"><\/div>\r\n                    <\/div>\r\n                    <div class=\"o-neuron-hover-holder__body d-flex align-items-center\">\r\n                <div class=\"o-neuron-hover-holder__body-meta\">\r\n                                    <\/div>\r\n                            <\/div>\r\n            <\/div>    \r\n           \r\n<\/div>        <\/div>\r\n    <\/div>\r\n<script type=\"text\/javascript\">\r\n    jQuery(function ($) {\r\n        var owl = $('#f15f58ee4c079dc05d627b44a2f48037');\r\n\r\n        owl.owlCarousel({\r\n            items: 1,\r\n            margin: 10,\r\n            autoHeight: false,\r\n            loop: false,\r\n            mouseDrag: true,\r\n            touchDrag: true,\r\n            stagePadding: 0,\r\n            startPosition: 0,\r\n            nav: true,\r\n            navText: [\r\n                '<svg xmlns=\"http:\/\/www.w3.org\/2000\/svg\" width=\"22\" height=\"22\" viewBox=\"0 0 24 24\" fill=\"none\" stroke=\"currentColor\" stroke-width=\"2\" stroke-linecap=\"round\" stroke-linejoin=\"round\" class=\"feather feather-arrow-left\"><line x1=\"19\" y1=\"12\" x2=\"5\" y2=\"12\"><\/line><polyline points=\"12 19 5 12 12 5\"><\/polyline><\/svg>',\r\n                '<svg xmlns=\"http:\/\/www.w3.org\/2000\/svg\" width=\"22\" height=\"22\" viewBox=\"0 0 24 24\" fill=\"none\" stroke=\"currentColor\" stroke-width=\"2\" stroke-linecap=\"round\" stroke-linejoin=\"round\" class=\"feather feather-arrow-right\"><line x1=\"5\" y1=\"12\" x2=\"19\" y2=\"12\"><\/line><polyline points=\"12 5 19 12 12 19\"><\/polyline><\/svg>'\r\n            ],\r\n            dots: true,\r\n            autoplay: false,\r\n            autoplayTimeout: 2000,\r\n            autoplayHoverPause: false,\r\n            smartSpeed: 450,\r\n            responsive:{\r\n                768:{\r\n                    items: 1,\r\n                    margin: 5,\r\n                    stagePadding: 0                },\r\n                992:{\r\n                    items: 3,\r\n                    margin: 10,\r\n                    stagePadding: 0                }\r\n            }\r\n        });\r\n    });\r\n<\/script>\t\t\t<\/div>\r\n        <\/div>\r\n        \t\t\t\t<\/div>\n\t\t\t\t<\/div>\n\t\t\t\t\t<\/div>\n\t\t<\/div>\n\t\t\t\t\t<\/div>\n\t\t<\/section>\n\t\t\t\t<section class=\"elementor-section elementor-top-section elementor-element elementor-element-3d5f47c3 elementor-section-full_width elementor-section-height-default elementor-section-height-default neuron-fixed-no\" data-id=\"3d5f47c3\" data-element_type=\"section\" data-e-type=\"section\">\n\t\t\t\t\t\t<div class=\"elementor-container elementor-column-gap-default\">\n\t\t\t\t\t<div class=\"elementor-column elementor-col-100 elementor-top-column elementor-element elementor-element-46613558\" data-id=\"46613558\" data-element_type=\"column\" data-e-type=\"column\">\n\t\t\t<div class=\"elementor-widget-wrap elementor-element-populated\">\n\t\t\t\t\t\t<div class=\"elementor-element elementor-element-74711a elementor-widget elementor-widget-text-editor\" data-id=\"74711a\" data-element_type=\"widget\" data-e-type=\"widget\" data-widget_type=\"text-editor.default\">\n\t\t\t\t<div class=\"elementor-widget-container\">\n\t\t\t\t\t\t\t\t\t<h2>Alejandro Naranjo<\/h2>\n\t\t\t\t\t\t\t\t<\/div>\n\t\t\t\t<\/div>\n\t\t\t\t\t<\/div>\n\t\t<\/div>\n\t\t\t\t\t<\/div>\n\t\t<\/section>\n\t\t\t\t<section class=\"elementor-section elementor-top-section elementor-element elementor-element-6b569608 elementor-section-boxed elementor-section-height-default elementor-section-height-default neuron-fixed-no\" data-id=\"6b569608\" data-element_type=\"section\" data-e-type=\"section\">\n\t\t\t\t\t\t<div class=\"elementor-container elementor-column-gap-no\">\n\t\t\t\t\t<div class=\"elementor-column elementor-col-100 elementor-top-column elementor-element elementor-element-4ff306d7\" data-id=\"4ff306d7\" data-element_type=\"column\" data-e-type=\"column\">\n\t\t\t<div class=\"elementor-widget-wrap elementor-element-populated\">\n\t\t\t\t\t\t<div class=\"elementor-element elementor-element-25906e94 e-grid-align-mobile-center e-grid-align-tablet-left elementor-shape-rounded elementor-grid-0 e-grid-align-center elementor-widget elementor-widget-social-icons\" data-id=\"25906e94\" data-element_type=\"widget\" data-e-type=\"widget\" data-widget_type=\"social-icons.default\">\n\t\t\t\t<div class=\"elementor-widget-container\">\n\t\t\t\t\t\t\t<div class=\"elementor-social-icons-wrapper elementor-grid\">\n\t\t\t\t\t\t\t<span class=\"elementor-grid-item\">\n\t\t\t\t\t<a class=\"elementor-icon elementor-social-icon elementor-social-icon-instagram elementor-animation-push elementor-repeater-item-8040492\" href=\"https:\/\/www.instagram.com\/soyalejandronaranjo\/\" target=\"_blank\">\n\t\t\t\t\t\t<span class=\"elementor-screen-only\">Instagram<\/span>\n\t\t\t\t\t\t<i aria-hidden=\"true\" class=\"fab fa-instagram\"><\/i>\t\t\t\t\t<\/a>\n\t\t\t\t<\/span>\n\t\t\t\t\t<\/div>\n\t\t\t\t\t\t<\/div>\n\t\t\t\t<\/div>\n\t\t\t\t\t<\/div>\n\t\t<\/div>\n\t\t\t\t\t<\/div>\n\t\t<\/section>\n\t\t\t\t<section class=\"elementor-section elementor-top-section elementor-element elementor-element-14ca38bc elementor-section-full_width elementor-section-content-middle elementor-section-height-default elementor-section-height-default neuron-fixed-no\" data-id=\"14ca38bc\" data-element_type=\"section\" data-e-type=\"section\">\n\t\t\t\t\t\t<div class=\"elementor-container elementor-column-gap-extended\">\n\t\t\t\t\t<div class=\"elementor-column elementor-col-100 elementor-top-column elementor-element elementor-element-70af5c0e\" data-id=\"70af5c0e\" data-element_type=\"column\" data-e-type=\"column\">\n\t\t\t<div class=\"elementor-widget-wrap elementor-element-populated\">\n\t\t\t\t\t\t<div class=\"elementor-element elementor-element-59af2b83 elementor-button-warning elementor-align-justify elementor-widget elementor-widget-button\" data-id=\"59af2b83\" data-element_type=\"widget\" data-e-type=\"widget\" data-widget_type=\"button.default\">\n\t\t\t\t<div class=\"elementor-widget-container\">\n\t\t\t\t\t\t\t\t\t<div class=\"elementor-button-wrapper\">\n\t\t\t\t\t<a class=\"elementor-button elementor-button-link elementor-size-md elementor-animation-grow\" href=\"https:\/\/www.imdb.com\/name\/nm0621213\/\" target=\"_blank\">\n\t\t\t\t\t\t<span class=\"elementor-button-content-wrapper\">\n\t\t\t\t\t\t\t\t\t<span class=\"elementor-button-text\"><strong>IMDb<\/strong><\/span>\n\t\t\t\t\t<\/span>\n\t\t\t\t\t<\/a>\n\t\t\t\t<\/div>\n\t\t\t\t\t\t\t\t<\/div>\n\t\t\t\t<\/div>\n\t\t\t\t\t<\/div>\n\t\t<\/div>\n\t\t\t\t\t<\/div>\n\t\t<\/section>\n\t\t\t\t<section class=\"elementor-section elementor-top-section elementor-element elementor-element-842726 elementor-section-boxed elementor-section-height-default elementor-section-height-default neuron-fixed-no\" data-id=\"842726\" data-element_type=\"section\" data-e-type=\"section\">\n\t\t\t\t\t\t<div class=\"elementor-container elementor-column-gap-extended\">\n\t\t\t\t\t<div class=\"elementor-column elementor-col-50 elementor-top-column elementor-element elementor-element-66079f54\" data-id=\"66079f54\" data-element_type=\"column\" data-e-type=\"column\">\n\t\t\t<div class=\"elementor-widget-wrap elementor-element-populated\">\n\t\t\t\t\t\t<div class=\"elementor-element elementor-element-29a38253 elementor-widget elementor-widget-heading\" data-id=\"29a38253\" data-element_type=\"widget\" data-e-type=\"widget\" data-widget_type=\"heading.default\">\n\t\t\t\t<div class=\"elementor-widget-container\">\n\t\t\t\t\t<h4 class=\"elementor-heading-title elementor-size-default\">INFORMATION<\/h4>\t\t\t\t<\/div>\n\t\t\t\t<\/div>\n\t\t\t\t<div class=\"elementor-element elementor-element-275c7cf0 elementor-widget-divider--view-line elementor-widget elementor-widget-divider\" data-id=\"275c7cf0\" data-element_type=\"widget\" data-e-type=\"widget\" data-widget_type=\"divider.default\">\n\t\t\t\t<div class=\"elementor-widget-container\">\n\t\t\t\t\t\t\t<div class=\"elementor-divider\">\n\t\t\t<span class=\"elementor-divider-separator\">\n\t\t\t\t\t\t<\/span>\n\t\t<\/div>\n\t\t\t\t\t\t<\/div>\n\t\t\t\t<\/div>\n\t\t\t\t<div class=\"elementor-element elementor-element-16cd08fd elementor-invisible elementor-widget elementor-widget-toggle\" data-id=\"16cd08fd\" data-element_type=\"widget\" data-e-type=\"widget\" data-settings=\"{&quot;_animation&quot;:&quot;fadeInRight&quot;}\" data-widget_type=\"toggle.default\">\n\t\t\t\t<div class=\"elementor-widget-container\">\n\t\t\t\t\t\t\t<div class=\"elementor-toggle\">\n\t\t\t\t\t\t\t<div class=\"elementor-toggle-item\">\n\t\t\t\t\t<h5 id=\"elementor-tab-title-3821\" class=\"elementor-tab-title\" data-tab=\"1\" role=\"button\" aria-controls=\"elementor-tab-content-3821\" aria-expanded=\"false\">\n\t\t\t\t\t\t\t\t\t\t\t\t<span class=\"elementor-toggle-icon elementor-toggle-icon-left\" aria-hidden=\"true\">\n\t\t\t\t\t\t\t\t\t\t\t\t\t\t\t<span class=\"elementor-toggle-icon-closed\"><i class=\"fas fa-caret-right\"><\/i><\/span>\n\t\t\t\t\t\t\t\t<span class=\"elementor-toggle-icon-opened\"><i class=\"elementor-toggle-icon-opened fas fa-caret-up\"><\/i><\/span>\n\t\t\t\t\t\t\t\t\t\t\t\t\t<\/span>\n\t\t\t\t\t\t\t\t\t\t\t\t<a class=\"elementor-toggle-title\" tabindex=\"0\">PROFESSIONAL EXPERIENCE<\/a>\n\t\t\t\t\t<\/h5>\n\n\t\t\t\t\t<div id=\"elementor-tab-content-3821\" class=\"elementor-tab-content elementor-clearfix\" data-tab=\"1\" role=\"region\" aria-labelledby=\"elementor-tab-title-3821\"><p><strong>FILMS<\/strong><br \/>\nEXODUS, DIOSES Y REYES Ridley Scott. Bit<br \/>\nIRA DE TITANES Jonathan Liebesman. Mantius<br \/>\nCAPIT\u00c1N TRUENO Antonio Hern\u00e1ndez. Soldado Al-Katara<br \/>\nEL GRAN MARCIANO Antonio Hern\u00e1ndez. Recepcionista.<br \/>\nSHACKY CARMINE Chema de la Pe\u00f1a. Periodista.<br \/>\nA TIRO LIMPIO Jes\u00fas Mora. Organizador Concierto.<\/p>\n<p><strong>TELEVISION<\/strong><br \/>\nLAS NOCHES DE TEF\u00cdA<br \/>\nGARC\u00cdA! HBO Conductor Hernando<br \/>\nHIERRO Movistar+ Abogado Jos\u00e9 Luis<br \/>\nEL \u00daLTIMO DRAG\u00d3N, el regreso de un guerrero Netflix.Vladimir<br \/>\nLA PILOTO 2 Telemundo. Sicario Ruso<br \/>\nLUIS MIGUEL LA SERIE Netflix\/Telemundo. Periodista.<br \/>\nPAP\u00c1ATODAMADRE Televisa.Administrativo.<br \/>\nLA ROSA DE GUADALUPE Televisa. Varios personajes.<br \/>\nEGYPTIAN VICE Wild Dream Films. King Djer<br \/>\nFUERA DE LUGAR TVE1. M\u00e9dico Sol.<br \/>\nPLANTA 25 Telemadrid. Periodista.<br \/>\nBRIGADA POLICIAL Globomedia. Traficante.<br \/>\nPOLIC\u00cdAS Globomedia. Chico gay.<br \/>\nCALLE NUEVA TVE1. Quico.<br \/>\nMENUDO ES MI PADRE Globomedia. Jaime.<br \/>\nMARAVILLAS 10 Y PICO Miram\u00f3n Mendi. Varios Personajes.<br \/>\nLA REVISTA Miram\u00f3n Mendi. Varios Personajes.<br \/>\nHERMANOS DE LECHE A3. Mensajero.<br \/>\nCANGUROS A3. Pijo<\/p>\n<p><strong>THEATRE<\/strong><br \/>\nOJOS DE OLA 2RC. Joaqu\u00edn.<br \/>\nDON JUAN TENORIO 2RC. Escultor.<br \/>\nA VUESTRO GUSTO Tamzin Towsend. Duque.<br \/>\nMAMMA M\u00cdA! Stage Entertainment. Swing<br \/>\nCABARET Stage Entertainment. Victor\/Max\/Bobby\/ Cover Cliff<br \/>\nMY FAIR LADY Stage Entertainment. Ensamble<br \/>\nWEST SIDE STORY Focus. Swing<br \/>\nHAPPY END Gregor Acu\u00f1a. Max<br \/>\nDON JUAN TENORIO Natalia Men\u00e9ndez. Avellaneda<br \/>\n3 MILLONES DESPECTADORES Yaiza Guimar\u00e9. Mon\u00f3logo.<br \/>\nLA LENGUA DEL DRAG\u00d3N Clapso. Radazul<br \/>\nLA NOCHE DE SABINA Quino Falero. Gerardo<br \/>\nLA ZAPATERA PRODIGIOSA Quino Falero. Mozo de la Faja.<br \/>\nCENICIENTA Lindsay Kemp Company. Soldado.<br \/>\nEL MERCADER DE VENECIA Jos\u00e9 Carlos Plaza. CDN.<br \/>\nDON JUAN \u00daLTIMO. Bob Wilson. CDN. Doble D. Juan.<br \/>\nPIPPI CALZASLARGAS JC. Campos. Varios personajes<br \/>\nLAS CIUDADES INVISIBLES Elena C\u00f3rdoba.<\/p>\n<p><strong>SHOWS<\/strong><br \/>\nLA VERBENA DE LA PALOMA Jos\u00e9 Luis Mass\u00f3. Sebasti\u00e1n.<br \/>\nPALOMA SAN BASILIO La M\u00fasica es mi Vida Tour. RLM. Coros.<br \/>\nDIE TOTE STADT Teatro Real. Actor de Movimiento.<br \/>\nCONCIERTO INEGALE Presentador.<br \/>\nSUE\u00d1O DE UNA NOCHE DE \u00c1NIMAS. Artifex. Varios Personajes<br \/>\nDE ESPA\u00d1A VENGO Artifex. Narrador.<br \/>\nUNA \u00d3PERA EN MI SAL\u00d3N Artifex. Narrador.<br \/>\nERNANI Teatro Real. Jos\u00e9 Carlos Plaza<br \/>\nDON QUIXOTE Teatro Real. Actor Movimiento.<br \/>\nLAS GOLONDRINAS Teatro Real. Jos\u00e9 Carlos Plaza.<br \/>\nSELENE Teatro de la Zarzuela. Jos\u00e9 Carlos Plaza.<br \/>\nOTELLO Teatro de la Zarzuela. Hugo de Ana.<br \/>\nRIGOLETTO Teatro de la Zarzuela. Pier Luigi Samaritani.<\/p>\n<p><strong>SHORTFILMS<\/strong><br \/>\nEL ELEFANTE DEL REY V\u00edctor Garc\u00eda Le\u00f3n. Camarero<br \/>\nEL GILIPOLLAS V\u00edctor Garc\u00eda Le\u00f3n. Bailar\u00edn.<\/p>\n<\/div>\n\t\t\t\t<\/div>\n\t\t\t\t\t\t\t<div class=\"elementor-toggle-item\">\n\t\t\t\t\t<h5 id=\"elementor-tab-title-3822\" class=\"elementor-tab-title\" data-tab=\"2\" role=\"button\" aria-controls=\"elementor-tab-content-3822\" aria-expanded=\"false\">\n\t\t\t\t\t\t\t\t\t\t\t\t<span class=\"elementor-toggle-icon elementor-toggle-icon-left\" aria-hidden=\"true\">\n\t\t\t\t\t\t\t\t\t\t\t\t\t\t\t<span class=\"elementor-toggle-icon-closed\"><i class=\"fas fa-caret-right\"><\/i><\/span>\n\t\t\t\t\t\t\t\t<span class=\"elementor-toggle-icon-opened\"><i class=\"elementor-toggle-icon-opened fas fa-caret-up\"><\/i><\/span>\n\t\t\t\t\t\t\t\t\t\t\t\t\t<\/span>\n\t\t\t\t\t\t\t\t\t\t\t\t<a class=\"elementor-toggle-title\" tabindex=\"0\">TRAINING<\/a>\n\t\t\t\t\t<\/h5>\n\n\t\t\t\t\t<div id=\"elementor-tab-content-3822\" class=\"elementor-tab-content elementor-clearfix\" data-tab=\"2\" role=\"region\" aria-labelledby=\"elementor-tab-title-3822\"><p>Scene training: Claudio Tolcachir, Timbre 4, Madrid 2021\/22<br \/>\nActing: Fernando Piernas, 2010<br \/>\nOn Camera Acting. La Central de Cine, Macarena Pombo. 2010<br \/>\nEnglish for Actors \u201cAtlantic Group\u201d, 1997 y 2011.<br \/>\nEnglish Intensive Toronto: Quest Languages Studies 2011, 12 weeks<br \/>\nCasting Preparation. La Central de Cine. Carmen Utrilla, 2010<br \/>\nCasting Preparation. La Central de Cine, Sara Bilbat\u00faa, 2010<br \/>\nStill Voice I &amp; II Voice Craft. Helen Rowson, Paul Farrington 2007<br \/>\nClassic Ballet and Contemporary in \u201cEscuela Carmen Roche\u201d, 2006<br \/>\nSinging Classes: Bea Alonso, Mar\u00eda Luisa Castellanos, Daniel Angl\u00e9s<br \/>\nMovement and Rithm: Mayuman\u00e1. 2002<br \/>\nOn Camera Acting: Paco Pino, Luis Gimeno, 1995<br \/>\nOn Camera Acting:Mariano Barroso, A\u00f1o 1995<br \/>\nBouffons. Philippe Gaulier, Sevilla. 1994<br \/>\nFlamenco: Mercedes Le\u00f3n, Jos\u00e9 de Udaeta. 1990\/94<br \/>\nMovement for Actors: Arnold Taraborrelli, a\u00f1os 1989\/2003<br \/>\nDrama T\u00e1ntara School Madrid 1987\/89<br \/>\nActing: Mart\u00edn Adjemi\u00e1n<br \/>\nVoice: Jes\u00fas Aladr\u00e9n<br \/>\nBody Language: Judith Wainer<br \/>\nActing Workshop Laboratorio William Layton 1998<br \/>\nActing: Antonio Valero.<br \/>\nImprovisation: Paco Vidal.<\/p>\n<p><strong>SKILLS<\/strong><br \/>\nSinging<br \/>\nDancing<br \/>\nDriving<br \/>\nGym<br \/>\nSwimming<br \/>\nBicycle<\/p>\n<\/div>\n\t\t\t\t<\/div>\n\t\t\t\t\t\t\t<div class=\"elementor-toggle-item\">\n\t\t\t\t\t<h5 id=\"elementor-tab-title-3823\" class=\"elementor-tab-title\" data-tab=\"3\" role=\"button\" aria-controls=\"elementor-tab-content-3823\" aria-expanded=\"false\">\n\t\t\t\t\t\t\t\t\t\t\t\t<span class=\"elementor-toggle-icon elementor-toggle-icon-left\" aria-hidden=\"true\">\n\t\t\t\t\t\t\t\t\t\t\t\t\t\t\t<span class=\"elementor-toggle-icon-closed\"><i class=\"fas fa-caret-right\"><\/i><\/span>\n\t\t\t\t\t\t\t\t<span class=\"elementor-toggle-icon-opened\"><i class=\"elementor-toggle-icon-opened fas fa-caret-up\"><\/i><\/span>\n\t\t\t\t\t\t\t\t\t\t\t\t\t<\/span>\n\t\t\t\t\t\t\t\t\t\t\t\t<a class=\"elementor-toggle-title\" tabindex=\"0\">LANGUAGES<\/a>\n\t\t\t\t\t<\/h5>\n\n\t\t\t\t\t<div id=\"elementor-tab-content-3823\" class=\"elementor-tab-content elementor-clearfix\" data-tab=\"3\" role=\"region\" aria-labelledby=\"elementor-tab-title-3823\"><p>English, High Level<br \/>\nLatin Accent<\/p>\n<\/div>\n\t\t\t\t<\/div>\n\t\t\t\t\t\t\t\t<\/div>\n\t\t\t\t\t\t<\/div>\n\t\t\t\t<\/div>\n\t\t\t\t<div class=\"elementor-element elementor-element-2caf8b7e elementor-align-center elementor-widget__width-inherit elementor-widget elementor-widget-button\" data-id=\"2caf8b7e\" data-element_type=\"widget\" data-e-type=\"widget\" data-widget_type=\"button.default\">\n\t\t\t\t<div class=\"elementor-widget-container\">\n\t\t\t\t\t\t\t\t\t<div class=\"elementor-button-wrapper\">\n\t\t\t\t\t<a class=\"elementor-button elementor-button-link elementor-size-sm elementor-animation-grow\" href=\"https:\/\/ruthfranco.com\/wp-content\/uploads\/2023\/01\/Alejandro-Naranjo-CV-EN.pdf\">\n\t\t\t\t\t\t<span class=\"elementor-button-content-wrapper\">\n\t\t\t\t\t\t<span class=\"elementor-button-icon\">\n\t\t\t\t<i aria-hidden=\"true\" class=\"fas fa-arrow-alt-circle-down\"><\/i>\t\t\t<\/span>\n\t\t\t\t\t\t\t\t\t<span class=\"elementor-button-text\">DOWNLOAD CV<\/span>\n\t\t\t\t\t<\/span>\n\t\t\t\t\t<\/a>\n\t\t\t\t<\/div>\n\t\t\t\t\t\t\t\t<\/div>\n\t\t\t\t<\/div>\n\t\t\t\t\t<\/div>\n\t\t<\/div>\n\t\t\t\t<div class=\"elementor-column elementor-col-50 elementor-top-column elementor-element elementor-element-49444d60 elementor-invisible\" data-id=\"49444d60\" data-element_type=\"column\" data-e-type=\"column\" data-settings=\"{&quot;animation&quot;:&quot;fadeInLeft&quot;}\">\n\t\t\t<div class=\"elementor-widget-wrap elementor-element-populated\">\n\t\t\t\t\t\t<div class=\"elementor-element elementor-element-4a9b29aa elementor-widget elementor-widget-heading\" data-id=\"4a9b29aa\" data-element_type=\"widget\" data-e-type=\"widget\" data-widget_type=\"heading.default\">\n\t\t\t\t<div class=\"elementor-widget-container\">\n\t\t\t\t\t<h4 class=\"elementor-heading-title elementor-size-default\">REEL<\/h4>\t\t\t\t<\/div>\n\t\t\t\t<\/div>\n\t\t\t\t<div class=\"elementor-element elementor-element-697a6c9e elementor-widget-divider--view-line elementor-widget elementor-widget-divider\" data-id=\"697a6c9e\" data-element_type=\"widget\" data-e-type=\"widget\" data-widget_type=\"divider.default\">\n\t\t\t\t<div class=\"elementor-widget-container\">\n\t\t\t\t\t\t\t<div class=\"elementor-divider\">\n\t\t\t<span class=\"elementor-divider-separator\">\n\t\t\t\t\t\t<\/span>\n\t\t<\/div>\n\t\t\t\t\t\t<\/div>\n\t\t\t\t<\/div>\n\t\t\t\t<div class=\"elementor-element elementor-element-74ff0d72 elementor-widget elementor-widget-video\" data-id=\"74ff0d72\" data-element_type=\"widget\" data-e-type=\"widget\" data-settings=\"{&quot;youtube_url&quot;:&quot;https:\\\/\\\/youtu.be\\\/dvUq9hiMdVE&quot;,&quot;video_type&quot;:&quot;youtube&quot;,&quot;controls&quot;:&quot;yes&quot;}\" data-widget_type=\"video.default\">\n\t\t\t\t<div class=\"elementor-widget-container\">\n\t\t\t\t\t\t\t<div class=\"elementor-wrapper elementor-open-inline\">\n\t\t\t<div class=\"elementor-video\"><\/div>\t\t<\/div>\n\t\t\t\t\t\t<\/div>\n\t\t\t\t<\/div>\n\t\t\t\t\t<\/div>\n\t\t<\/div>\n\t\t\t\t\t<\/div>\n\t\t<\/section>\n\t\t\t\t<\/div>\n\t\t","protected":false},"excerpt":{"rendered":"<p>Alejandro Naranjo Instagram IMDb INFORMATION PROFESSIONAL EXPERIENCE FILMS EXODUS, DIOSES Y REYES Ridley Scott. Bit IRA DE TITANES&#8230;<\/p>\n","protected":false},"author":1,"featured_media":53598,"parent":0,"menu_order":0,"comment_status":"closed","ping_status":"closed","template":"","meta":{"_acf_changed":false,"_seopress_robots_primary_cat":"","_seopress_titles_title":"%%post_title%% %%sep%% %%sitetitle%%","_seopress_titles_desc":"Alejandro Naranjo, actor with experience in cinema, television, theatre and shows. Some of his works are: \u2018LAS NOCHES DE TEF\u00cdA\u2019, \u2018GARC\u00cdA!\u2019... (+ info.)","_seopress_robots_index":"","footnotes":""},"categories":[109,138],"tags":[],"class_list":["post-53608","page","type-page","status-publish","has-post-thumbnail","hentry","category-canary-actors","category-canary-actors-bilingual-english"],"acf":[],"_links":{"self":[{"href":"https:\/\/ruthfranco.com\/en\/wp-json\/wp\/v2\/pages\/53608","targetHints":{"allow":["GET"]}}],"collection":[{"href":"https:\/\/ruthfranco.com\/en\/wp-json\/wp\/v2\/pages"}],"about":[{"href":"https:\/\/ruthfranco.com\/en\/wp-json\/wp\/v2\/types\/page"}],"author":[{"embeddable":true,"href":"https:\/\/ruthfranco.com\/en\/wp-json\/wp\/v2\/users\/1"}],"replies":[{"embeddable":true,"href":"https:\/\/ruthfranco.com\/en\/wp-json\/wp\/v2\/comments?post=53608"}],"version-history":[{"count":4,"href":"https:\/\/ruthfranco.com\/en\/wp-json\/wp\/v2\/pages\/53608\/revisions"}],"predecessor-version":[{"id":66641,"href":"https:\/\/ruthfranco.com\/en\/wp-json\/wp\/v2\/pages\/53608\/revisions\/66641"}],"wp:featuredmedia":[{"embeddable":true,"href":"https:\/\/ruthfranco.com\/en\/wp-json\/wp\/v2\/media\/53598"}],"wp:attachment":[{"href":"https:\/\/ruthfranco.com\/en\/wp-json\/wp\/v2\/media?parent=53608"}],"wp:term":[{"taxonomy":"category","embeddable":true,"href":"https:\/\/ruthfranco.com\/en\/wp-json\/wp\/v2\/categories?post=53608"},{"taxonomy":"post_tag","embeddable":true,"href":"https:\/\/ruthfranco.com\/en\/wp-json\/wp\/v2\/tags?post=53608"}],"curies":[{"name":"wp","href":"https:\/\/api.w.org\/{rel}","templated":true}]}}