{"id":51867,"date":"2022-08-11T16:50:04","date_gmt":"2022-08-11T15:50:04","guid":{"rendered":"https:\/\/ruthfranco.com\/adria-collado\/"},"modified":"2025-08-18T14:22:13","modified_gmt":"2025-08-18T12:22:13","slug":"adria-collado","status":"publish","type":"page","link":"https:\/\/ruthfranco.com\/en\/adria-collado\/","title":{"rendered":"Adri\u00e0 Collado"},"content":{"rendered":"\t\t<div data-elementor-type=\"wp-page\" data-elementor-id=\"51867\" class=\"elementor elementor-51867 elementor-50990\" data-elementor-post-type=\"page\">\n\t\t\t\t\t\t<section class=\"elementor-section elementor-top-section elementor-element elementor-element-549ea94b elementor-section-full_width elementor-section-height-default elementor-section-height-default neuron-fixed-no\" data-id=\"549ea94b\" data-element_type=\"section\" data-e-type=\"section\">\n\t\t\t\t\t\t<div class=\"elementor-container elementor-column-gap-no\">\n\t\t\t\t\t<div class=\"elementor-column elementor-col-100 elementor-top-column elementor-element elementor-element-46e88659\" data-id=\"46e88659\" data-element_type=\"column\" data-e-type=\"column\">\n\t\t\t<div class=\"elementor-widget-wrap elementor-element-populated\">\n\t\t\t\t\t\t<div class=\"elementor-element elementor-element-4673bcdb elementor-invisible elementor-widget elementor-widget-neuron-media-gallery\" data-id=\"4673bcdb\" data-element_type=\"widget\" data-e-type=\"widget\" data-settings=\"{&quot;_animation&quot;:&quot;fadeInLeft&quot;}\" data-widget_type=\"neuron-media-gallery.default\">\n\t\t\t\t<div class=\"elementor-widget-container\">\n\t\t\t\t\t\t\t<div class=\"l-posts-wrapper l-filters-holder l-posts-wrapper--meta-inside\" data-posts=\"4673bcdb\">\r\n\t\t\t\t\t\t<div class=\"m-media-gallery m-media-gallery--meta-inside   \">\r\n\t\t\t\t<div class=\"owl-carousel owl-theme\" id=\"b272c88832b110107f471740808e5041\" data-animation=\"h-fadeInLeftNeuron\" data-wow=\"yes\">\r\n                    <div class=\"m-media-gallery__item wow intro-animation \" >\r\n            <div class=\"o-neuron-hover o-neuron-hover--meta-inside o-neuron-hover--scale\">\r\n    <div class=\"o-neuron-hover-holder\">\r\n        <div class=\"o-neuron-hover-holder__header\">\r\n            <div class=\"o-neuron-hover-holder__header__media\">\r\n                <div class=\"h-calculated-image\" style=\"padding-bottom: 133.333333% !important;\"><img fetchpriority=\"high\" decoding=\"async\" width=\"600\" height=\"800\" src=\"https:\/\/ruthfranco.com\/wp-content\/uploads\/2022\/04\/Adria-Collado-6.jpg\" class=\"attachment-large size-large\" alt=\"Adri\u00e1 Collado actor\" srcset=\"https:\/\/ruthfranco.com\/wp-content\/uploads\/2022\/04\/Adria-Collado-6.jpg 600w, https:\/\/ruthfranco.com\/wp-content\/uploads\/2022\/04\/Adria-Collado-6-225x300.jpg 225w\" sizes=\"(max-width: 600px) 100vw, 600px\" \/><\/div>            <\/div>\r\n                            <div class=\"o-neuron-hover-holder__header__overlay\"><\/div>\r\n                    <\/div>\r\n        <div class=\"o-neuron-hover-holder__body d-flex justify-content-center align-items-center\">\r\n            <div class=\"o-neuron-hover-holder__body__inner\">\r\n                                            <\/div>\r\n        <\/div>\r\n    <\/div>\r\n<\/div>\r\n        <\/div>\r\n                    <div class=\"m-media-gallery__item wow intro-animation \" data-wow-delay=0.2s>\r\n            <div class=\"o-neuron-hover o-neuron-hover--meta-inside o-neuron-hover--scale\">\r\n    <div class=\"o-neuron-hover-holder\">\r\n        <div class=\"o-neuron-hover-holder__header\">\r\n            <div class=\"o-neuron-hover-holder__header__media\">\r\n                <div class=\"h-calculated-image\" style=\"padding-bottom: 133.333333% !important;\"><img decoding=\"async\" width=\"600\" height=\"800\" src=\"https:\/\/ruthfranco.com\/wp-content\/uploads\/2022\/04\/Adria-Collado-4.jpg\" class=\"attachment-large size-large\" alt=\"Adri\u00e1 Collado actor\" srcset=\"https:\/\/ruthfranco.com\/wp-content\/uploads\/2022\/04\/Adria-Collado-4.jpg 600w, https:\/\/ruthfranco.com\/wp-content\/uploads\/2022\/04\/Adria-Collado-4-225x300.jpg 225w\" sizes=\"(max-width: 600px) 100vw, 600px\" \/><\/div>            <\/div>\r\n                            <div class=\"o-neuron-hover-holder__header__overlay\"><\/div>\r\n                    <\/div>\r\n        <div class=\"o-neuron-hover-holder__body d-flex justify-content-center align-items-center\">\r\n            <div class=\"o-neuron-hover-holder__body__inner\">\r\n                                            <\/div>\r\n        <\/div>\r\n    <\/div>\r\n<\/div>\r\n        <\/div>\r\n                    <div class=\"m-media-gallery__item wow intro-animation \" data-wow-delay=0.4s>\r\n            <div class=\"o-neuron-hover o-neuron-hover--meta-inside o-neuron-hover--scale\">\r\n    <div class=\"o-neuron-hover-holder\">\r\n        <div class=\"o-neuron-hover-holder__header\">\r\n            <div class=\"o-neuron-hover-holder__header__media\">\r\n                <div class=\"h-calculated-image\" style=\"padding-bottom: 133.333333% !important;\"><img decoding=\"async\" width=\"600\" height=\"800\" src=\"https:\/\/ruthfranco.com\/wp-content\/uploads\/2022\/04\/Adria-Collado-5.jpg\" class=\"attachment-large size-large\" alt=\"Adri\u00e1 Collado actor\" srcset=\"https:\/\/ruthfranco.com\/wp-content\/uploads\/2022\/04\/Adria-Collado-5.jpg 600w, https:\/\/ruthfranco.com\/wp-content\/uploads\/2022\/04\/Adria-Collado-5-225x300.jpg 225w\" sizes=\"(max-width: 600px) 100vw, 600px\" \/><\/div>            <\/div>\r\n                            <div class=\"o-neuron-hover-holder__header__overlay\"><\/div>\r\n                    <\/div>\r\n        <div class=\"o-neuron-hover-holder__body d-flex justify-content-center align-items-center\">\r\n            <div class=\"o-neuron-hover-holder__body__inner\">\r\n                                            <\/div>\r\n        <\/div>\r\n    <\/div>\r\n<\/div>\r\n        <\/div>\r\n    <\/div>\r\n<script type=\"text\/javascript\">\r\n    jQuery(function ($) {\r\n        var owl = $('#b272c88832b110107f471740808e5041');\r\n\r\n        owl.owlCarousel({\r\n            items: 1,\r\n            margin: 10,\r\n            autoHeight: false,\r\n            loop: false,\r\n            mouseDrag: true,\r\n            touchDrag: true,\r\n            stagePadding: 0,\r\n            startPosition: 0,\r\n            nav: true,\r\n            navText: [\r\n                '<svg xmlns=\"http:\/\/www.w3.org\/2000\/svg\" width=\"22\" height=\"22\" viewBox=\"0 0 24 24\" fill=\"none\" stroke=\"currentColor\" stroke-width=\"2\" stroke-linecap=\"round\" stroke-linejoin=\"round\" class=\"feather feather-arrow-left\"><line x1=\"19\" y1=\"12\" x2=\"5\" y2=\"12\"><\/line><polyline points=\"12 19 5 12 12 5\"><\/polyline><\/svg>',\r\n                '<svg xmlns=\"http:\/\/www.w3.org\/2000\/svg\" width=\"22\" height=\"22\" viewBox=\"0 0 24 24\" fill=\"none\" stroke=\"currentColor\" stroke-width=\"2\" stroke-linecap=\"round\" stroke-linejoin=\"round\" class=\"feather feather-arrow-right\"><line x1=\"5\" y1=\"12\" x2=\"19\" y2=\"12\"><\/line><polyline points=\"12 5 19 12 12 19\"><\/polyline><\/svg>'\r\n            ],\r\n            dots: true,\r\n            autoplay: false,\r\n            autoplayTimeout: 2000,\r\n            autoplayHoverPause: false,\r\n            smartSpeed: 450,\r\n            responsive:{\r\n                768:{\r\n                    items: 2,\r\n                    margin: 5,\r\n                    stagePadding: 0                },\r\n                992:{\r\n                    items: 3,\r\n                    margin: 10,\r\n                    stagePadding: 0                }\r\n            }\r\n        });\r\n    });\r\n<\/script>\t\t\t<\/div>\r\n        <\/div>\r\n        \t\t\t\t<\/div>\n\t\t\t\t<\/div>\n\t\t\t\t\t<\/div>\n\t\t<\/div>\n\t\t\t\t\t<\/div>\n\t\t<\/section>\n\t\t\t\t<section class=\"elementor-section elementor-top-section elementor-element elementor-element-6297deeb elementor-section-full_width elementor-section-height-default elementor-section-height-default neuron-fixed-no\" data-id=\"6297deeb\" data-element_type=\"section\" data-e-type=\"section\">\n\t\t\t\t\t\t<div class=\"elementor-container elementor-column-gap-default\">\n\t\t\t\t\t<div class=\"elementor-column elementor-col-100 elementor-top-column elementor-element elementor-element-98608d2\" data-id=\"98608d2\" data-element_type=\"column\" data-e-type=\"column\">\n\t\t\t<div class=\"elementor-widget-wrap elementor-element-populated\">\n\t\t\t\t\t\t<div class=\"elementor-element elementor-element-338247d4 elementor-widget elementor-widget-text-editor\" data-id=\"338247d4\" data-element_type=\"widget\" data-e-type=\"widget\" data-widget_type=\"text-editor.default\">\n\t\t\t\t<div class=\"elementor-widget-container\">\n\t\t\t\t\t\t\t\t\t<h2>Adri\u00e0 Collado<\/h2>\n\t\t\t\t\t\t\t\t<\/div>\n\t\t\t\t<\/div>\n\t\t\t\t\t<\/div>\n\t\t<\/div>\n\t\t\t\t\t<\/div>\n\t\t<\/section>\n\t\t\t\t<section class=\"elementor-section elementor-top-section elementor-element elementor-element-4fec0c6b elementor-section-boxed elementor-section-height-default elementor-section-height-default neuron-fixed-no\" data-id=\"4fec0c6b\" data-element_type=\"section\" data-e-type=\"section\">\n\t\t\t\t\t\t<div class=\"elementor-container elementor-column-gap-no\">\n\t\t\t\t\t<div class=\"elementor-column elementor-col-100 elementor-top-column elementor-element elementor-element-22a25ac3\" data-id=\"22a25ac3\" data-element_type=\"column\" data-e-type=\"column\">\n\t\t\t<div class=\"elementor-widget-wrap elementor-element-populated\">\n\t\t\t\t\t\t<div class=\"elementor-element elementor-element-792a56f3 e-grid-align-mobile-center e-grid-align-tablet-center elementor-shape-rounded elementor-grid-0 e-grid-align-center elementor-widget elementor-widget-social-icons\" data-id=\"792a56f3\" data-element_type=\"widget\" data-e-type=\"widget\" data-widget_type=\"social-icons.default\">\n\t\t\t\t<div class=\"elementor-widget-container\">\n\t\t\t\t\t\t\t<div class=\"elementor-social-icons-wrapper elementor-grid\" role=\"list\">\n\t\t\t\t\t\t\t<span class=\"elementor-grid-item\" role=\"listitem\">\n\t\t\t\t\t<a class=\"elementor-icon elementor-social-icon elementor-social-icon-instagram elementor-animation-shrink elementor-repeater-item-8040492\" href=\"https:\/\/www.instagram.com\/adria_collado\/\" target=\"_blank\">\n\t\t\t\t\t\t<span class=\"elementor-screen-only\">Instagram<\/span>\n\t\t\t\t\t\t<i aria-hidden=\"true\" class=\"fab fa-instagram\"><\/i>\t\t\t\t\t<\/a>\n\t\t\t\t<\/span>\n\t\t\t\t\t\t\t<span class=\"elementor-grid-item\" role=\"listitem\">\n\t\t\t\t\t<a class=\"elementor-icon elementor-social-icon elementor-social-icon-x-twitter elementor-animation-shrink elementor-repeater-item-9e6d39d\" href=\"https:\/\/twitter.com\/adriacollado\" target=\"_blank\">\n\t\t\t\t\t\t<span class=\"elementor-screen-only\">X-twitter<\/span>\n\t\t\t\t\t\t<i aria-hidden=\"true\" class=\"fab fa-x-twitter\"><\/i>\t\t\t\t\t<\/a>\n\t\t\t\t<\/span>\n\t\t\t\t\t<\/div>\n\t\t\t\t\t\t<\/div>\n\t\t\t\t<\/div>\n\t\t\t\t\t<\/div>\n\t\t<\/div>\n\t\t\t\t\t<\/div>\n\t\t<\/section>\n\t\t\t\t<section class=\"elementor-section elementor-top-section elementor-element elementor-element-357b8ab3 elementor-section-full_width elementor-section-content-middle elementor-section-height-default elementor-section-height-default neuron-fixed-no\" data-id=\"357b8ab3\" data-element_type=\"section\" data-e-type=\"section\">\n\t\t\t\t\t\t<div class=\"elementor-container elementor-column-gap-extended\">\n\t\t\t\t\t<div class=\"elementor-column elementor-col-100 elementor-top-column elementor-element elementor-element-43d00fb6\" data-id=\"43d00fb6\" data-element_type=\"column\" data-e-type=\"column\">\n\t\t\t<div class=\"elementor-widget-wrap elementor-element-populated\">\n\t\t\t\t\t\t<div class=\"elementor-element elementor-element-449533e3 elementor-button-warning elementor-align-justify elementor-widget elementor-widget-button\" data-id=\"449533e3\" data-element_type=\"widget\" data-e-type=\"widget\" data-widget_type=\"button.default\">\n\t\t\t\t<div class=\"elementor-widget-container\">\n\t\t\t\t\t\t\t\t\t<div class=\"elementor-button-wrapper\">\n\t\t\t\t\t<a class=\"elementor-button elementor-button-link elementor-size-md elementor-animation-grow\" href=\"https:\/\/www.imdb.com\/es-es\/name\/nm0171630\/\" target=\"_blank\">\n\t\t\t\t\t\t<span class=\"elementor-button-content-wrapper\">\n\t\t\t\t\t\t\t\t\t<span class=\"elementor-button-text\"><strong>IMDb<\/strong><\/span>\n\t\t\t\t\t<\/span>\n\t\t\t\t\t<\/a>\n\t\t\t\t<\/div>\n\t\t\t\t\t\t\t\t<\/div>\n\t\t\t\t<\/div>\n\t\t\t\t\t<\/div>\n\t\t<\/div>\n\t\t\t\t\t<\/div>\n\t\t<\/section>\n\t\t\t\t<section class=\"elementor-section elementor-top-section elementor-element elementor-element-646a7de9 elementor-section-boxed elementor-section-height-default elementor-section-height-default neuron-fixed-no\" data-id=\"646a7de9\" data-element_type=\"section\" data-e-type=\"section\">\n\t\t\t\t\t\t<div class=\"elementor-container elementor-column-gap-extended\">\n\t\t\t\t\t<div class=\"elementor-column elementor-col-50 elementor-top-column elementor-element elementor-element-4b2bf0ae\" data-id=\"4b2bf0ae\" data-element_type=\"column\" data-e-type=\"column\">\n\t\t\t<div class=\"elementor-widget-wrap elementor-element-populated\">\n\t\t\t\t\t\t<div class=\"elementor-element elementor-element-fbae5bc elementor-widget elementor-widget-heading\" data-id=\"fbae5bc\" data-element_type=\"widget\" data-e-type=\"widget\" data-widget_type=\"heading.default\">\n\t\t\t\t<div class=\"elementor-widget-container\">\n\t\t\t\t\t<h4 class=\"elementor-heading-title elementor-size-default\">INFORMATION<\/h4>\t\t\t\t<\/div>\n\t\t\t\t<\/div>\n\t\t\t\t<div class=\"elementor-element elementor-element-111fb037 elementor-widget-divider--view-line elementor-widget elementor-widget-divider\" data-id=\"111fb037\" data-element_type=\"widget\" data-e-type=\"widget\" data-widget_type=\"divider.default\">\n\t\t\t\t<div class=\"elementor-widget-container\">\n\t\t\t\t\t\t\t<div class=\"elementor-divider\">\n\t\t\t<span class=\"elementor-divider-separator\">\n\t\t\t\t\t\t<\/span>\n\t\t<\/div>\n\t\t\t\t\t\t<\/div>\n\t\t\t\t<\/div>\n\t\t\t\t<div class=\"elementor-element elementor-element-42eb67f9 elementor-invisible elementor-widget elementor-widget-toggle\" data-id=\"42eb67f9\" data-element_type=\"widget\" data-e-type=\"widget\" data-settings=\"{&quot;_animation&quot;:&quot;fadeInRight&quot;}\" data-widget_type=\"toggle.default\">\n\t\t\t\t<div class=\"elementor-widget-container\">\n\t\t\t\t\t\t\t<div class=\"elementor-toggle\">\n\t\t\t\t\t\t\t<div class=\"elementor-toggle-item\">\n\t\t\t\t\t<h5 id=\"elementor-tab-title-1121\" class=\"elementor-tab-title\" data-tab=\"1\" role=\"button\" aria-controls=\"elementor-tab-content-1121\" aria-expanded=\"false\">\n\t\t\t\t\t\t\t\t\t\t\t\t<span class=\"elementor-toggle-icon elementor-toggle-icon-left\" aria-hidden=\"true\">\n\t\t\t\t\t\t\t\t\t\t\t\t\t\t\t<span class=\"elementor-toggle-icon-closed\"><i class=\"fas fa-caret-right\"><\/i><\/span>\n\t\t\t\t\t\t\t\t<span class=\"elementor-toggle-icon-opened\"><i class=\"elementor-toggle-icon-opened fas fa-caret-up\"><\/i><\/span>\n\t\t\t\t\t\t\t\t\t\t\t\t\t<\/span>\n\t\t\t\t\t\t\t\t\t\t\t\t<a class=\"elementor-toggle-title\" tabindex=\"0\">PROFESSIONAL EXPERIENCE<\/a>\n\t\t\t\t\t<\/h5>\n\n\t\t\t\t\t<div id=\"elementor-tab-content-1121\" class=\"elementor-tab-content elementor-clearfix\" data-tab=\"1\" role=\"region\" aria-labelledby=\"elementor-tab-title-1121\"><p><strong>FILMS<\/strong><br \/>\n\u201cEL FRED QUE CREMA\u201d. Dir. Santi Trullenque. 2022<br \/>\n\u201cEL CLUB DE PARO\u201d. Dir. David Marqu\u00e9s. 2021<br \/>\n\u201cDONDE CABEN DOS\u201d. Dir. Paco Caballero. 2020<br \/>\n\u201cFRED\u201d. Dir. Santi Trullenque. 2020<br \/>\n\u201cSIN ORIGEN\u201d. Duro de Filmar. 2017<br \/>\n\u201cKM 31-2\u201d. Director: Nu\u00f1o Alc\u00e1zar 2014.<br \/>\n\u201cPERDONA SI TE LLAMO AMOR\u201d. 2014<br \/>\n\u201cDOS A LA CARTA\u201d. 2014<br \/>\n\u201cDESECHOS\u201d 2010<br \/>\n\u201cMAGIC JOURNEY TO AFRICA\u201d. 2010<br \/>\n\u201cSUSPICIOUS MINDS\u201d. 2010<br \/>\n\u201cTHE ANARCHIST&#8217;S WIFE\u201d. 2008<br \/>\n\u201cPROYECTO DOS\u201d. 2008<br \/>\n\u201cTODO EST\u00c1 EN EL AIRE\u201d. 2006<br \/>\n\u201cEL S\u00cdNDROME DE SVENSSON\u2013 EL HOMBRE CARISM\u00c1TICO\u201d. 2006<br \/>\n\u201cKM 31: KIL\u00d3METRO 31\u201d. 2006<br \/>\n\u201cAISLADOS\u201d. 2005<br \/>\n\u201cLA MIRADA VIOLETA\u201d. 2004<br \/>\n\u201cC\u00c1MARA OSCURA\u201d. 2003<br \/>\n\u201cBLOODY MALLORY\u201d. Director: P\u00e8re Carras. 2002<br \/>\n\u201cFUMATA BLANCA\u201d. 2002<br \/>\n\u201cEL SUE\u00d1O DE IBIZA\u201d. 2002<br \/>\n\u201cBU\u00d1UEL Y LA MESA DEL REY SALOM\u00d3N\u201d. Federico Garc\u00eda Lorca. 2001<br \/>\n\u201cEL ARTE DE MORIR\u201d. 2000<br \/>\n\u201cI WILL SURVIVE\u201d. 1999<br \/>\n\u201cEL CORAZ\u00d3N DEL GUERRERO\u201d. Adolfo del Pozo. 1999<br \/>\n\u201cPOURQUOI PAS MOI?\u201d. 1999<br \/>\n\u201cMENSAKA\u201d. 1998<br \/>\n\u201cAT\u00d3MICA\u201d. 1998<br \/>\n\u201cEVITA\u201d.1996<br \/>\n\u201cESTOCOLMO\u201d. Shortfilm.1996<br \/>\n\u201cPAREJA DE TRES\u201d. 1995<br \/>\n\u201cEL PERQU\u00c8 DE TOT PLEGAT\u201d. 1995<br \/>\n\u201cNEXO\u201d. 1995<br \/>\n\u201cTRANSE\u00daNTES\u201d 1994<\/p>\n<p><strong>TELEVISION<\/strong><br \/>\n\u201cLA QUE SE AVECINA\u201d. Seasons 1, 2, 6 and 15. Mediaset. 2007\u20132013 and 2024<br \/>\n\u201cCOM SI FOS AHIR\u201d. TV3. Temporada 8. 2024.<br \/>\n\u201cCU\u00c9NTAME C\u00d3MO PAS\u00d3\u201d. Tve. 2021-2022<br \/>\n\u201cMADRES\u201d Season 2. Amazon 2021<br \/>\n\u201cDIARIOS DE CUARENTENA\u201d. TVE. 2020<br \/>\n\u201cEL QUEMAO\u201d. Teaser. Dir. Francisco Marrero. 2019<br \/>\n\u201cAMAR ES PARA SIEMPRE\u201d. Season 8. Antena3. 2019<br \/>\n\u201cATRAPA A UN LADR\u00d3N\u201d. Mediapro. 2018<br \/>\n\u201cBRIGADA COSTA DEL SOL\u201d. Warner Bros. 2018<br \/>\n\u201cSERVIR Y PROTEGER\u201d. TVE. Plano a Plano. 2018<br \/>\n\u201cSABUESOS\u201d. Plano a Plano 2017. TVE<br \/>\n\u201cSI FUERAS T\u00da\u201d. Webserie. Atomis Media. RTVE. 2017.<br \/>\n\u201cLA RIERA\u201d. Tv3. 2014-2017<br \/>\n\u201cEL CRAC\u201d. Tv3. 2016<br \/>\n\u201cCENIZAS\u201d. (TV Movie). 2013<br \/>\n\u201cGAVILANES\u201d. 2010\u20132011<br \/>\n\u201cCUESTI\u00d3N DE SEXO\u201d. 2009-10<br \/>\n\u201cPEL\u00cdCULAS PARA NO DORMIR: PARA ENTRAR A VIVIR\u201d. 2006<br \/>\n\u201cAQU\u00cd NO HAY QUIEN VIVA\u201d. 2003\u20132006<br \/>\n\u201cPROJECTE CASSANDRA\u201d (TV Movie). 2005<br \/>\n\u201cDES DEL BALC\u00d3\u201d. 2001\u20132002<br \/>\n\u201cANDORRA. ENTRE EL TORB I LA GESTAPOANDORRA. (TV Mini-series). 2000<br \/>\n\u201cLA MEM\u00d2RIA DELS CARGOLS\u201d. 1999<br \/>\n\u201cHERMANAS\u201d. 1998<br \/>\n\u201cEL JOC DE VIURE\u201d. 1997<br \/>\n\u201cUN AMOR CLAR-OBSCUR\u201d. 1996<br \/>\n\u201cOH, ESPANYA!\u201d1996<br \/>\n\u201cESTACI\u00d3 D&#8217;ENLLA\u00c7\u201d. 1995\u20131996) 1995\u20131996<br \/>\n\u201cMAKINAVAJA\u201d. 1995<br \/>\n\u201cJOC DE ROL\u201d. 1995<br \/>\n\u201cPOBLE NOU\u201d. 1994<br \/>\n\u201cLA SAGA DE LOS CLARK\u201d. 1997<br \/>\n\u201c8 AL DIA\u201d. 2013<br \/>\n\u201cVERSI\u00d3N ESPA\u00d1OLA\u201d. 2012<br \/>\n\u201cP\u00c1GINA 2\u201d. 2010<br \/>\n\u201cDIVENDRES\u201d. 2010<br \/>\n\u201c53 PREMIS SANT JORDI DE CINEMATOGRAFIA\u201d. 2009<br \/>\n\u201cVACANCES PAGADES\u201d. 2008<br \/>\n\u201cLA TARDALA TARDA\u201d. 2006\u20132008<br \/>\n\u201cNOCHE HACHE\u201d. 2008<br \/>\n\u201cLA NIT EN DIRECTE\u201d. 2006<br \/>\n\u201cSENYORES I SENYORS\u201d.2004\u20132006<br \/>\n\u201cCHANNEL N\u00ba 4\u201d. 2006<br \/>\n\u201cBETR\u00d2POLIS\u201d. 2005<br \/>\n\u201cTR3S\u201d. 2005<br \/>\n\u201cMAGACINE\u201d. 2005<br \/>\n\u201cSILENCI\u201d. 2002<br \/>\n\u201cCONTINUAR\u00c0\u201d. 1998<\/p>\n<p><strong>SHORTFILMS<\/strong><br \/>\n\u201cCRIMINAL GO 2059\u201d. Shortfilm Cinerg\u00eda. El Terrat de Produccions. 2017<br \/>\n\u201cELISA GUZM\u00c1N\u201d. Shortfilm. 2004<br \/>\n\u201cCOMARCAL 130\u201d. Shortfilm. 2003<br \/>\n\u201cYA PRONTO HAR\u00c1 FR\u00cdO\u201d. Shortfilm.1999<br \/>\n\u201cVIAJE A LA LUNA\u201d. Shortfilm. 1998<\/p>\n<p><strong>OTHERS<\/strong><br \/>\nSpot \u201cLas peque\u00f1as cosas\u201d. Dir. Alberto Rodr\u00edguez. 2016<\/p>\n<\/div>\n\t\t\t\t<\/div>\n\t\t\t\t\t\t\t<div class=\"elementor-toggle-item\">\n\t\t\t\t\t<h5 id=\"elementor-tab-title-1122\" class=\"elementor-tab-title\" data-tab=\"2\" role=\"button\" aria-controls=\"elementor-tab-content-1122\" aria-expanded=\"false\">\n\t\t\t\t\t\t\t\t\t\t\t\t<span class=\"elementor-toggle-icon elementor-toggle-icon-left\" aria-hidden=\"true\">\n\t\t\t\t\t\t\t\t\t\t\t\t\t\t\t<span class=\"elementor-toggle-icon-closed\"><i class=\"fas fa-caret-right\"><\/i><\/span>\n\t\t\t\t\t\t\t\t<span class=\"elementor-toggle-icon-opened\"><i class=\"elementor-toggle-icon-opened fas fa-caret-up\"><\/i><\/span>\n\t\t\t\t\t\t\t\t\t\t\t\t\t<\/span>\n\t\t\t\t\t\t\t\t\t\t\t\t<a class=\"elementor-toggle-title\" tabindex=\"0\">LANGUAGES<\/a>\n\t\t\t\t\t<\/h5>\n\n\t\t\t\t\t<div id=\"elementor-tab-content-1122\" class=\"elementor-tab-content elementor-clearfix\" data-tab=\"2\" role=\"region\" aria-labelledby=\"elementor-tab-title-1122\"><p>SpanishCatalanEnglish<\/p>\n<\/div>\n\t\t\t\t<\/div>\n\t\t\t\t\t\t\t\t<\/div>\n\t\t\t\t\t\t<\/div>\n\t\t\t\t<\/div>\n\t\t\t\t<div class=\"elementor-element elementor-element-3c62d9b2 elementor-align-center elementor-widget__width-inherit elementor-widget elementor-widget-button\" data-id=\"3c62d9b2\" data-element_type=\"widget\" data-e-type=\"widget\" data-widget_type=\"button.default\">\n\t\t\t\t<div class=\"elementor-widget-container\">\n\t\t\t\t\t\t\t\t\t<div class=\"elementor-button-wrapper\">\n\t\t\t\t\t<a class=\"elementor-button elementor-button-link elementor-size-sm elementor-animation-grow\" href=\"https:\/\/ruthfranco.com\/wp-content\/uploads\/2025\/08\/Adria-Collado-CV-EN.pdf\">\n\t\t\t\t\t\t<span class=\"elementor-button-content-wrapper\">\n\t\t\t\t\t\t<span class=\"elementor-button-icon\">\n\t\t\t\t<i aria-hidden=\"true\" class=\"fas fa-arrow-alt-circle-down\"><\/i>\t\t\t<\/span>\n\t\t\t\t\t\t\t\t\t<span class=\"elementor-button-text\">DOWNLOAD CV<\/span>\n\t\t\t\t\t<\/span>\n\t\t\t\t\t<\/a>\n\t\t\t\t<\/div>\n\t\t\t\t\t\t\t\t<\/div>\n\t\t\t\t<\/div>\n\t\t\t\t\t<\/div>\n\t\t<\/div>\n\t\t\t\t<div class=\"elementor-column elementor-col-50 elementor-top-column elementor-element elementor-element-725b91a5 elementor-invisible\" data-id=\"725b91a5\" data-element_type=\"column\" data-e-type=\"column\" data-settings=\"{&quot;animation&quot;:&quot;fadeInLeft&quot;}\">\n\t\t\t<div class=\"elementor-widget-wrap elementor-element-populated\">\n\t\t\t\t\t\t<div class=\"elementor-element elementor-element-1266a9e0 elementor-widget elementor-widget-heading\" data-id=\"1266a9e0\" data-element_type=\"widget\" data-e-type=\"widget\" data-widget_type=\"heading.default\">\n\t\t\t\t<div class=\"elementor-widget-container\">\n\t\t\t\t\t<h4 class=\"elementor-heading-title elementor-size-default\">VIDEOBOOK<\/h4>\t\t\t\t<\/div>\n\t\t\t\t<\/div>\n\t\t\t\t<div class=\"elementor-element elementor-element-67f242cb elementor-widget-divider--view-line elementor-widget elementor-widget-divider\" data-id=\"67f242cb\" data-element_type=\"widget\" data-e-type=\"widget\" data-widget_type=\"divider.default\">\n\t\t\t\t<div class=\"elementor-widget-container\">\n\t\t\t\t\t\t\t<div class=\"elementor-divider\">\n\t\t\t<span class=\"elementor-divider-separator\">\n\t\t\t\t\t\t<\/span>\n\t\t<\/div>\n\t\t\t\t\t\t<\/div>\n\t\t\t\t<\/div>\n\t\t\t\t<div class=\"elementor-element elementor-element-7f98f3a5 elementor-widget elementor-widget-video\" data-id=\"7f98f3a5\" data-element_type=\"widget\" data-e-type=\"widget\" data-settings=\"{&quot;video_type&quot;:&quot;vimeo&quot;}\" data-widget_type=\"video.default\">\n\t\t\t\t<div class=\"elementor-widget-container\">\n\t\t\t\t\t\t\t<div class=\"elementor-wrapper elementor-open-inline\">\n\t\t\t<iframe class=\"elementor-video-iframe\" allowfullscreen allow=\"clipboard-write\" title=\"vimeo Video Player\" src=\"https:\/\/player.vimeo.com\/video\/768021455?color&amp;autopause=0&amp;loop=0&amp;muted=0&amp;title=0&amp;portrait=0&amp;byline=0#t=\"><\/iframe>\t\t<\/div>\n\t\t\t\t\t\t<\/div>\n\t\t\t\t<\/div>\n\t\t\t\t\t<\/div>\n\t\t<\/div>\n\t\t\t\t\t<\/div>\n\t\t<\/section>\n\t\t\t\t<section class=\"elementor-section elementor-top-section elementor-element elementor-element-1a9faae6 elementor-section-boxed elementor-section-height-default elementor-section-height-default neuron-fixed-no\" data-id=\"1a9faae6\" data-element_type=\"section\" data-e-type=\"section\">\n\t\t\t\t\t\t<div class=\"elementor-container elementor-column-gap-default\">\n\t\t\t\t\t<div class=\"elementor-column elementor-col-100 elementor-top-column elementor-element elementor-element-2af638d3\" data-id=\"2af638d3\" data-element_type=\"column\" data-e-type=\"column\">\n\t\t\t<div class=\"elementor-widget-wrap elementor-element-populated\">\n\t\t\t\t\t\t<div class=\"elementor-element elementor-element-4ee06a8b elementor-widget elementor-widget-spacer\" data-id=\"4ee06a8b\" data-element_type=\"widget\" data-e-type=\"widget\" data-widget_type=\"spacer.default\">\n\t\t\t\t<div class=\"elementor-widget-container\">\n\t\t\t\t\t\t\t<div class=\"elementor-spacer\">\n\t\t\t<div class=\"elementor-spacer-inner\"><\/div>\n\t\t<\/div>\n\t\t\t\t\t\t<\/div>\n\t\t\t\t<\/div>\n\t\t\t\t\t<\/div>\n\t\t<\/div>\n\t\t\t\t\t<\/div>\n\t\t<\/section>\n\t\t\t\t<\/div>\n\t\t","protected":false},"excerpt":{"rendered":"<p>Adri\u00e0 Collado Instagram X-twitter IMDb INFORMATION PROFESSIONAL EXPERIENCE FILMS \u201cEL FRED QUE CREMA\u201d. Dir. Santi Trullenque. 2022 \u201cEL&#8230;<\/p>\n","protected":false},"author":1,"featured_media":49805,"parent":0,"menu_order":0,"comment_status":"closed","ping_status":"closed","template":"","meta":{"_acf_changed":false,"_seopress_robots_primary_cat":"","_seopress_titles_title":"%%post_title%% %%sep%% %%sitetitle%%","_seopress_titles_desc":"Adri\u00e0 Collado, actor with experience in cinema and television. Some of his works are: \u201cEL FRED QUE CREMA\u201d, \u201cCU\u00c9NTAME C\u00d3MO PAS\u00d3\u201d\u2026 (+ info.)","_seopress_robots_index":"","footnotes":""},"categories":[79,81],"tags":[],"class_list":["post-51867","page","type-page","status-publish","has-post-thumbnail","hentry","category-actors","category-actors-fluent-english"],"acf":[],"_links":{"self":[{"href":"https:\/\/ruthfranco.com\/en\/wp-json\/wp\/v2\/pages\/51867","targetHints":{"allow":["GET"]}}],"collection":[{"href":"https:\/\/ruthfranco.com\/en\/wp-json\/wp\/v2\/pages"}],"about":[{"href":"https:\/\/ruthfranco.com\/en\/wp-json\/wp\/v2\/types\/page"}],"author":[{"embeddable":true,"href":"https:\/\/ruthfranco.com\/en\/wp-json\/wp\/v2\/users\/1"}],"replies":[{"embeddable":true,"href":"https:\/\/ruthfranco.com\/en\/wp-json\/wp\/v2\/comments?post=51867"}],"version-history":[{"count":28,"href":"https:\/\/ruthfranco.com\/en\/wp-json\/wp\/v2\/pages\/51867\/revisions"}],"predecessor-version":[{"id":67084,"href":"https:\/\/ruthfranco.com\/en\/wp-json\/wp\/v2\/pages\/51867\/revisions\/67084"}],"wp:featuredmedia":[{"embeddable":true,"href":"https:\/\/ruthfranco.com\/en\/wp-json\/wp\/v2\/media\/49805"}],"wp:attachment":[{"href":"https:\/\/ruthfranco.com\/en\/wp-json\/wp\/v2\/media?parent=51867"}],"wp:term":[{"taxonomy":"category","embeddable":true,"href":"https:\/\/ruthfranco.com\/en\/wp-json\/wp\/v2\/categories?post=51867"},{"taxonomy":"post_tag","embeddable":true,"href":"https:\/\/ruthfranco.com\/en\/wp-json\/wp\/v2\/tags?post=51867"}],"curies":[{"name":"wp","href":"https:\/\/api.w.org\/{rel}","templated":true}]}}