{"id":49343,"date":"2022-02-24T10:46:54","date_gmt":"2022-02-24T09:46:54","guid":{"rendered":"https:\/\/ruthfranco.com\/miguel-alcantud\/"},"modified":"2022-02-25T09:22:57","modified_gmt":"2022-02-25T08:22:57","slug":"miguel-alcantud","status":"publish","type":"page","link":"https:\/\/ruthfranco.com\/en\/miguel-alcantud\/","title":{"rendered":"Miguel Alcantud"},"content":{"rendered":"\t\t<div data-elementor-type=\"wp-page\" data-elementor-id=\"49343\" class=\"elementor elementor-49343 elementor-49329\" data-elementor-post-type=\"page\">\n\t\t\t\t\t\t<section class=\"elementor-section elementor-top-section elementor-element elementor-element-59b159b2 elementor-section-full_width elementor-section-height-default elementor-section-height-default neuron-fixed-no\" data-id=\"59b159b2\" data-element_type=\"section\" data-e-type=\"section\" data-settings=\"{&quot;background_background&quot;:&quot;classic&quot;}\">\n\t\t\t\t\t\t<div class=\"elementor-container elementor-column-gap-no\">\n\t\t\t\t\t<div class=\"elementor-column elementor-col-100 elementor-top-column elementor-element elementor-element-541c8b4\" data-id=\"541c8b4\" data-element_type=\"column\" data-e-type=\"column\">\n\t\t\t<div class=\"elementor-widget-wrap elementor-element-populated\">\n\t\t\t\t\t\t<div class=\"elementor-element elementor-element-5558deaf elementor-widget elementor-widget-image\" data-id=\"5558deaf\" data-element_type=\"widget\" data-e-type=\"widget\" data-widget_type=\"image.default\">\n\t\t\t\t<div class=\"elementor-widget-container\">\n\t\t\t\t\t\t\t\t\t\t\t\t\t\t\t<img fetchpriority=\"high\" decoding=\"async\" width=\"1200\" height=\"400\" src=\"https:\/\/ruthfranco.com\/wp-content\/uploads\/2022\/02\/Miguel-Alcantud-1.jpg\" class=\"attachment-full size-full wp-image-49335\" alt=\"Miguel Alcantud director and scriptwriter\" srcset=\"https:\/\/ruthfranco.com\/wp-content\/uploads\/2022\/02\/Miguel-Alcantud-1.jpg 1200w, https:\/\/ruthfranco.com\/wp-content\/uploads\/2022\/02\/Miguel-Alcantud-1-300x100.jpg 300w, https:\/\/ruthfranco.com\/wp-content\/uploads\/2022\/02\/Miguel-Alcantud-1-1024x341.jpg 1024w, https:\/\/ruthfranco.com\/wp-content\/uploads\/2022\/02\/Miguel-Alcantud-1-768x256.jpg 768w\" sizes=\"(max-width: 1200px) 100vw, 1200px\" \/>\t\t\t\t\t\t\t\t\t\t\t\t\t\t\t<\/div>\n\t\t\t\t<\/div>\n\t\t\t\t\t<\/div>\n\t\t<\/div>\n\t\t\t\t\t<\/div>\n\t\t<\/section>\n\t\t\t\t<section class=\"elementor-section elementor-top-section elementor-element elementor-element-2ffdc9f6 elementor-section-full_width elementor-section-height-default elementor-section-height-default neuron-fixed-no\" data-id=\"2ffdc9f6\" data-element_type=\"section\" data-e-type=\"section\">\n\t\t\t\t\t\t<div class=\"elementor-container elementor-column-gap-default\">\n\t\t\t\t\t<div class=\"elementor-column elementor-col-100 elementor-top-column elementor-element elementor-element-59661dc5\" data-id=\"59661dc5\" data-element_type=\"column\" data-e-type=\"column\">\n\t\t\t<div class=\"elementor-widget-wrap elementor-element-populated\">\n\t\t\t\t\t\t<div class=\"elementor-element elementor-element-26ad7d2e elementor-widget elementor-widget-text-editor\" data-id=\"26ad7d2e\" data-element_type=\"widget\" data-e-type=\"widget\" data-widget_type=\"text-editor.default\">\n\t\t\t\t<div class=\"elementor-widget-container\">\n\t\t\t\t\t\t\t\t\t<h2>Miguel Alcantud<\/h2>\n\t\t\t\t\t\t\t\t<\/div>\n\t\t\t\t<\/div>\n\t\t\t\t\t<\/div>\n\t\t<\/div>\n\t\t\t\t\t<\/div>\n\t\t<\/section>\n\t\t\t\t<section class=\"elementor-section elementor-top-section elementor-element elementor-element-50dddfd3 elementor-section-boxed elementor-section-height-default elementor-section-height-default neuron-fixed-no\" data-id=\"50dddfd3\" data-element_type=\"section\" data-e-type=\"section\">\n\t\t\t\t\t\t<div class=\"elementor-container elementor-column-gap-default\">\n\t\t\t\t\t<div class=\"elementor-column elementor-col-100 elementor-top-column elementor-element elementor-element-5f80a281\" data-id=\"5f80a281\" data-element_type=\"column\" data-e-type=\"column\">\n\t\t\t<div class=\"elementor-widget-wrap elementor-element-populated\">\n\t\t\t\t\t\t<div class=\"elementor-element elementor-element-1173ff5c e-grid-align-mobile-center e-grid-align-tablet-left elementor-shape-rounded elementor-grid-0 e-grid-align-center elementor-widget elementor-widget-social-icons\" data-id=\"1173ff5c\" data-element_type=\"widget\" data-e-type=\"widget\" data-widget_type=\"social-icons.default\">\n\t\t\t\t<div class=\"elementor-widget-container\">\n\t\t\t\t\t\t\t<div class=\"elementor-social-icons-wrapper elementor-grid\" role=\"list\">\n\t\t\t\t\t\t\t<span class=\"elementor-grid-item\" role=\"listitem\">\n\t\t\t\t\t<a class=\"elementor-icon elementor-social-icon elementor-social-icon-wordpress elementor-repeater-item-8103e8f\" href=\"https:\/\/www.miguelalcantud.com\/\" target=\"_blank\">\n\t\t\t\t\t\t<span class=\"elementor-screen-only\">WordPress<\/span>\n\t\t\t\t\t\t<i aria-hidden=\"true\" class=\"fab fa-wordpress\"><\/i>\t\t\t\t\t<\/a>\n\t\t\t\t<\/span>\n\t\t\t\t\t\t\t<span class=\"elementor-grid-item\" role=\"listitem\">\n\t\t\t\t\t<a class=\"elementor-icon elementor-social-icon elementor-social-icon-instagram elementor-repeater-item-8040492\" href=\"https:\/\/www.instagram.com\/m.alcantud\/\" target=\"_blank\">\n\t\t\t\t\t\t<span class=\"elementor-screen-only\">Instagram<\/span>\n\t\t\t\t\t\t<i aria-hidden=\"true\" class=\"fab fa-instagram\"><\/i>\t\t\t\t\t<\/a>\n\t\t\t\t<\/span>\n\t\t\t\t\t\t\t<span class=\"elementor-grid-item\" role=\"listitem\">\n\t\t\t\t\t<a class=\"elementor-icon elementor-social-icon elementor-social-icon-facebook elementor-repeater-item-52e5f1b\" href=\"https:\/\/www.facebook.com\/miguel.alcantud\" target=\"_blank\">\n\t\t\t\t\t\t<span class=\"elementor-screen-only\">Facebook<\/span>\n\t\t\t\t\t\t<i aria-hidden=\"true\" class=\"fab fa-facebook\"><\/i>\t\t\t\t\t<\/a>\n\t\t\t\t<\/span>\n\t\t\t\t\t\t\t<span class=\"elementor-grid-item\" role=\"listitem\">\n\t\t\t\t\t<a class=\"elementor-icon elementor-social-icon elementor-social-icon-twitter elementor-repeater-item-9e6d39d\" href=\"https:\/\/twitter.com\/miguetud\" target=\"_blank\">\n\t\t\t\t\t\t<span class=\"elementor-screen-only\">Twitter<\/span>\n\t\t\t\t\t\t<i aria-hidden=\"true\" class=\"fab fa-twitter\"><\/i>\t\t\t\t\t<\/a>\n\t\t\t\t<\/span>\n\t\t\t\t\t<\/div>\n\t\t\t\t\t\t<\/div>\n\t\t\t\t<\/div>\n\t\t\t\t\t<\/div>\n\t\t<\/div>\n\t\t\t\t\t<\/div>\n\t\t<\/section>\n\t\t\t\t<section class=\"elementor-section elementor-top-section elementor-element elementor-element-522e3b63 elementor-section-full_width elementor-section-content-middle elementor-section-height-default elementor-section-height-default neuron-fixed-no\" data-id=\"522e3b63\" data-element_type=\"section\" data-e-type=\"section\">\n\t\t\t\t\t\t<div class=\"elementor-container elementor-column-gap-extended\">\n\t\t\t\t\t<div class=\"elementor-column elementor-col-100 elementor-top-column elementor-element elementor-element-245fc96d\" data-id=\"245fc96d\" data-element_type=\"column\" data-e-type=\"column\">\n\t\t\t<div class=\"elementor-widget-wrap elementor-element-populated\">\n\t\t\t\t\t\t<div class=\"elementor-element elementor-element-59ac8490 elementor-button-warning elementor-align-justify elementor-widget elementor-widget-button\" data-id=\"59ac8490\" data-element_type=\"widget\" data-e-type=\"widget\" data-widget_type=\"button.default\">\n\t\t\t\t<div class=\"elementor-widget-container\">\n\t\t\t\t\t\t\t\t\t<div class=\"elementor-button-wrapper\">\n\t\t\t\t\t<a class=\"elementor-button elementor-button-link elementor-size-md elementor-animation-grow\" href=\"https:\/\/www.imdb.com\/name\/nm1193612\/\" target=\"_blank\">\n\t\t\t\t\t\t<span class=\"elementor-button-content-wrapper\">\n\t\t\t\t\t\t\t\t\t<span class=\"elementor-button-text\"><strong>IMDb<\/strong><\/span>\n\t\t\t\t\t<\/span>\n\t\t\t\t\t<\/a>\n\t\t\t\t<\/div>\n\t\t\t\t\t\t\t\t<\/div>\n\t\t\t\t<\/div>\n\t\t\t\t\t<\/div>\n\t\t<\/div>\n\t\t\t\t\t<\/div>\n\t\t<\/section>\n\t\t\t\t<section class=\"elementor-section elementor-top-section elementor-element elementor-element-138de835 elementor-section-boxed elementor-section-height-default elementor-section-height-default neuron-fixed-no\" data-id=\"138de835\" data-element_type=\"section\" data-e-type=\"section\">\n\t\t\t\t\t\t<div class=\"elementor-container elementor-column-gap-extended\">\n\t\t\t\t\t<div class=\"elementor-column elementor-col-50 elementor-top-column elementor-element elementor-element-113d3196\" data-id=\"113d3196\" data-element_type=\"column\" data-e-type=\"column\">\n\t\t\t<div class=\"elementor-widget-wrap elementor-element-populated\">\n\t\t\t\t\t\t<div class=\"elementor-element elementor-element-70462081 elementor-widget elementor-widget-heading\" data-id=\"70462081\" data-element_type=\"widget\" data-e-type=\"widget\" data-widget_type=\"heading.default\">\n\t\t\t\t<div class=\"elementor-widget-container\">\n\t\t\t\t\t<h4 class=\"elementor-heading-title elementor-size-default\">INFORMATION<\/h4>\t\t\t\t<\/div>\n\t\t\t\t<\/div>\n\t\t\t\t<div class=\"elementor-element elementor-element-2d5a7348 elementor-widget-divider--view-line elementor-widget elementor-widget-divider\" data-id=\"2d5a7348\" data-element_type=\"widget\" data-e-type=\"widget\" data-widget_type=\"divider.default\">\n\t\t\t\t<div class=\"elementor-widget-container\">\n\t\t\t\t\t\t\t<div class=\"elementor-divider\">\n\t\t\t<span class=\"elementor-divider-separator\">\n\t\t\t\t\t\t<\/span>\n\t\t<\/div>\n\t\t\t\t\t\t<\/div>\n\t\t\t\t<\/div>\n\t\t\t\t<div class=\"elementor-element elementor-element-f55a6da elementor-invisible elementor-widget elementor-widget-toggle\" data-id=\"f55a6da\" data-element_type=\"widget\" data-e-type=\"widget\" data-settings=\"{&quot;_animation&quot;:&quot;fadeInRight&quot;}\" data-widget_type=\"toggle.default\">\n\t\t\t\t<div class=\"elementor-widget-container\">\n\t\t\t\t\t\t\t<div class=\"elementor-toggle\">\n\t\t\t\t\t\t\t<div class=\"elementor-toggle-item\">\n\t\t\t\t\t<h5 id=\"elementor-tab-title-2571\" class=\"elementor-tab-title\" data-tab=\"1\" role=\"button\" aria-controls=\"elementor-tab-content-2571\" aria-expanded=\"false\">\n\t\t\t\t\t\t\t\t\t\t\t\t<span class=\"elementor-toggle-icon elementor-toggle-icon-left\" aria-hidden=\"true\">\n\t\t\t\t\t\t\t\t\t\t\t\t\t\t\t<span class=\"elementor-toggle-icon-closed\"><i class=\"fas fa-caret-right\"><\/i><\/span>\n\t\t\t\t\t\t\t\t<span class=\"elementor-toggle-icon-opened\"><i class=\"elementor-toggle-icon-opened fas fa-caret-up\"><\/i><\/span>\n\t\t\t\t\t\t\t\t\t\t\t\t\t<\/span>\n\t\t\t\t\t\t\t\t\t\t\t\t<a class=\"elementor-toggle-title\" tabindex=\"0\">BIOGRAPHY<\/a>\n\t\t\t\t\t<\/h5>\n\n\t\t\t\t\t<div id=\"elementor-tab-content-2571\" class=\"elementor-tab-content elementor-clearfix\" data-tab=\"1\" role=\"region\" aria-labelledby=\"elementor-tab-title-2571\"><p>Miguel Alcantud is the creator and artistic director of the successful Microteatro format, with venues in 15 cities in the United States, Spain, Argentina, Mexico and Peru, among others. The success of Microteatro has been echoed by newspapers around the world, from El Pa\u00eds in Spain to The Guardian in London or The New York Times.<\/p>\n<p>He is a member of the Spanish Film Academy and has directed four feature films: Impulsos (sold to more than fifty countries, from Australia to Argentina or the United States), Anastezsi (European co-production with actors such as Derek Jacobi, Tom Burke or Angela Molina), Y viceversa (experimental film sold to the USA) and Diamantes Negros (more than 25 countries and 30 festivals, winning the Audience\u2019s Choice Award at the Malaga Film Festival 2013).<\/p>\n<p>He wrote the screenplay for The virgin of Highland Park, a feature film starring Penelope Ann Miller and Dermot Mulroney, distributed by Lionsgate in the United States.<\/p>\n<p>In television, he has directed over 60 episodes of Prime time series such as El Cid (first Amazon Prime Original in Spain where he directed, among others, episode 1), El Ministerio del Tiempo (awarded in 2015 and 2016 as best Spanish fiction and voted in the 2017 MIM series festival as the best Spanish series in History, currently on HBO), \u00c1guila Roja (awarded in 2010, 2011 and 2012 as best Spanish fiction, currently on Amazon Prime), Estoy vivo (the series sensation of the 2017 season, also on Amazon Prime), El Internado (one of the best 50 formats broadcast on television worldwide in the last 50 years, according to a rank made by the international consulting agency WIT (World Information Tracking, Amazon Prime), El final del camino, an adventure series set in the 11th century for TVE, Flipante Noa for Disney Channel or Brigada Costa del Sol, the first Warner Bros series in Spain for Netflix and Tele 5. <\/p>\n<p>He has written and directed numerous plays, the last one, Apenas 20 segundos, premiered at Teatro Lagrada in January 2021. Other plays include La virgen de la Ballesta (2011), El secreto de la calle de la lluvia (2008), Madre Post Mortem (2004), Inmoral (1998) or 11 d\u00edas (1995) (awarded at Valencia\u2019s Mostra de Teatre Jove). <\/p>\n<p>He has also written and directed the following short plays: Nena, se ha roto (2022), Mirror\/mirror (2019) (only directed, text by Inma Chac\u00f3n), Planes (2018), \u00bfY si hacemos una peli? (2018), Julieta y Julieta (2017), Ens\u00e9\u00f1ame la cara (2015), Buruli (2015), \u00bfY si? (2015), Are you alone? (2015), Superdotado (2012), Sin direcci\u00f3n (2012), Casi doce (2011), Un detalle (2011), Si no creyera (2010), El cumplea\u00f1os de la luna (2010) and Eric (2009). <\/p>\n<p>He coordinated and directed the project Olmedo Caballero el de, a deconstruction of El caballero de Olmedo produced by Microteatro for the Almagro classical theatre festival (2013). He has written theatre texts for directors such as Marcelo D\u00edaz (Historias del patio de recreo, 2006), Manuel Callau (Sobre ventanas y sillas, 2011), Patricia Ord\u00e1s (Anunciaci\u00f3n, 2012).<\/p>\n<p>He was a finalist in 2013 for the prestigious Valle Incl\u00e1n theatre award.<\/p>\n<p>He has published two books, the novel Incertidumbre, published in September 2021 by Suma de letras (Penguin Random House) and the theatre anthology Microteatro, a story through 9 micro plays that  reached number 3 in Amazon&#8217;s theater book sales rank. In 2015 he received the FICC\/GNF Award from the Cartagena International Film Festival in recognition of his career. In 2018 he also received an award for his career at the Requena y Acci\u00f3n Festival.<\/p>\n<p>He actively collaborates with the NGOs Voces (which fights against child poverty through culture), Casa de Mali and Paz Sin Fronteras.<\/p>\n<\/div>\n\t\t\t\t<\/div>\n\t\t\t\t\t\t\t<div class=\"elementor-toggle-item\">\n\t\t\t\t\t<h5 id=\"elementor-tab-title-2572\" class=\"elementor-tab-title\" data-tab=\"2\" role=\"button\" aria-controls=\"elementor-tab-content-2572\" aria-expanded=\"false\">\n\t\t\t\t\t\t\t\t\t\t\t\t<span class=\"elementor-toggle-icon elementor-toggle-icon-left\" aria-hidden=\"true\">\n\t\t\t\t\t\t\t\t\t\t\t\t\t\t\t<span class=\"elementor-toggle-icon-closed\"><i class=\"fas fa-caret-right\"><\/i><\/span>\n\t\t\t\t\t\t\t\t<span class=\"elementor-toggle-icon-opened\"><i class=\"elementor-toggle-icon-opened fas fa-caret-up\"><\/i><\/span>\n\t\t\t\t\t\t\t\t\t\t\t\t\t<\/span>\n\t\t\t\t\t\t\t\t\t\t\t\t<a class=\"elementor-toggle-title\" tabindex=\"0\">AWARDS<\/a>\n\t\t\t\t\t<\/h5>\n\n\t\t\t\t\t<div id=\"elementor-tab-content-2572\" class=\"elementor-tab-content elementor-clearfix\" data-tab=\"2\" role=\"region\" aria-labelledby=\"elementor-tab-title-2572\"><p>Malaga Festival Audience Award for \u201cDIAMANTES NEGROS\u201d. 2013.<br \/>\nNominated for the  2013 Valle-Incl\u00e1n awards.<br \/>\nAwarded at the 2015 Cartagena Film Festival for his professional career at FICC\/GNF.<\/p>\n<\/div>\n\t\t\t\t<\/div>\n\t\t\t\t\t\t\t\t<\/div>\n\t\t\t\t\t\t<\/div>\n\t\t\t\t<\/div>\n\t\t\t\t<div class=\"elementor-element elementor-element-8118c05 elementor-align-center elementor-widget__width-inherit elementor-widget elementor-widget-button\" data-id=\"8118c05\" data-element_type=\"widget\" data-e-type=\"widget\" data-widget_type=\"button.default\">\n\t\t\t\t<div class=\"elementor-widget-container\">\n\t\t\t\t\t\t\t\t\t<div class=\"elementor-button-wrapper\">\n\t\t\t\t\t<a class=\"elementor-button elementor-button-link elementor-size-sm elementor-animation-grow\" href=\"https:\/\/ruthfranco.com\/wp-content\/uploads\/2022\/02\/Miguel-Alcantud-CV-EN.pdf\">\n\t\t\t\t\t\t<span class=\"elementor-button-content-wrapper\">\n\t\t\t\t\t\t<span class=\"elementor-button-icon\">\n\t\t\t\t<i aria-hidden=\"true\" class=\"fas fa-arrow-alt-circle-down\"><\/i>\t\t\t<\/span>\n\t\t\t\t\t\t\t\t\t<span class=\"elementor-button-text\">DOWNLOAD CV<\/span>\n\t\t\t\t\t<\/span>\n\t\t\t\t\t<\/a>\n\t\t\t\t<\/div>\n\t\t\t\t\t\t\t\t<\/div>\n\t\t\t\t<\/div>\n\t\t\t\t\t<\/div>\n\t\t<\/div>\n\t\t\t\t<div class=\"elementor-column elementor-col-50 elementor-top-column elementor-element elementor-element-2fd1deff elementor-invisible\" data-id=\"2fd1deff\" data-element_type=\"column\" data-e-type=\"column\" data-settings=\"{&quot;animation&quot;:&quot;fadeInLeft&quot;}\">\n\t\t\t<div class=\"elementor-widget-wrap elementor-element-populated\">\n\t\t\t\t\t\t<div class=\"elementor-element elementor-element-53d378ad elementor-widget elementor-widget-heading\" data-id=\"53d378ad\" data-element_type=\"widget\" data-e-type=\"widget\" data-widget_type=\"heading.default\">\n\t\t\t\t<div class=\"elementor-widget-container\">\n\t\t\t\t\t<h4 class=\"elementor-heading-title elementor-size-default\">REEL<\/h4>\t\t\t\t<\/div>\n\t\t\t\t<\/div>\n\t\t\t\t<div class=\"elementor-element elementor-element-42cf8537 elementor-widget-divider--view-line elementor-widget elementor-widget-divider\" data-id=\"42cf8537\" data-element_type=\"widget\" data-e-type=\"widget\" data-widget_type=\"divider.default\">\n\t\t\t\t<div class=\"elementor-widget-container\">\n\t\t\t\t\t\t\t<div class=\"elementor-divider\">\n\t\t\t<span class=\"elementor-divider-separator\">\n\t\t\t\t\t\t<\/span>\n\t\t<\/div>\n\t\t\t\t\t\t<\/div>\n\t\t\t\t<\/div>\n\t\t\t\t<div class=\"elementor-element elementor-element-10228931 elementor-widget elementor-widget-video\" data-id=\"10228931\" data-element_type=\"widget\" data-e-type=\"widget\" data-settings=\"{&quot;video_type&quot;:&quot;vimeo&quot;}\" data-widget_type=\"video.default\">\n\t\t\t\t<div class=\"elementor-widget-container\">\n\t\t\t\t\t\t\t<div class=\"elementor-wrapper elementor-open-inline\">\n\t\t\t<iframe class=\"elementor-video-iframe\" allowfullscreen allow=\"clipboard-write\" title=\"vimeo Video Player\" src=\"https:\/\/player.vimeo.com\/video\/548022552?color&amp;autopause=0&amp;loop=0&amp;muted=0&amp;title=0&amp;portrait=0&amp;byline=0#t=\"><\/iframe>\t\t<\/div>\n\t\t\t\t\t\t<\/div>\n\t\t\t\t<\/div>\n\t\t\t\t\t<\/div>\n\t\t<\/div>\n\t\t\t\t\t<\/div>\n\t\t<\/section>\n\t\t\t\t<section class=\"elementor-section elementor-top-section elementor-element elementor-element-1a59e382 elementor-section-boxed elementor-section-height-default elementor-section-height-default neuron-fixed-no\" data-id=\"1a59e382\" data-element_type=\"section\" data-e-type=\"section\">\n\t\t\t\t\t\t<div class=\"elementor-container elementor-column-gap-default\">\n\t\t\t\t\t<div class=\"elementor-column elementor-col-100 elementor-top-column elementor-element elementor-element-36d0323a\" data-id=\"36d0323a\" data-element_type=\"column\" data-e-type=\"column\">\n\t\t\t<div class=\"elementor-widget-wrap elementor-element-populated\">\n\t\t\t\t\t\t<div class=\"elementor-element elementor-element-2a785c09 elementor-widget elementor-widget-spacer\" data-id=\"2a785c09\" data-element_type=\"widget\" data-e-type=\"widget\" data-widget_type=\"spacer.default\">\n\t\t\t\t<div class=\"elementor-widget-container\">\n\t\t\t\t\t\t\t<div class=\"elementor-spacer\">\n\t\t\t<div class=\"elementor-spacer-inner\"><\/div>\n\t\t<\/div>\n\t\t\t\t\t\t<\/div>\n\t\t\t\t<\/div>\n\t\t\t\t<div class=\"elementor-element elementor-element-4d172508 elementor-invisible elementor-widget elementor-widget-heading\" data-id=\"4d172508\" data-element_type=\"widget\" data-e-type=\"widget\" data-settings=\"{&quot;_animation&quot;:&quot;fadeInRight&quot;}\" data-widget_type=\"heading.default\">\n\t\t\t\t<div class=\"elementor-widget-container\">\n\t\t\t\t\t<h4 class=\"elementor-heading-title elementor-size-default\">POSTERS<\/h4>\t\t\t\t<\/div>\n\t\t\t\t<\/div>\n\t\t\t\t<div class=\"elementor-element elementor-element-2dd5d9ef elementor-widget-divider--view-line elementor-widget elementor-widget-divider\" data-id=\"2dd5d9ef\" data-element_type=\"widget\" data-e-type=\"widget\" data-widget_type=\"divider.default\">\n\t\t\t\t<div class=\"elementor-widget-container\">\n\t\t\t\t\t\t\t<div class=\"elementor-divider\">\n\t\t\t<span class=\"elementor-divider-separator\">\n\t\t\t\t\t\t<\/span>\n\t\t<\/div>\n\t\t\t\t\t\t<\/div>\n\t\t\t\t<\/div>\n\t\t\t\t\t<\/div>\n\t\t<\/div>\n\t\t\t\t\t<\/div>\n\t\t<\/section>\n\t\t\t\t<section class=\"elementor-section elementor-top-section elementor-element elementor-element-71a4a2d5 elementor-section-full_width elementor-section-content-middle elementor-section-height-default elementor-section-height-default neuron-fixed-no\" data-id=\"71a4a2d5\" data-element_type=\"section\" data-e-type=\"section\">\n\t\t\t\t\t\t<div class=\"elementor-container elementor-column-gap-default\">\n\t\t\t\t\t<div class=\"elementor-column elementor-col-100 elementor-top-column elementor-element elementor-element-6258f10b\" data-id=\"6258f10b\" data-element_type=\"column\" data-e-type=\"column\">\n\t\t\t<div class=\"elementor-widget-wrap elementor-element-populated\">\n\t\t\t\t\t\t<div class=\"elementor-element elementor-element-3e38e41 elementor-arrows-position-inside elementor-pagination-position-outside elementor-invisible elementor-widget elementor-widget-image-carousel\" data-id=\"3e38e41\" data-element_type=\"widget\" data-e-type=\"widget\" data-settings=\"{&quot;slides_to_show&quot;:&quot;3&quot;,&quot;_animation&quot;:&quot;fadeInLeft&quot;,&quot;slides_to_show_mobile&quot;:&quot;2&quot;,&quot;slides_to_scroll&quot;:&quot;1&quot;,&quot;slides_to_scroll_mobile&quot;:&quot;2&quot;,&quot;navigation&quot;:&quot;both&quot;,&quot;autoplay&quot;:&quot;yes&quot;,&quot;pause_on_hover&quot;:&quot;yes&quot;,&quot;pause_on_interaction&quot;:&quot;yes&quot;,&quot;autoplay_speed&quot;:5000,&quot;infinite&quot;:&quot;yes&quot;,&quot;speed&quot;:500}\" data-widget_type=\"image-carousel.default\">\n\t\t\t\t<div class=\"elementor-widget-container\">\n\t\t\t\t\t\t\t<div class=\"elementor-image-carousel-wrapper swiper\" role=\"region\" aria-roledescription=\"carousel\" aria-label=\"Image Carousel\" dir=\"ltr\">\n\t\t\t<div class=\"elementor-image-carousel swiper-wrapper\" aria-live=\"off\">\n\t\t\t\t\t\t\t\t<div class=\"swiper-slide\" role=\"group\" aria-roledescription=\"slide\" aria-label=\"1 of 5\"><figure class=\"swiper-slide-inner\"><img decoding=\"async\" class=\"swiper-slide-image\" src=\"https:\/\/ruthfranco.com\/wp-content\/uploads\/2022\/02\/cartel_diamantes_negros.jpg\" alt=\"cartel_diamantes_negros\" \/><\/figure><\/div><div class=\"swiper-slide\" role=\"group\" aria-roledescription=\"slide\" aria-label=\"2 of 5\"><figure class=\"swiper-slide-inner\"><img decoding=\"async\" class=\"swiper-slide-image\" src=\"https:\/\/ruthfranco.com\/wp-content\/uploads\/2022\/02\/cartel-el-cid.jpg\" alt=\"cartel-el-cid\" \/><\/figure><\/div><div class=\"swiper-slide\" role=\"group\" aria-roledescription=\"slide\" aria-label=\"3 of 5\"><figure class=\"swiper-slide-inner\"><img decoding=\"async\" class=\"swiper-slide-image\" src=\"https:\/\/ruthfranco.com\/wp-content\/uploads\/2022\/02\/cartel-el-ministerio-del-tiempo.jpg\" alt=\"cartel-el-ministerio-del-tiempo\" \/><\/figure><\/div><div class=\"swiper-slide\" role=\"group\" aria-roledescription=\"slide\" aria-label=\"4 of 5\"><figure class=\"swiper-slide-inner\"><img decoding=\"async\" class=\"swiper-slide-image\" src=\"https:\/\/ruthfranco.com\/wp-content\/uploads\/2022\/02\/cartel-estoy-vivo.jpg\" alt=\"cartel-estoy-vivo\" \/><\/figure><\/div><div class=\"swiper-slide\" role=\"group\" aria-roledescription=\"slide\" aria-label=\"5 of 5\"><figure class=\"swiper-slide-inner\"><img decoding=\"async\" class=\"swiper-slide-image\" src=\"https:\/\/ruthfranco.com\/wp-content\/uploads\/2022\/02\/cartel-impulsos.jpg\" alt=\"cartel-impulsos\" \/><\/figure><\/div>\t\t\t<\/div>\n\t\t\t\t\t\t\t\t\t\t\t\t<div class=\"elementor-swiper-button elementor-swiper-button-prev\" role=\"button\" tabindex=\"0\">\n\t\t\t\t\t\t<i aria-hidden=\"true\" class=\"eicon-chevron-left\"><\/i>\t\t\t\t\t<\/div>\n\t\t\t\t\t<div class=\"elementor-swiper-button elementor-swiper-button-next\" role=\"button\" tabindex=\"0\">\n\t\t\t\t\t\t<i aria-hidden=\"true\" class=\"eicon-chevron-right\"><\/i>\t\t\t\t\t<\/div>\n\t\t\t\t\n\t\t\t\t\t\t\t\t\t<div class=\"swiper-pagination\"><\/div>\n\t\t\t\t\t\t\t\t\t<\/div>\n\t\t\t\t\t\t<\/div>\n\t\t\t\t<\/div>\n\t\t\t\t\t<\/div>\n\t\t<\/div>\n\t\t\t\t\t<\/div>\n\t\t<\/section>\n\t\t\t\t<\/div>\n\t\t","protected":false},"excerpt":{"rendered":"<p>Miguel Alcantud Wordpress Instagram Facebook Twitter IMDb INFORMATION BIOGRAPHY Miguel Alcantud is the creator and artistic director of&#8230;<\/p>\n","protected":false},"author":1,"featured_media":49331,"parent":0,"menu_order":0,"comment_status":"closed","ping_status":"closed","template":"","meta":{"_acf_changed":false,"_seopress_robots_primary_cat":"","_seopress_titles_title":"","_seopress_titles_desc":"","_seopress_robots_index":"","footnotes":""},"categories":[98],"tags":[],"class_list":["post-49343","page","type-page","status-publish","has-post-thumbnail","hentry","category-directors-and-scriptwriters"],"acf":[],"_links":{"self":[{"href":"https:\/\/ruthfranco.com\/en\/wp-json\/wp\/v2\/pages\/49343","targetHints":{"allow":["GET"]}}],"collection":[{"href":"https:\/\/ruthfranco.com\/en\/wp-json\/wp\/v2\/pages"}],"about":[{"href":"https:\/\/ruthfranco.com\/en\/wp-json\/wp\/v2\/types\/page"}],"author":[{"embeddable":true,"href":"https:\/\/ruthfranco.com\/en\/wp-json\/wp\/v2\/users\/1"}],"replies":[{"embeddable":true,"href":"https:\/\/ruthfranco.com\/en\/wp-json\/wp\/v2\/comments?post=49343"}],"version-history":[{"count":3,"href":"https:\/\/ruthfranco.com\/en\/wp-json\/wp\/v2\/pages\/49343\/revisions"}],"predecessor-version":[{"id":49376,"href":"https:\/\/ruthfranco.com\/en\/wp-json\/wp\/v2\/pages\/49343\/revisions\/49376"}],"wp:featuredmedia":[{"embeddable":true,"href":"https:\/\/ruthfranco.com\/en\/wp-json\/wp\/v2\/media\/49331"}],"wp:attachment":[{"href":"https:\/\/ruthfranco.com\/en\/wp-json\/wp\/v2\/media?parent=49343"}],"wp:term":[{"taxonomy":"category","embeddable":true,"href":"https:\/\/ruthfranco.com\/en\/wp-json\/wp\/v2\/categories?post=49343"},{"taxonomy":"post_tag","embeddable":true,"href":"https:\/\/ruthfranco.com\/en\/wp-json\/wp\/v2\/tags?post=49343"}],"curies":[{"name":"wp","href":"https:\/\/api.w.org\/{rel}","templated":true}]}}