{"id":44469,"date":"2021-01-18T17:28:44","date_gmt":"2021-01-18T17:28:44","guid":{"rendered":"https:\/\/ruthfranco.com\/jaime-olias-2\/"},"modified":"2022-06-06T15:06:40","modified_gmt":"2022-06-06T14:06:40","slug":"jaime-olias-2","status":"publish","type":"page","link":"https:\/\/ruthfranco.com\/en\/jaime-olias-2\/","title":{"rendered":"Jaime Ol\u00edas"},"content":{"rendered":"\t\t<div data-elementor-type=\"wp-page\" data-elementor-id=\"44469\" class=\"elementor elementor-44469 elementor-39896\" data-elementor-post-type=\"page\">\n\t\t\t\t\t\t<section class=\"elementor-section elementor-top-section elementor-element elementor-element-49e4bfb elementor-section-full_width elementor-section-height-default elementor-section-height-default neuron-fixed-no\" data-id=\"49e4bfb\" data-element_type=\"section\" data-e-type=\"section\">\n\t\t\t\t\t\t<div class=\"elementor-container elementor-column-gap-no\">\n\t\t\t\t\t<div class=\"elementor-column elementor-col-100 elementor-top-column elementor-element elementor-element-8efe028\" data-id=\"8efe028\" data-element_type=\"column\" data-e-type=\"column\">\n\t\t\t<div class=\"elementor-widget-wrap elementor-element-populated\">\n\t\t\t\t\t\t<div class=\"elementor-element elementor-element-49fcc41 elementor-widget elementor-widget-image\" data-id=\"49fcc41\" data-element_type=\"widget\" data-e-type=\"widget\" data-widget_type=\"image.default\">\n\t\t\t\t<div class=\"elementor-widget-container\">\n\t\t\t\t\t\t\t\t\t\t\t\t\t\t\t<img fetchpriority=\"high\" decoding=\"async\" width=\"1200\" height=\"400\" src=\"https:\/\/ruthfranco.com\/wp-content\/uploads\/2021\/01\/JAIME-OLIAS-DIRECTOR.jpg\" class=\"attachment-full size-full wp-image-39901\" alt=\"Jaime Ol\u00edas director and scriptwriter\" srcset=\"https:\/\/ruthfranco.com\/wp-content\/uploads\/2021\/01\/JAIME-OLIAS-DIRECTOR.jpg 1200w, https:\/\/ruthfranco.com\/wp-content\/uploads\/2021\/01\/JAIME-OLIAS-DIRECTOR-300x100.jpg 300w, https:\/\/ruthfranco.com\/wp-content\/uploads\/2021\/01\/JAIME-OLIAS-DIRECTOR-1024x341.jpg 1024w, https:\/\/ruthfranco.com\/wp-content\/uploads\/2021\/01\/JAIME-OLIAS-DIRECTOR-768x256.jpg 768w\" sizes=\"(max-width: 1200px) 100vw, 1200px\" \/>\t\t\t\t\t\t\t\t\t\t\t\t\t\t\t<\/div>\n\t\t\t\t<\/div>\n\t\t\t\t\t<\/div>\n\t\t<\/div>\n\t\t\t\t\t<\/div>\n\t\t<\/section>\n\t\t\t\t<section class=\"elementor-section elementor-top-section elementor-element elementor-element-3e5c2853 elementor-section-full_width elementor-section-height-default elementor-section-height-default neuron-fixed-no\" data-id=\"3e5c2853\" data-element_type=\"section\" data-e-type=\"section\">\n\t\t\t\t\t\t<div class=\"elementor-container elementor-column-gap-default\">\n\t\t\t\t\t<div class=\"elementor-column elementor-col-100 elementor-top-column elementor-element elementor-element-1bfef4f2\" data-id=\"1bfef4f2\" data-element_type=\"column\" data-e-type=\"column\">\n\t\t\t<div class=\"elementor-widget-wrap elementor-element-populated\">\n\t\t\t\t\t\t<div class=\"elementor-element elementor-element-79e8e2e2 elementor-widget elementor-widget-text-editor\" data-id=\"79e8e2e2\" data-element_type=\"widget\" data-e-type=\"widget\" data-widget_type=\"text-editor.default\">\n\t\t\t\t<div class=\"elementor-widget-container\">\n\t\t\t\t\t\t\t\t\t<h2>Jaime Ol\u00edas<\/h2>\n\t\t\t\t\t\t\t\t<\/div>\n\t\t\t\t<\/div>\n\t\t\t\t\t<\/div>\n\t\t<\/div>\n\t\t\t\t\t<\/div>\n\t\t<\/section>\n\t\t\t\t<section class=\"elementor-section elementor-top-section elementor-element elementor-element-3b916d0b elementor-section-boxed elementor-section-height-default elementor-section-height-default neuron-fixed-no\" data-id=\"3b916d0b\" data-element_type=\"section\" data-e-type=\"section\">\n\t\t\t\t\t\t<div class=\"elementor-container elementor-column-gap-no\">\n\t\t\t\t\t<div class=\"elementor-column elementor-col-100 elementor-top-column elementor-element elementor-element-4cb82fc7\" data-id=\"4cb82fc7\" data-element_type=\"column\" data-e-type=\"column\">\n\t\t\t<div class=\"elementor-widget-wrap elementor-element-populated\">\n\t\t\t\t\t\t<div class=\"elementor-element elementor-element-3bf358da e-grid-align-mobile-center e-grid-align-tablet-left elementor-shape-rounded elementor-grid-0 e-grid-align-center elementor-widget elementor-widget-social-icons\" data-id=\"3bf358da\" data-element_type=\"widget\" data-e-type=\"widget\" data-widget_type=\"social-icons.default\">\n\t\t\t\t<div class=\"elementor-widget-container\">\n\t\t\t\t\t\t\t<div class=\"elementor-social-icons-wrapper elementor-grid\" role=\"list\">\n\t\t\t\t\t\t\t<span class=\"elementor-grid-item\" role=\"listitem\">\n\t\t\t\t\t<a class=\"elementor-icon elementor-social-icon elementor-social-icon-instagram elementor-animation-push elementor-repeater-item-8040492\" href=\"https:\/\/www.instagram.com\/jaimeolias\/\" target=\"_blank\">\n\t\t\t\t\t\t<span class=\"elementor-screen-only\">Instagram<\/span>\n\t\t\t\t\t\t<i aria-hidden=\"true\" class=\"fab fa-instagram\"><\/i>\t\t\t\t\t<\/a>\n\t\t\t\t<\/span>\n\t\t\t\t\t\t\t<span class=\"elementor-grid-item\" role=\"listitem\">\n\t\t\t\t\t<a class=\"elementor-icon elementor-social-icon elementor-social-icon-facebook elementor-animation-push elementor-repeater-item-2c78614\" href=\"https:\/\/www.facebook.com\/oliasjaime\/\" target=\"_blank\">\n\t\t\t\t\t\t<span class=\"elementor-screen-only\">Facebook<\/span>\n\t\t\t\t\t\t<i aria-hidden=\"true\" class=\"fab fa-facebook\"><\/i>\t\t\t\t\t<\/a>\n\t\t\t\t<\/span>\n\t\t\t\t\t\t\t<span class=\"elementor-grid-item\" role=\"listitem\">\n\t\t\t\t\t<a class=\"elementor-icon elementor-social-icon elementor-social-icon-twitter elementor-animation-push elementor-repeater-item-9e6d39d\" href=\"https:\/\/twitter.com\/JaimeOlias\" target=\"_blank\">\n\t\t\t\t\t\t<span class=\"elementor-screen-only\">Twitter<\/span>\n\t\t\t\t\t\t<i aria-hidden=\"true\" class=\"fab fa-twitter\"><\/i>\t\t\t\t\t<\/a>\n\t\t\t\t<\/span>\n\t\t\t\t\t<\/div>\n\t\t\t\t\t\t<\/div>\n\t\t\t\t<\/div>\n\t\t\t\t\t<\/div>\n\t\t<\/div>\n\t\t\t\t\t<\/div>\n\t\t<\/section>\n\t\t\t\t<section class=\"elementor-section elementor-top-section elementor-element elementor-element-562fcd2c elementor-section-full_width elementor-section-content-middle elementor-section-height-default elementor-section-height-default neuron-fixed-no\" data-id=\"562fcd2c\" data-element_type=\"section\" data-e-type=\"section\">\n\t\t\t\t\t\t<div class=\"elementor-container elementor-column-gap-extended\">\n\t\t\t\t\t<div class=\"elementor-column elementor-col-100 elementor-top-column elementor-element elementor-element-139e3389\" data-id=\"139e3389\" data-element_type=\"column\" data-e-type=\"column\">\n\t\t\t<div class=\"elementor-widget-wrap elementor-element-populated\">\n\t\t\t\t\t\t<div class=\"elementor-element elementor-element-4cb4745b elementor-button-warning elementor-align-justify elementor-widget elementor-widget-button\" data-id=\"4cb4745b\" data-element_type=\"widget\" data-e-type=\"widget\" data-widget_type=\"button.default\">\n\t\t\t\t<div class=\"elementor-widget-container\">\n\t\t\t\t\t\t\t\t\t<div class=\"elementor-button-wrapper\">\n\t\t\t\t\t<a class=\"elementor-button elementor-button-link elementor-size-md elementor-animation-grow\" href=\"https:\/\/www.imdb.com\/name\/nm4298578\/\" target=\"_blank\">\n\t\t\t\t\t\t<span class=\"elementor-button-content-wrapper\">\n\t\t\t\t\t\t\t\t\t<span class=\"elementor-button-text\"><strong>IMDb<\/strong><\/span>\n\t\t\t\t\t<\/span>\n\t\t\t\t\t<\/a>\n\t\t\t\t<\/div>\n\t\t\t\t\t\t\t\t<\/div>\n\t\t\t\t<\/div>\n\t\t\t\t\t<\/div>\n\t\t<\/div>\n\t\t\t\t\t<\/div>\n\t\t<\/section>\n\t\t\t\t<section class=\"elementor-section elementor-top-section elementor-element elementor-element-4d7d48a2 elementor-section-boxed elementor-section-height-default elementor-section-height-default neuron-fixed-no\" data-id=\"4d7d48a2\" data-element_type=\"section\" data-e-type=\"section\">\n\t\t\t\t\t\t<div class=\"elementor-container elementor-column-gap-extended\">\n\t\t\t\t\t<div class=\"elementor-column elementor-col-100 elementor-top-column elementor-element elementor-element-45138e88\" data-id=\"45138e88\" data-element_type=\"column\" data-e-type=\"column\">\n\t\t\t<div class=\"elementor-widget-wrap elementor-element-populated\">\n\t\t\t\t\t\t<div class=\"elementor-element elementor-element-7fe8b819 elementor-widget elementor-widget-heading\" data-id=\"7fe8b819\" data-element_type=\"widget\" data-e-type=\"widget\" data-widget_type=\"heading.default\">\n\t\t\t\t<div class=\"elementor-widget-container\">\n\t\t\t\t\t<h4 class=\"elementor-heading-title elementor-size-default\">INFORMATION<\/h4>\t\t\t\t<\/div>\n\t\t\t\t<\/div>\n\t\t\t\t<div class=\"elementor-element elementor-element-67ec4713 elementor-widget-divider--view-line elementor-widget elementor-widget-divider\" data-id=\"67ec4713\" data-element_type=\"widget\" data-e-type=\"widget\" data-widget_type=\"divider.default\">\n\t\t\t\t<div class=\"elementor-widget-container\">\n\t\t\t\t\t\t\t<div class=\"elementor-divider\">\n\t\t\t<span class=\"elementor-divider-separator\">\n\t\t\t\t\t\t<\/span>\n\t\t<\/div>\n\t\t\t\t\t\t<\/div>\n\t\t\t\t<\/div>\n\t\t\t\t<div class=\"elementor-element elementor-element-4039650c elementor-invisible elementor-widget elementor-widget-toggle\" data-id=\"4039650c\" data-element_type=\"widget\" data-e-type=\"widget\" data-settings=\"{&quot;_animation&quot;:&quot;fadeInRight&quot;}\" data-widget_type=\"toggle.default\">\n\t\t\t\t<div class=\"elementor-widget-container\">\n\t\t\t\t\t\t\t<div class=\"elementor-toggle\">\n\t\t\t\t\t\t\t<div class=\"elementor-toggle-item\">\n\t\t\t\t\t<h5 id=\"elementor-tab-title-1071\" class=\"elementor-tab-title\" data-tab=\"1\" role=\"button\" aria-controls=\"elementor-tab-content-1071\" aria-expanded=\"false\">\n\t\t\t\t\t\t\t\t\t\t\t\t<span class=\"elementor-toggle-icon elementor-toggle-icon-left\" aria-hidden=\"true\">\n\t\t\t\t\t\t\t\t\t\t\t\t\t\t\t<span class=\"elementor-toggle-icon-closed\"><i class=\"fas fa-caret-right\"><\/i><\/span>\n\t\t\t\t\t\t\t\t<span class=\"elementor-toggle-icon-opened\"><i class=\"elementor-toggle-icon-opened fas fa-caret-up\"><\/i><\/span>\n\t\t\t\t\t\t\t\t\t\t\t\t\t<\/span>\n\t\t\t\t\t\t\t\t\t\t\t\t<a class=\"elementor-toggle-title\" tabindex=\"0\">BIOGRAPHY<\/a>\n\t\t\t\t\t<\/h5>\n\n\t\t\t\t\t<div id=\"elementor-tab-content-1071\" class=\"elementor-tab-content elementor-clearfix\" data-tab=\"1\" role=\"region\" aria-labelledby=\"elementor-tab-title-1071\"><p>Jaime Ol\u00edas de Lima was born in Madrid in 1989. In 2013 he graduated in Audiovisual Communication at the Complutense University of Madrid. Subsequently, he studied a Master&#8217;s Degree in Film Directing and Fiction Screenwriting. At the same time, Jaime combines his film studies with his his film studies with his training as an actor with teachers such as Carmen Rico, Clara Cosials, Pilar L\u00f3pez and Adrien McCour.<\/p>\n<p>In 2011 he takes off his acting career for series and films such as: &#8220;Promoci\u00f3n fantasma&#8221; by Javier Ruiz Caldera (2012), &#8220;Open Windows&#8221; by Nacho Vigalondo (2014),&#8221;Solo qu\u00edmica&#8221; by Alfonso Albacete (2015), &#8220;Vulcania&#8221; by Jos\u00e9 Skaf (2015), &#8220;Seguidores&#8221; by Iv\u00e1n Fern\u00e1ndez de C\u00f3rdoba (2018) and the Amazon Prime series &#8220;El Cid&#8221; (2020).<\/p>\n<p>In 2015 he received the &#8220;Talamanca futuro&#8221; award at the 9th edition of the Talamanca de Cine awards, and the award for Best Actor at the Festival de Cine y Televisi\u00f3n de Le\u00f3n 2017.<\/p>\n<p>As a director and screenwriter, Jaime has made a large number of short fiction films with more than 100 national and international selections.<\/p>\n<p>His short film &#8220;Rojo&#8221; (2015) won the Visual Talent Award at the Jameson Notodo Filmfest.<\/p>\n<p>In 2017, the short film &#8220;Hubi\u00e9ramos&#8221; (2018) was selected in more than 40 national and international festivals (Las Alfas del Pi, Islantilla Cineforum, Gines en corto, Aaretaler Kurzfilmtage). Shortly afterwards, he won the European Commission&#8217;s international competition &#8220;EUandMe&#8221; with his script &#8220;The Sound of Mine&#8221;. Thanks to this opportunity, he received the necessary funds to carry out the production for the European Commission. The project was presented at the Madrid Film Academy in 2018. <\/p>\n<p>One year later he shot &#8220;Monstruo\u201d, a multi-awarded short film with more than 30 national and international selections (Fugaz Awards, IBICINE, Queens World Film Festival). In 2021 he shot &#8220;Chaval&#8221;, a short film still in the distribution phase, which has been selected for some thirty selections in the most important national and internationalcircuit (TIFF, Shorts Mexico, Medina del Campo, SOIFF, Huesca, etc.). The short film has been included by the ICAA in the &#8220;New Spanish Shorts&#8221;.  Jaime has received a dozen of awards for this work, such as the Best Direction Award at Cortogenia, the Augusto Award for Best Short Film at the Zaragoza Film Festival, and the de cine de Zaragoza, or the Premio ciudad de Soria.<\/p>\n<p>In 2022 he shot his first TV series &#8220;C\u00f3mo mandarlo todo a la mierda&#8221;, with Boomerang TV for HBO Max. The series, created by Jaime Ol\u00edas and Pablo Sanhermelando, is written and directed by Jaime Ol\u00edas. The premiere of this production is scheduled for 2022.<\/p>\n<\/div>\n\t\t\t\t<\/div>\n\t\t\t\t\t\t\t<div class=\"elementor-toggle-item\">\n\t\t\t\t\t<h5 id=\"elementor-tab-title-1072\" class=\"elementor-tab-title\" data-tab=\"2\" role=\"button\" aria-controls=\"elementor-tab-content-1072\" aria-expanded=\"false\">\n\t\t\t\t\t\t\t\t\t\t\t\t<span class=\"elementor-toggle-icon elementor-toggle-icon-left\" aria-hidden=\"true\">\n\t\t\t\t\t\t\t\t\t\t\t\t\t\t\t<span class=\"elementor-toggle-icon-closed\"><i class=\"fas fa-caret-right\"><\/i><\/span>\n\t\t\t\t\t\t\t\t<span class=\"elementor-toggle-icon-opened\"><i class=\"elementor-toggle-icon-opened fas fa-caret-up\"><\/i><\/span>\n\t\t\t\t\t\t\t\t\t\t\t\t\t<\/span>\n\t\t\t\t\t\t\t\t\t\t\t\t<a class=\"elementor-toggle-title\" tabindex=\"0\">ADWARDS<\/a>\n\t\t\t\t\t<\/h5>\n\n\t\t\t\t\t<div id=\"elementor-tab-content-1072\" class=\"elementor-tab-content elementor-clearfix\" data-tab=\"2\" role=\"region\" aria-labelledby=\"elementor-tab-title-1072\"><p><strong>\u201cCHAVAL\u201d. Shortfilm<\/strong><br \/>\n&#8211; City of Soria Award in the International Short Film Contest &#8220;Ciudad de Soria&#8221;.<br \/>\n&#8211; Selected in more than 20 festivals, including Tirana International Film Festival and Shorts Mexico.<br \/>\n&#8211; Award for best fiction short film in the Zaragoza Film Festival.<br \/>\n&#8211; Best film direction at the Cortogenia film festival<\/p>\n<p><strong>\u201cTHE SOUND OF MINE\u201d. Screenplay by Jaime Ol\u00edas. <\/strong><br \/>\n&#8211; Winner of the European Comission contest \u201cEUandMe\u201d in  \u201cDerechos\u201dcategory. 2019<\/p>\n<\/div>\n\t\t\t\t<\/div>\n\t\t\t\t\t\t\t\t<\/div>\n\t\t\t\t\t\t<\/div>\n\t\t\t\t<\/div>\n\t\t\t\t<div class=\"elementor-element elementor-element-648e3a0e elementor-align-center elementor-widget__width-inherit elementor-widget elementor-widget-button\" data-id=\"648e3a0e\" data-element_type=\"widget\" data-e-type=\"widget\" data-widget_type=\"button.default\">\n\t\t\t\t<div class=\"elementor-widget-container\">\n\t\t\t\t\t\t\t\t\t<div class=\"elementor-button-wrapper\">\n\t\t\t\t\t<a class=\"elementor-button elementor-button-link elementor-size-sm elementor-animation-grow\" href=\"https:\/\/ruthfranco.com\/wp-content\/uploads\/2022\/04\/Jaime-Olias-director-CV-EN.pdf\">\n\t\t\t\t\t\t<span class=\"elementor-button-content-wrapper\">\n\t\t\t\t\t\t<span class=\"elementor-button-icon\">\n\t\t\t\t<i aria-hidden=\"true\" class=\"fas fa-arrow-alt-circle-down\"><\/i>\t\t\t<\/span>\n\t\t\t\t\t\t\t\t\t<span class=\"elementor-button-text\">DOWNLOAD CV<\/span>\n\t\t\t\t\t<\/span>\n\t\t\t\t\t<\/a>\n\t\t\t\t<\/div>\n\t\t\t\t\t\t\t\t<\/div>\n\t\t\t\t<\/div>\n\t\t\t\t\t<\/div>\n\t\t<\/div>\n\t\t\t\t\t<\/div>\n\t\t<\/section>\n\t\t\t\t<\/div>\n\t\t","protected":false},"excerpt":{"rendered":"<p>Jaime Ol\u00edas Instagram Facebook Twitter IMDb INFORMATION BIOGRAPHY Jaime Ol\u00edas de Lima was born in Madrid in 1989&#8230;.<\/p>\n","protected":false},"author":1,"featured_media":41972,"parent":0,"menu_order":0,"comment_status":"closed","ping_status":"closed","template":"","meta":{"_acf_changed":false,"_seopress_robots_primary_cat":"","_seopress_titles_title":"","_seopress_titles_desc":"","_seopress_robots_index":"","footnotes":""},"categories":[98],"tags":[],"class_list":["post-44469","page","type-page","status-publish","has-post-thumbnail","hentry","category-directors-and-scriptwriters"],"acf":[],"_links":{"self":[{"href":"https:\/\/ruthfranco.com\/en\/wp-json\/wp\/v2\/pages\/44469","targetHints":{"allow":["GET"]}}],"collection":[{"href":"https:\/\/ruthfranco.com\/en\/wp-json\/wp\/v2\/pages"}],"about":[{"href":"https:\/\/ruthfranco.com\/en\/wp-json\/wp\/v2\/types\/page"}],"author":[{"embeddable":true,"href":"https:\/\/ruthfranco.com\/en\/wp-json\/wp\/v2\/users\/1"}],"replies":[{"embeddable":true,"href":"https:\/\/ruthfranco.com\/en\/wp-json\/wp\/v2\/comments?post=44469"}],"version-history":[{"count":6,"href":"https:\/\/ruthfranco.com\/en\/wp-json\/wp\/v2\/pages\/44469\/revisions"}],"predecessor-version":[{"id":50543,"href":"https:\/\/ruthfranco.com\/en\/wp-json\/wp\/v2\/pages\/44469\/revisions\/50543"}],"wp:featuredmedia":[{"embeddable":true,"href":"https:\/\/ruthfranco.com\/en\/wp-json\/wp\/v2\/media\/41972"}],"wp:attachment":[{"href":"https:\/\/ruthfranco.com\/en\/wp-json\/wp\/v2\/media?parent=44469"}],"wp:term":[{"taxonomy":"category","embeddable":true,"href":"https:\/\/ruthfranco.com\/en\/wp-json\/wp\/v2\/categories?post=44469"},{"taxonomy":"post_tag","embeddable":true,"href":"https:\/\/ruthfranco.com\/en\/wp-json\/wp\/v2\/tags?post=44469"}],"curies":[{"name":"wp","href":"https:\/\/api.w.org\/{rel}","templated":true}]}}