{"id":44421,"date":"2021-04-26T17:41:27","date_gmt":"2021-04-26T16:41:27","guid":{"rendered":"https:\/\/ruthfranco.com\/daniel-s-arranz\/"},"modified":"2023-09-22T11:40:46","modified_gmt":"2023-09-22T09:40:46","slug":"daniel-s-arranz","status":"publish","type":"page","link":"https:\/\/ruthfranco.com\/en\/daniel-s-arranz\/","title":{"rendered":"Daniel S. Arranz"},"content":{"rendered":"\t\t<div data-elementor-type=\"wp-page\" data-elementor-id=\"44421\" class=\"elementor elementor-44421 elementor-44404\" data-elementor-post-type=\"page\">\n\t\t\t\t\t\t<section class=\"elementor-section elementor-top-section elementor-element elementor-element-b97ea80 elementor-section-full_width elementor-section-height-default elementor-section-height-default neuron-fixed-no\" data-id=\"b97ea80\" data-element_type=\"section\" data-e-type=\"section\">\n\t\t\t\t\t\t<div class=\"elementor-container elementor-column-gap-no\">\n\t\t\t\t\t<div class=\"elementor-column elementor-col-100 elementor-top-column elementor-element elementor-element-1bdd952\" data-id=\"1bdd952\" data-element_type=\"column\" data-e-type=\"column\">\n\t\t\t<div class=\"elementor-widget-wrap elementor-element-populated\">\n\t\t\t\t\t\t<div class=\"elementor-element elementor-element-6d7dc4b elementor-widget elementor-widget-image\" data-id=\"6d7dc4b\" data-element_type=\"widget\" data-e-type=\"widget\" data-widget_type=\"image.default\">\n\t\t\t\t<div class=\"elementor-widget-container\">\n\t\t\t\t\t\t\t\t\t\t\t\t\t\t\t<img fetchpriority=\"high\" decoding=\"async\" width=\"1200\" height=\"400\" src=\"https:\/\/ruthfranco.com\/wp-content\/uploads\/2021\/04\/Daniel-S.-Arranz-2.jpg\" class=\"attachment-full size-full wp-image-44756\" alt=\"\" srcset=\"https:\/\/ruthfranco.com\/wp-content\/uploads\/2021\/04\/Daniel-S.-Arranz-2.jpg 1200w, https:\/\/ruthfranco.com\/wp-content\/uploads\/2021\/04\/Daniel-S.-Arranz-2-300x100.jpg 300w, https:\/\/ruthfranco.com\/wp-content\/uploads\/2021\/04\/Daniel-S.-Arranz-2-1024x341.jpg 1024w, https:\/\/ruthfranco.com\/wp-content\/uploads\/2021\/04\/Daniel-S.-Arranz-2-768x256.jpg 768w\" sizes=\"(max-width: 1200px) 100vw, 1200px\" \/>\t\t\t\t\t\t\t\t\t\t\t\t\t\t\t<\/div>\n\t\t\t\t<\/div>\n\t\t\t\t\t<\/div>\n\t\t<\/div>\n\t\t\t\t\t<\/div>\n\t\t<\/section>\n\t\t\t\t<section class=\"elementor-section elementor-top-section elementor-element elementor-element-9797535 elementor-section-full_width elementor-section-height-default elementor-section-height-default neuron-fixed-no\" data-id=\"9797535\" data-element_type=\"section\" data-e-type=\"section\">\n\t\t\t\t\t\t<div class=\"elementor-container elementor-column-gap-default\">\n\t\t\t\t\t<div class=\"elementor-column elementor-col-100 elementor-top-column elementor-element elementor-element-5a8972ac\" data-id=\"5a8972ac\" data-element_type=\"column\" data-e-type=\"column\">\n\t\t\t<div class=\"elementor-widget-wrap elementor-element-populated\">\n\t\t\t\t\t\t<div class=\"elementor-element elementor-element-6f2a5da1 elementor-widget elementor-widget-text-editor\" data-id=\"6f2a5da1\" data-element_type=\"widget\" data-e-type=\"widget\" data-widget_type=\"text-editor.default\">\n\t\t\t\t<div class=\"elementor-widget-container\">\n\t\t\t\t\t\t\t\t\t<h2>Daniel S. Arranz<\/h2>\n\t\t\t\t\t\t\t\t<\/div>\n\t\t\t\t<\/div>\n\t\t\t\t\t<\/div>\n\t\t<\/div>\n\t\t\t\t\t<\/div>\n\t\t<\/section>\n\t\t\t\t<section class=\"elementor-section elementor-top-section elementor-element elementor-element-374622fb elementor-section-full_width elementor-section-content-middle elementor-section-height-default elementor-section-height-default neuron-fixed-no\" data-id=\"374622fb\" data-element_type=\"section\" data-e-type=\"section\">\n\t\t\t\t\t\t<div class=\"elementor-container elementor-column-gap-extended\">\n\t\t\t\t\t<div class=\"elementor-column elementor-col-100 elementor-top-column elementor-element elementor-element-2fc924b7\" data-id=\"2fc924b7\" data-element_type=\"column\" data-e-type=\"column\">\n\t\t\t<div class=\"elementor-widget-wrap elementor-element-populated\">\n\t\t\t\t\t\t<div class=\"elementor-element elementor-element-1d730a23 elementor-button-warning elementor-align-justify elementor-widget elementor-widget-button\" data-id=\"1d730a23\" data-element_type=\"widget\" data-e-type=\"widget\" data-widget_type=\"button.default\">\n\t\t\t\t<div class=\"elementor-widget-container\">\n\t\t\t\t\t\t\t\t\t<div class=\"elementor-button-wrapper\">\n\t\t\t\t\t<a class=\"elementor-button elementor-button-link elementor-size-md elementor-animation-grow\" href=\"https:\/\/www.imdb.com\/name\/nm2132301\/\" target=\"_blank\">\n\t\t\t\t\t\t<span class=\"elementor-button-content-wrapper\">\n\t\t\t\t\t\t\t\t\t<span class=\"elementor-button-text\"><strong>IMDb<\/strong><\/span>\n\t\t\t\t\t<\/span>\n\t\t\t\t\t<\/a>\n\t\t\t\t<\/div>\n\t\t\t\t\t\t\t\t<\/div>\n\t\t\t\t<\/div>\n\t\t\t\t\t<\/div>\n\t\t<\/div>\n\t\t\t\t\t<\/div>\n\t\t<\/section>\n\t\t\t\t<section class=\"elementor-section elementor-top-section elementor-element elementor-element-36bd6928 elementor-section-boxed elementor-section-height-default elementor-section-height-default neuron-fixed-no\" data-id=\"36bd6928\" data-element_type=\"section\" data-e-type=\"section\">\n\t\t\t\t\t\t<div class=\"elementor-container elementor-column-gap-extended\">\n\t\t\t\t\t<div class=\"elementor-column elementor-col-50 elementor-top-column elementor-element elementor-element-7e9e163a\" data-id=\"7e9e163a\" data-element_type=\"column\" data-e-type=\"column\">\n\t\t\t<div class=\"elementor-widget-wrap elementor-element-populated\">\n\t\t\t\t\t\t<div class=\"elementor-element elementor-element-45e03996 elementor-widget elementor-widget-heading\" data-id=\"45e03996\" data-element_type=\"widget\" data-e-type=\"widget\" data-widget_type=\"heading.default\">\n\t\t\t\t<div class=\"elementor-widget-container\">\n\t\t\t\t\t<h4 class=\"elementor-heading-title elementor-size-default\">INFORMATION<\/h4>\t\t\t\t<\/div>\n\t\t\t\t<\/div>\n\t\t\t\t<div class=\"elementor-element elementor-element-3584a2a3 elementor-widget-divider--view-line elementor-widget elementor-widget-divider\" data-id=\"3584a2a3\" data-element_type=\"widget\" data-e-type=\"widget\" data-widget_type=\"divider.default\">\n\t\t\t\t<div class=\"elementor-widget-container\">\n\t\t\t\t\t\t\t<div class=\"elementor-divider\">\n\t\t\t<span class=\"elementor-divider-separator\">\n\t\t\t\t\t\t<\/span>\n\t\t<\/div>\n\t\t\t\t\t\t<\/div>\n\t\t\t\t<\/div>\n\t\t\t\t<div class=\"elementor-element elementor-element-3cb8672b elementor-invisible elementor-widget elementor-widget-toggle\" data-id=\"3cb8672b\" data-element_type=\"widget\" data-e-type=\"widget\" data-settings=\"{&quot;_animation&quot;:&quot;fadeInRight&quot;}\" data-widget_type=\"toggle.default\">\n\t\t\t\t<div class=\"elementor-widget-container\">\n\t\t\t\t\t\t\t<div class=\"elementor-toggle\">\n\t\t\t\t\t\t\t<div class=\"elementor-toggle-item\">\n\t\t\t\t\t<h5 id=\"elementor-tab-title-1011\" class=\"elementor-tab-title\" data-tab=\"1\" role=\"button\" aria-controls=\"elementor-tab-content-1011\" aria-expanded=\"false\">\n\t\t\t\t\t\t\t\t\t\t\t\t<span class=\"elementor-toggle-icon elementor-toggle-icon-left\" aria-hidden=\"true\">\n\t\t\t\t\t\t\t\t\t\t\t\t\t\t\t<span class=\"elementor-toggle-icon-closed\"><i class=\"fas fa-caret-right\"><\/i><\/span>\n\t\t\t\t\t\t\t\t<span class=\"elementor-toggle-icon-opened\"><i class=\"elementor-toggle-icon-opened fas fa-caret-up\"><\/i><\/span>\n\t\t\t\t\t\t\t\t\t\t\t\t\t<\/span>\n\t\t\t\t\t\t\t\t\t\t\t\t<a class=\"elementor-toggle-title\" tabindex=\"0\">BIOGRAPHY<\/a>\n\t\t\t\t\t<\/h5>\n\n\t\t\t\t\t<div id=\"elementor-tab-content-1011\" class=\"elementor-tab-content elementor-clearfix\" data-tab=\"1\" role=\"region\" aria-labelledby=\"elementor-tab-title-1011\"><p>With a career spanning over 20 years, Daniel S. Arranz\u2019s path exudes versatility.<\/p>\n<p>Throughout this time, he has combined all the disciplines in the industry: content creation, advertising, realities, children shows, entertainment, fictional series and, more recently, films. His resume therefore includes such different productions like \u2018Casi Perfectos\u2019, \u2018Herederos\u2019, \u2018La Rep\u00fablica\u2019, \u2018El Intermedio\u2019, \u2018Liarla Pardo\u2019 or \u2018Jelly Jamm\u2019, an international animated series for which he has also served as its coordinator.<\/p>\n<p>More recently, for two seasons he has written for the Netflix series \u2018Diablero\u2019.<\/p>\n<p>He is currently writing the film \u2018Mi Hijo es el Mejor\u2019 for Morena Films, which will be directed by V\u00edctor Garc\u00eda Le\u00f3n, as well as his own series \u2018Es Complicado\u2019, for Secuoya.<\/p>\n<\/div>\n\t\t\t\t<\/div>\n\t\t\t\t\t\t\t\t<\/div>\n\t\t\t\t\t\t<\/div>\n\t\t\t\t<\/div>\n\t\t\t\t<div class=\"elementor-element elementor-element-21e65a49 elementor-align-center elementor-widget__width-inherit elementor-widget elementor-widget-button\" data-id=\"21e65a49\" data-element_type=\"widget\" data-e-type=\"widget\" data-widget_type=\"button.default\">\n\t\t\t\t<div class=\"elementor-widget-container\">\n\t\t\t\t\t\t\t\t\t<div class=\"elementor-button-wrapper\">\n\t\t\t\t\t<a class=\"elementor-button elementor-button-link elementor-size-sm elementor-animation-grow\" href=\"https:\/\/ruthfranco.com\/wp-content\/uploads\/2023\/03\/DANIEL-S-ARRANZ-CV-EN.pdf\">\n\t\t\t\t\t\t<span class=\"elementor-button-content-wrapper\">\n\t\t\t\t\t\t<span class=\"elementor-button-icon\">\n\t\t\t\t<i aria-hidden=\"true\" class=\"fas fa-arrow-alt-circle-down\"><\/i>\t\t\t<\/span>\n\t\t\t\t\t\t\t\t\t<span class=\"elementor-button-text\">DOWNLOAD CV<\/span>\n\t\t\t\t\t<\/span>\n\t\t\t\t\t<\/a>\n\t\t\t\t<\/div>\n\t\t\t\t\t\t\t\t<\/div>\n\t\t\t\t<\/div>\n\t\t\t\t\t<\/div>\n\t\t<\/div>\n\t\t\t\t<div class=\"elementor-column elementor-col-50 elementor-top-column elementor-element elementor-element-596155e7 elementor-invisible\" data-id=\"596155e7\" data-element_type=\"column\" data-e-type=\"column\" data-settings=\"{&quot;animation&quot;:&quot;fadeInLeft&quot;}\">\n\t\t\t<div class=\"elementor-widget-wrap\">\n\t\t\t\t\t\t\t<\/div>\n\t\t<\/div>\n\t\t\t\t\t<\/div>\n\t\t<\/section>\n\t\t\t\t<\/div>\n\t\t","protected":false},"excerpt":{"rendered":"<p>Daniel S. Arranz IMDb INFORMATION BIOGRAPHY With a career spanning over 20 years, Daniel S. Arranz\u2019s path exudes&#8230;<\/p>\n","protected":false},"author":1,"featured_media":44406,"parent":0,"menu_order":0,"comment_status":"closed","ping_status":"closed","template":"","meta":{"_acf_changed":false,"_seopress_robots_primary_cat":"","_seopress_titles_title":"","_seopress_titles_desc":"","_seopress_robots_index":"","footnotes":""},"categories":[98],"tags":[],"class_list":["post-44421","page","type-page","status-publish","has-post-thumbnail","hentry","category-directors-and-scriptwriters"],"acf":[],"_links":{"self":[{"href":"https:\/\/ruthfranco.com\/en\/wp-json\/wp\/v2\/pages\/44421","targetHints":{"allow":["GET"]}}],"collection":[{"href":"https:\/\/ruthfranco.com\/en\/wp-json\/wp\/v2\/pages"}],"about":[{"href":"https:\/\/ruthfranco.com\/en\/wp-json\/wp\/v2\/types\/page"}],"author":[{"embeddable":true,"href":"https:\/\/ruthfranco.com\/en\/wp-json\/wp\/v2\/users\/1"}],"replies":[{"embeddable":true,"href":"https:\/\/ruthfranco.com\/en\/wp-json\/wp\/v2\/comments?post=44421"}],"version-history":[{"count":7,"href":"https:\/\/ruthfranco.com\/en\/wp-json\/wp\/v2\/pages\/44421\/revisions"}],"predecessor-version":[{"id":56545,"href":"https:\/\/ruthfranco.com\/en\/wp-json\/wp\/v2\/pages\/44421\/revisions\/56545"}],"wp:featuredmedia":[{"embeddable":true,"href":"https:\/\/ruthfranco.com\/en\/wp-json\/wp\/v2\/media\/44406"}],"wp:attachment":[{"href":"https:\/\/ruthfranco.com\/en\/wp-json\/wp\/v2\/media?parent=44421"}],"wp:term":[{"taxonomy":"category","embeddable":true,"href":"https:\/\/ruthfranco.com\/en\/wp-json\/wp\/v2\/categories?post=44421"},{"taxonomy":"post_tag","embeddable":true,"href":"https:\/\/ruthfranco.com\/en\/wp-json\/wp\/v2\/tags?post=44421"}],"curies":[{"name":"wp","href":"https:\/\/api.w.org\/{rel}","templated":true}]}}