{"id":43696,"date":"2021-04-06T15:46:52","date_gmt":"2021-04-06T14:46:52","guid":{"rendered":"https:\/\/ruthfranco.com\/estela-perdomo\/"},"modified":"2026-04-09T14:59:51","modified_gmt":"2026-04-09T12:59:51","slug":"estela-perdomo","status":"publish","type":"page","link":"https:\/\/ruthfranco.com\/en\/estela-perdomo\/","title":{"rendered":"Estela Perdomo"},"content":{"rendered":"\t\t<div data-elementor-type=\"wp-page\" data-elementor-id=\"43696\" class=\"elementor elementor-43696 elementor-43661\" data-elementor-post-type=\"page\">\n\t\t\t\t\t\t<section class=\"elementor-section elementor-top-section elementor-element elementor-element-ca76f97 elementor-section-full_width elementor-section-height-default elementor-section-height-default neuron-fixed-no\" data-id=\"ca76f97\" data-element_type=\"section\" data-e-type=\"section\">\n\t\t\t\t\t\t<div class=\"elementor-container elementor-column-gap-no\">\n\t\t\t\t\t<div class=\"elementor-column elementor-col-100 elementor-top-column elementor-element elementor-element-816e149\" data-id=\"816e149\" data-element_type=\"column\" data-e-type=\"column\">\n\t\t\t<div class=\"elementor-widget-wrap elementor-element-populated\">\n\t\t\t\t\t\t<div class=\"elementor-element elementor-element-b276b9f elementor-widget elementor-widget-neuron-media-gallery\" data-id=\"b276b9f\" data-element_type=\"widget\" data-e-type=\"widget\" data-widget_type=\"neuron-media-gallery.default\">\n\t\t\t\t<div class=\"elementor-widget-container\">\n\t\t\t\t\t\t\t<div class=\"l-posts-wrapper l-filters-holder l-posts-wrapper--meta-outside\" data-posts=\"b276b9f\">\r\n\t\t\t\t\t\t<div class=\"m-media-gallery m-media-gallery--meta-outside   \">\r\n\t\t\t\t<div class=\"owl-carousel owl-theme\" id=\"c485424bf5b2226ec0b6816071cb419e\" data-animation=\"h-fadeInNeuron\" data-wow=\"\">\r\n                    <div class=\"m-media-gallery__item wow h-fadeInNeuron \" >\r\n            <div class=\"o-neuron-hover o-neuron-hover--meta-outside o-neuron-hover--icon o-neuron-hover--translate\">\r\n    <div class=\"o-neuron-hover-holder\">\r\n        <div class=\"o-neuron-hover-holder__header\">\r\n            <div class=\"o-neuron-hover-holder__header__media\">\r\n                <div class=\"h-calculated-image\" style=\"padding-bottom: 133.333333% !important;\"><img fetchpriority=\"high\" decoding=\"async\" width=\"600\" height=\"800\" src=\"https:\/\/ruthfranco.com\/wp-content\/uploads\/2026\/04\/Estela-Perdomo_01.jpg\" class=\"attachment-full size-full\" alt=\"Estela Perdomo actriz\" srcset=\"https:\/\/ruthfranco.com\/wp-content\/uploads\/2026\/04\/Estela-Perdomo_01.jpg 600w, https:\/\/ruthfranco.com\/wp-content\/uploads\/2026\/04\/Estela-Perdomo_01-225x300.jpg 225w\" sizes=\"(max-width: 600px) 100vw, 600px\" \/><\/div>            <\/div>\r\n                            <div class=\"o-neuron-hover-holder__header__overlay\"><\/div>\r\n                    <\/div>\r\n                    <div class=\"o-neuron-hover-holder__body d-flex align-items-center\">\r\n                <div class=\"o-neuron-hover-holder__body-meta\">\r\n                                    <\/div>\r\n                            <\/div>\r\n            <\/div>    \r\n           \r\n<\/div>        <\/div>\r\n                    <div class=\"m-media-gallery__item wow h-fadeInNeuron \" >\r\n            <div class=\"o-neuron-hover o-neuron-hover--meta-outside o-neuron-hover--icon o-neuron-hover--translate\">\r\n    <div class=\"o-neuron-hover-holder\">\r\n        <div class=\"o-neuron-hover-holder__header\">\r\n            <div class=\"o-neuron-hover-holder__header__media\">\r\n                <div class=\"h-calculated-image\" style=\"padding-bottom: 133.333333% !important;\"><img decoding=\"async\" width=\"600\" height=\"800\" src=\"https:\/\/ruthfranco.com\/wp-content\/uploads\/2026\/04\/Estela-Perdomo_02.jpg\" class=\"attachment-full size-full\" alt=\"Estela Perdomo actriz\" srcset=\"https:\/\/ruthfranco.com\/wp-content\/uploads\/2026\/04\/Estela-Perdomo_02.jpg 600w, https:\/\/ruthfranco.com\/wp-content\/uploads\/2026\/04\/Estela-Perdomo_02-225x300.jpg 225w\" sizes=\"(max-width: 600px) 100vw, 600px\" \/><\/div>            <\/div>\r\n                            <div class=\"o-neuron-hover-holder__header__overlay\"><\/div>\r\n                    <\/div>\r\n                    <div class=\"o-neuron-hover-holder__body d-flex align-items-center\">\r\n                <div class=\"o-neuron-hover-holder__body-meta\">\r\n                                    <\/div>\r\n                            <\/div>\r\n            <\/div>    \r\n           \r\n<\/div>        <\/div>\r\n                    <div class=\"m-media-gallery__item wow h-fadeInNeuron \" >\r\n            <div class=\"o-neuron-hover o-neuron-hover--meta-outside o-neuron-hover--icon o-neuron-hover--translate\">\r\n    <div class=\"o-neuron-hover-holder\">\r\n        <div class=\"o-neuron-hover-holder__header\">\r\n            <div class=\"o-neuron-hover-holder__header__media\">\r\n                <div class=\"h-calculated-image\" style=\"padding-bottom: 133.333333% !important;\"><img decoding=\"async\" width=\"600\" height=\"800\" src=\"https:\/\/ruthfranco.com\/wp-content\/uploads\/2026\/04\/Estela-Perdomo_03.jpg\" class=\"attachment-full size-full\" alt=\"Estela Perdomo actriz\" srcset=\"https:\/\/ruthfranco.com\/wp-content\/uploads\/2026\/04\/Estela-Perdomo_03.jpg 600w, https:\/\/ruthfranco.com\/wp-content\/uploads\/2026\/04\/Estela-Perdomo_03-225x300.jpg 225w\" sizes=\"(max-width: 600px) 100vw, 600px\" \/><\/div>            <\/div>\r\n                            <div class=\"o-neuron-hover-holder__header__overlay\"><\/div>\r\n                    <\/div>\r\n                    <div class=\"o-neuron-hover-holder__body d-flex align-items-center\">\r\n                <div class=\"o-neuron-hover-holder__body-meta\">\r\n                                    <\/div>\r\n                            <\/div>\r\n            <\/div>    \r\n           \r\n<\/div>        <\/div>\r\n    <\/div>\r\n<script type=\"text\/javascript\">\r\n    jQuery(function ($) {\r\n        var owl = $('#c485424bf5b2226ec0b6816071cb419e');\r\n\r\n        owl.owlCarousel({\r\n            items: 1,\r\n            margin: 10,\r\n            autoHeight: false,\r\n            loop: false,\r\n            mouseDrag: true,\r\n            touchDrag: true,\r\n            stagePadding: 0,\r\n            startPosition: 0,\r\n            nav: false,\r\n            navText: [\r\n                '<svg xmlns=\"http:\/\/www.w3.org\/2000\/svg\" width=\"22\" height=\"22\" viewBox=\"0 0 24 24\" fill=\"none\" stroke=\"currentColor\" stroke-width=\"2\" stroke-linecap=\"round\" stroke-linejoin=\"round\" class=\"feather feather-arrow-left\"><line x1=\"19\" y1=\"12\" x2=\"5\" y2=\"12\"><\/line><polyline points=\"12 19 5 12 12 5\"><\/polyline><\/svg>',\r\n                '<svg xmlns=\"http:\/\/www.w3.org\/2000\/svg\" width=\"22\" height=\"22\" viewBox=\"0 0 24 24\" fill=\"none\" stroke=\"currentColor\" stroke-width=\"2\" stroke-linecap=\"round\" stroke-linejoin=\"round\" class=\"feather feather-arrow-right\"><line x1=\"5\" y1=\"12\" x2=\"19\" y2=\"12\"><\/line><polyline points=\"12 5 19 12 12 19\"><\/polyline><\/svg>'\r\n            ],\r\n            dots: false,\r\n            autoplay: false,\r\n            autoplayTimeout: 2000,\r\n            autoplayHoverPause: false,\r\n            smartSpeed: 450,\r\n            responsive:{\r\n                768:{\r\n                    items: 2,\r\n                    margin: 5,\r\n                    stagePadding: 0                },\r\n                992:{\r\n                    items: 3,\r\n                    margin: 0,\r\n                    stagePadding: 0                }\r\n            }\r\n        });\r\n    });\r\n<\/script>\t\t\t<\/div>\r\n        <\/div>\r\n        \t\t\t\t<\/div>\n\t\t\t\t<\/div>\n\t\t\t\t\t<\/div>\n\t\t<\/div>\n\t\t\t\t\t<\/div>\n\t\t<\/section>\n\t\t\t\t<section class=\"elementor-section elementor-top-section elementor-element elementor-element-55727ac2 elementor-section-full_width elementor-section-height-default elementor-section-height-default neuron-fixed-no\" data-id=\"55727ac2\" data-element_type=\"section\" data-e-type=\"section\">\n\t\t\t\t\t\t<div class=\"elementor-container elementor-column-gap-default\">\n\t\t\t\t\t<div class=\"elementor-column elementor-col-100 elementor-top-column elementor-element elementor-element-1bee4aee\" data-id=\"1bee4aee\" data-element_type=\"column\" data-e-type=\"column\">\n\t\t\t<div class=\"elementor-widget-wrap elementor-element-populated\">\n\t\t\t\t\t\t<div class=\"elementor-element elementor-element-4accdb04 elementor-widget elementor-widget-text-editor\" data-id=\"4accdb04\" data-element_type=\"widget\" data-e-type=\"widget\" data-widget_type=\"text-editor.default\">\n\t\t\t\t<div class=\"elementor-widget-container\">\n\t\t\t\t\t\t\t\t\t<h2>Estela Perdomo<\/h2>\n\t\t\t\t\t\t\t\t<\/div>\n\t\t\t\t<\/div>\n\t\t\t\t\t<\/div>\n\t\t<\/div>\n\t\t\t\t\t<\/div>\n\t\t<\/section>\n\t\t\t\t<section class=\"elementor-section elementor-top-section elementor-element elementor-element-705b2baf elementor-section-boxed elementor-section-height-default elementor-section-height-default neuron-fixed-no\" data-id=\"705b2baf\" data-element_type=\"section\" data-e-type=\"section\">\n\t\t\t\t\t\t<div class=\"elementor-container elementor-column-gap-no\">\n\t\t\t\t\t<div class=\"elementor-column elementor-col-100 elementor-top-column elementor-element elementor-element-1ea63bc0\" data-id=\"1ea63bc0\" data-element_type=\"column\" data-e-type=\"column\">\n\t\t\t<div class=\"elementor-widget-wrap elementor-element-populated\">\n\t\t\t\t\t\t<div class=\"elementor-element elementor-element-3aa17038 e-grid-align-mobile-center e-grid-align-tablet-center elementor-shape-rounded elementor-grid-0 e-grid-align-center elementor-widget elementor-widget-social-icons\" data-id=\"3aa17038\" data-element_type=\"widget\" data-e-type=\"widget\" data-widget_type=\"social-icons.default\">\n\t\t\t\t<div class=\"elementor-widget-container\">\n\t\t\t\t\t\t\t<div class=\"elementor-social-icons-wrapper elementor-grid\" role=\"list\">\n\t\t\t\t\t\t\t<span class=\"elementor-grid-item\" role=\"listitem\">\n\t\t\t\t\t<a class=\"elementor-icon elementor-social-icon elementor-social-icon-wordpress elementor-animation-shrink elementor-repeater-item-365d4fe\" href=\"https:\/\/estelaperdomo.wixsite.com\/actriz\" target=\"_blank\">\n\t\t\t\t\t\t<span class=\"elementor-screen-only\">WordPress<\/span>\n\t\t\t\t\t\t<i aria-hidden=\"true\" class=\"fab fa-wordpress\"><\/i>\t\t\t\t\t<\/a>\n\t\t\t\t<\/span>\n\t\t\t\t\t\t\t<span class=\"elementor-grid-item\" role=\"listitem\">\n\t\t\t\t\t<a class=\"elementor-icon elementor-social-icon elementor-social-icon-instagram elementor-animation-shrink elementor-repeater-item-8040492\" href=\"https:\/\/instagram.com\/estelaperdomoactriz\" target=\"_blank\">\n\t\t\t\t\t\t<span class=\"elementor-screen-only\">Instagram<\/span>\n\t\t\t\t\t\t<i aria-hidden=\"true\" class=\"fab fa-instagram\"><\/i>\t\t\t\t\t<\/a>\n\t\t\t\t<\/span>\n\t\t\t\t\t\t\t<span class=\"elementor-grid-item\" role=\"listitem\">\n\t\t\t\t\t<a class=\"elementor-icon elementor-social-icon elementor-social-icon-facebook-f elementor-animation-shrink elementor-repeater-item-8ce99d0\" href=\"https:\/\/www.facebook.com\/estela.perdomo.54\/\" target=\"_blank\">\n\t\t\t\t\t\t<span class=\"elementor-screen-only\">Facebook-f<\/span>\n\t\t\t\t\t\t<i aria-hidden=\"true\" class=\"fab fa-facebook-f\"><\/i>\t\t\t\t\t<\/a>\n\t\t\t\t<\/span>\n\t\t\t\t\t<\/div>\n\t\t\t\t\t\t<\/div>\n\t\t\t\t<\/div>\n\t\t\t\t\t<\/div>\n\t\t<\/div>\n\t\t\t\t\t<\/div>\n\t\t<\/section>\n\t\t\t\t<section class=\"elementor-section elementor-top-section elementor-element elementor-element-2eedf27 elementor-section-full_width elementor-section-content-middle elementor-section-height-default elementor-section-height-default neuron-fixed-no\" data-id=\"2eedf27\" data-element_type=\"section\" data-e-type=\"section\">\n\t\t\t\t\t\t<div class=\"elementor-container elementor-column-gap-default\">\n\t\t\t\t\t<div class=\"elementor-column elementor-col-100 elementor-top-column elementor-element elementor-element-75a0e3b8\" data-id=\"75a0e3b8\" data-element_type=\"column\" data-e-type=\"column\">\n\t\t\t<div class=\"elementor-widget-wrap elementor-element-populated\">\n\t\t\t\t\t\t<div class=\"elementor-element elementor-element-787ad33b elementor-button-warning elementor-align-justify elementor-widget elementor-widget-button\" data-id=\"787ad33b\" data-element_type=\"widget\" data-e-type=\"widget\" data-widget_type=\"button.default\">\n\t\t\t\t<div class=\"elementor-widget-container\">\n\t\t\t\t\t\t\t\t\t<div class=\"elementor-button-wrapper\">\n\t\t\t\t\t<a class=\"elementor-button elementor-button-link elementor-size-md elementor-animation-grow\" href=\"#\" target=\"_blank\">\n\t\t\t\t\t\t<span class=\"elementor-button-content-wrapper\">\n\t\t\t\t\t\t\t\t\t<span class=\"elementor-button-text\"><strong>IMDb<\/strong><\/span>\n\t\t\t\t\t<\/span>\n\t\t\t\t\t<\/a>\n\t\t\t\t<\/div>\n\t\t\t\t\t\t\t\t<\/div>\n\t\t\t\t<\/div>\n\t\t\t\t\t<\/div>\n\t\t<\/div>\n\t\t\t\t\t<\/div>\n\t\t<\/section>\n\t\t\t\t<section class=\"elementor-section elementor-top-section elementor-element elementor-element-68a7d399 elementor-section-boxed elementor-section-height-default elementor-section-height-default neuron-fixed-no\" data-id=\"68a7d399\" data-element_type=\"section\" data-e-type=\"section\">\n\t\t\t\t\t\t<div class=\"elementor-container elementor-column-gap-extended\">\n\t\t\t\t\t<div class=\"elementor-column elementor-col-50 elementor-top-column elementor-element elementor-element-214e45ba\" data-id=\"214e45ba\" data-element_type=\"column\" data-e-type=\"column\">\n\t\t\t<div class=\"elementor-widget-wrap elementor-element-populated\">\n\t\t\t\t\t\t<div class=\"elementor-element elementor-element-72a82182 elementor-widget elementor-widget-heading\" data-id=\"72a82182\" data-element_type=\"widget\" data-e-type=\"widget\" data-widget_type=\"heading.default\">\n\t\t\t\t<div class=\"elementor-widget-container\">\n\t\t\t\t\t<h4 class=\"elementor-heading-title elementor-size-default\">INFORMATION<\/h4>\t\t\t\t<\/div>\n\t\t\t\t<\/div>\n\t\t\t\t<div class=\"elementor-element elementor-element-693f3515 elementor-widget-divider--view-line elementor-widget elementor-widget-divider\" data-id=\"693f3515\" data-element_type=\"widget\" data-e-type=\"widget\" data-widget_type=\"divider.default\">\n\t\t\t\t<div class=\"elementor-widget-container\">\n\t\t\t\t\t\t\t<div class=\"elementor-divider\">\n\t\t\t<span class=\"elementor-divider-separator\">\n\t\t\t\t\t\t<\/span>\n\t\t<\/div>\n\t\t\t\t\t\t<\/div>\n\t\t\t\t<\/div>\n\t\t\t\t<div class=\"elementor-element elementor-element-7a91d28f elementor-invisible elementor-widget elementor-widget-toggle\" data-id=\"7a91d28f\" data-element_type=\"widget\" data-e-type=\"widget\" data-settings=\"{&quot;_animation&quot;:&quot;fadeInRight&quot;}\" data-widget_type=\"toggle.default\">\n\t\t\t\t<div class=\"elementor-widget-container\">\n\t\t\t\t\t\t\t<div class=\"elementor-toggle\">\n\t\t\t\t\t\t\t<div class=\"elementor-toggle-item\">\n\t\t\t\t\t<h5 id=\"elementor-tab-title-2051\" class=\"elementor-tab-title\" data-tab=\"1\" role=\"button\" aria-controls=\"elementor-tab-content-2051\" aria-expanded=\"false\">\n\t\t\t\t\t\t\t\t\t\t\t\t<span class=\"elementor-toggle-icon elementor-toggle-icon-left\" aria-hidden=\"true\">\n\t\t\t\t\t\t\t\t\t\t\t\t\t\t\t<span class=\"elementor-toggle-icon-closed\"><i class=\"fas fa-caret-right\"><\/i><\/span>\n\t\t\t\t\t\t\t\t<span class=\"elementor-toggle-icon-opened\"><i class=\"elementor-toggle-icon-opened fas fa-caret-up\"><\/i><\/span>\n\t\t\t\t\t\t\t\t\t\t\t\t\t<\/span>\n\t\t\t\t\t\t\t\t\t\t\t\t<a class=\"elementor-toggle-title\" tabindex=\"0\">PROFESSIONAL EXPERIENCE<\/a>\n\t\t\t\t\t<\/h5>\n\n\t\t\t\t\t<div id=\"elementor-tab-content-2051\" class=\"elementor-tab-content elementor-clearfix\" data-tab=\"1\" role=\"region\" aria-labelledby=\"elementor-tab-title-2051\"><p><strong>CINE<\/strong><br \/>\u201cSalir del Ropero\u201d personaje neur\u00f3loga. Dir. \u00c1ngeles Rein\u00e9 2020<br \/>\u201cEin Sommer auf Lanzarote\u201d \u2013 Personaje azafata \u2013 Dir. Jophi Ries 2016<br \/>\u201cA\u00fan hay tiempo\u201d \u2013 Personaje ejecutiva \u2013 Dir. Juan Logar 2013<br \/>\u201cEl amor se mueve\u201d- Personaje enfermera- Dir. Mercedes Afonso 2008<br \/>\u201cBlood Driven\u201d \u2013 Figuraci\u00f3n especial \u2013 Dir. Adri\u00e1n Garc\u00eda Bogliano 2009<br \/>\u201cLos especuladores\u201d \u2013 Personaje secundario -Dir. Jos\u00e9 Rivera 2007<br \/>\u201cTirante el blanco \u2013 Figuraci\u00f3n especial \u2013 Dir. Vicente Aranda 2006<\/p>\n<p><strong>CORTOMETRAJES<\/strong><br \/>\u201cEn busca de tu luz interior\u201d Dir. Manuel Rodr\u00edguez 2020<br \/>\u201cLa \u00faltima parada\u201d .Dir. Amaury Santana 2016<br \/>\u201cHumo\u201d.Dir. Domingo de Luis 2016<br \/>\u201cHablando de Mar\u201d.Dir. Javier Palmero 2014<br \/>\u201cUn pan debajo del brazo (\u00bf?)\u201d.Dir. Tom\u00e1s Studer (2009)\u2028\u201cOpciones\u201d\u2013 Dir. Tomas Studer. <br \/>Reportaje corporativo de Amena (2008)<\/p>\n<p><strong>TELEVISI\u00d3N<\/strong><br \/>\u201cBrigada policial\u201d- Canal 6 2007<br \/>\u201cEl Quijote\u201d \u2013 V\u00eddeo homenaje al Violinista Rostropovich (2005)<\/p>\n<p><strong>TEATRO<\/strong><br \/>\u201cUn dios salvaje\u201d &#8211; Dir. Jos\u00e9 Pedro Carri\u00f3n 2019<br \/>\u201cBaby boom en el Para\u00edso\u201d- Dir. V\u00edctor Vegas 2017-2020<br \/>\u201cClara Victoria\u201d \u2013 Dir. Fernando Becerra 2016-2019<br \/>\u201cCos\u00ed fan tutte\u201d \u2013 C\u00eda. Camareta L\u00edrica de Espa\u00f1a \u2013 Dir. Rodolfo Albero 2015<br \/>\u201cWindsor \u00ac Simpson\u201d Musical \u2013 Dir. Fernando Becerra 2012<br \/>\u201cAventura en el reino de la fantas\u00eda\u201d Musical \u2013 Caballero Morbell\u00ed Producciones. Teatro Alc\u00e1zar de Madrid.<br \/>\u201cDonde est\u00e1n los hombres\u201d \u2013 Dir. Antonio Cantos 2009<br \/>\u201cEl otro Cervantes\u201d \u2013 Dir. Adri\u00e1n Mori\u00f1os 2007<\/p>\n<p><strong>\u2028PUBLICIDAD\u2028<\/strong><br \/>\u201cDodot\u201d anuncio \u2013 Personaje secundario (2010)\u2028\u201cVIPs\u201d \u2013 anuncio \u2013 Personaje secundario (2016)<\/p>\n<\/div>\n\t\t\t\t<\/div>\n\t\t\t\t\t\t\t<div class=\"elementor-toggle-item\">\n\t\t\t\t\t<h5 id=\"elementor-tab-title-2052\" class=\"elementor-tab-title\" data-tab=\"2\" role=\"button\" aria-controls=\"elementor-tab-content-2052\" aria-expanded=\"false\">\n\t\t\t\t\t\t\t\t\t\t\t\t<span class=\"elementor-toggle-icon elementor-toggle-icon-left\" aria-hidden=\"true\">\n\t\t\t\t\t\t\t\t\t\t\t\t\t\t\t<span class=\"elementor-toggle-icon-closed\"><i class=\"fas fa-caret-right\"><\/i><\/span>\n\t\t\t\t\t\t\t\t<span class=\"elementor-toggle-icon-opened\"><i class=\"elementor-toggle-icon-opened fas fa-caret-up\"><\/i><\/span>\n\t\t\t\t\t\t\t\t\t\t\t\t\t<\/span>\n\t\t\t\t\t\t\t\t\t\t\t\t<a class=\"elementor-toggle-title\" tabindex=\"0\">AWARDS<\/a>\n\t\t\t\t\t<\/h5>\n\n\t\t\t\t\t<div id=\"elementor-tab-content-2052\" class=\"elementor-tab-content elementor-clearfix\" data-tab=\"2\" role=\"region\" aria-labelledby=\"elementor-tab-title-2052\"><p>International Festival Cine Chico of Canary Islands. Award of Best Actress San Borond\u00f3n by \u201cOptions\u201d<\/p>\n<\/div>\n\t\t\t\t<\/div>\n\t\t\t\t\t\t\t<div class=\"elementor-toggle-item\">\n\t\t\t\t\t<h5 id=\"elementor-tab-title-2053\" class=\"elementor-tab-title\" data-tab=\"3\" role=\"button\" aria-controls=\"elementor-tab-content-2053\" aria-expanded=\"false\">\n\t\t\t\t\t\t\t\t\t\t\t\t<span class=\"elementor-toggle-icon elementor-toggle-icon-left\" aria-hidden=\"true\">\n\t\t\t\t\t\t\t\t\t\t\t\t\t\t\t<span class=\"elementor-toggle-icon-closed\"><i class=\"fas fa-caret-right\"><\/i><\/span>\n\t\t\t\t\t\t\t\t<span class=\"elementor-toggle-icon-opened\"><i class=\"elementor-toggle-icon-opened fas fa-caret-up\"><\/i><\/span>\n\t\t\t\t\t\t\t\t\t\t\t\t\t<\/span>\n\t\t\t\t\t\t\t\t\t\t\t\t<a class=\"elementor-toggle-title\" tabindex=\"0\">TRAINING<\/a>\n\t\t\t\t\t<\/h5>\n\n\t\t\t\t\t<div id=\"elementor-tab-content-2053\" class=\"elementor-tab-content elementor-clearfix\" data-tab=\"3\" role=\"region\" aria-labelledby=\"elementor-tab-title-2053\"><p>\u201cSuzuki y View Points training\u201d \u2013 City Company- Gabriel Olivares (2015-19)<br \/>\u201cMasterclass\u201d \u2013 Bernard Hiller\u201c 2018<br \/>\u201cStunt workshop (Fight and riding)\u201d \u2013 Nyumad School (2016)<br \/>\u201cVocal training\u201d \u2013 Beatriz Arenas (2014-2017)<br \/>\u201cActing in English\u201d  Bruce Myers.        <br \/>\u201cThe Wright School\u201d John Wright. <br \/>\u201cIntensive actor\u2019s training\u201d Christopher Geitz cinema director.<br \/>\u201cVocal training \u2013 Soprano range\u201d Lidia Garcia. <br \/>\u201cWorkshop cinema\u201d  Eduardo Milewicz cinema director.<br \/>\u201cIn front of the camera\u201d, Jes\u00fas Noguero. <br \/>Acting school of Jorge Eines. <br \/>Street performance, Juan Carlos Corazza School .<br \/>Acting school of Juan Carlos Corazza.<\/p>\n<p><strong>SKILLS<\/strong><br \/>Riding  <br \/>Singer- Soprane range.<br \/>Dance.<br \/>Athletics ( hurdles,long jump, high jump and javelin)<\/p>\n<\/div>\n\t\t\t\t<\/div>\n\t\t\t\t\t\t\t<div class=\"elementor-toggle-item\">\n\t\t\t\t\t<h5 id=\"elementor-tab-title-2054\" class=\"elementor-tab-title\" data-tab=\"4\" role=\"button\" aria-controls=\"elementor-tab-content-2054\" aria-expanded=\"false\">\n\t\t\t\t\t\t\t\t\t\t\t\t<span class=\"elementor-toggle-icon elementor-toggle-icon-left\" aria-hidden=\"true\">\n\t\t\t\t\t\t\t\t\t\t\t\t\t\t\t<span class=\"elementor-toggle-icon-closed\"><i class=\"fas fa-caret-right\"><\/i><\/span>\n\t\t\t\t\t\t\t\t<span class=\"elementor-toggle-icon-opened\"><i class=\"elementor-toggle-icon-opened fas fa-caret-up\"><\/i><\/span>\n\t\t\t\t\t\t\t\t\t\t\t\t\t<\/span>\n\t\t\t\t\t\t\t\t\t\t\t\t<a class=\"elementor-toggle-title\" tabindex=\"0\">LANGUAGES<\/a>\n\t\t\t\t\t<\/h5>\n\n\t\t\t\t\t<div id=\"elementor-tab-content-2054\" class=\"elementor-tab-content elementor-clearfix\" data-tab=\"4\" role=\"region\" aria-labelledby=\"elementor-tab-title-2054\"><p>Fluent English<\/p>\n<\/div>\n\t\t\t\t<\/div>\n\t\t\t\t\t\t\t\t<\/div>\n\t\t\t\t\t\t<\/div>\n\t\t\t\t<\/div>\n\t\t\t\t<div class=\"elementor-element elementor-element-455ef718 elementor-align-center elementor-widget__width-inherit elementor-widget elementor-widget-button\" data-id=\"455ef718\" data-element_type=\"widget\" data-e-type=\"widget\" data-widget_type=\"button.default\">\n\t\t\t\t<div class=\"elementor-widget-container\">\n\t\t\t\t\t\t\t\t\t<div class=\"elementor-button-wrapper\">\n\t\t\t\t\t<a class=\"elementor-button elementor-button-link elementor-size-sm elementor-animation-grow\" href=\"https:\/\/ruthfranco.com\/wp-content\/uploads\/2021\/04\/Estela-Perdomo-CV-EN.pdf\">\n\t\t\t\t\t\t<span class=\"elementor-button-content-wrapper\">\n\t\t\t\t\t\t<span class=\"elementor-button-icon\">\n\t\t\t\t<i aria-hidden=\"true\" class=\"fas fa-arrow-alt-circle-down\"><\/i>\t\t\t<\/span>\n\t\t\t\t\t\t\t\t\t<span class=\"elementor-button-text\">DOWNLOAD CV<\/span>\n\t\t\t\t\t<\/span>\n\t\t\t\t\t<\/a>\n\t\t\t\t<\/div>\n\t\t\t\t\t\t\t\t<\/div>\n\t\t\t\t<\/div>\n\t\t\t\t\t<\/div>\n\t\t<\/div>\n\t\t\t\t<div class=\"elementor-column elementor-col-50 elementor-top-column elementor-element elementor-element-36be29b9 elementor-invisible\" data-id=\"36be29b9\" data-element_type=\"column\" data-e-type=\"column\" data-settings=\"{&quot;animation&quot;:&quot;fadeInLeft&quot;}\">\n\t\t\t<div class=\"elementor-widget-wrap elementor-element-populated\">\n\t\t\t\t\t\t<div class=\"elementor-element elementor-element-2676696c elementor-widget elementor-widget-heading\" data-id=\"2676696c\" data-element_type=\"widget\" data-e-type=\"widget\" data-widget_type=\"heading.default\">\n\t\t\t\t<div class=\"elementor-widget-container\">\n\t\t\t\t\t<h4 class=\"elementor-heading-title elementor-size-default\">VIDEOBOOK<\/h4>\t\t\t\t<\/div>\n\t\t\t\t<\/div>\n\t\t\t\t<div class=\"elementor-element elementor-element-4abfaf32 elementor-widget-divider--view-line elementor-widget elementor-widget-divider\" data-id=\"4abfaf32\" data-element_type=\"widget\" data-e-type=\"widget\" data-widget_type=\"divider.default\">\n\t\t\t\t<div class=\"elementor-widget-container\">\n\t\t\t\t\t\t\t<div class=\"elementor-divider\">\n\t\t\t<span class=\"elementor-divider-separator\">\n\t\t\t\t\t\t<\/span>\n\t\t<\/div>\n\t\t\t\t\t\t<\/div>\n\t\t\t\t<\/div>\n\t\t\t\t<div class=\"elementor-element elementor-element-39a589e5 elementor-widget elementor-widget-video\" data-id=\"39a589e5\" data-element_type=\"widget\" data-e-type=\"widget\" data-settings=\"{&quot;youtube_url&quot;:&quot;https:\\\/\\\/youtu.be\\\/SRx9tM-KkaY&quot;,&quot;video_type&quot;:&quot;youtube&quot;,&quot;controls&quot;:&quot;yes&quot;}\" data-widget_type=\"video.default\">\n\t\t\t\t<div class=\"elementor-widget-container\">\n\t\t\t\t\t\t\t<div class=\"elementor-wrapper elementor-open-inline\">\n\t\t\t<div class=\"elementor-video\"><\/div>\t\t<\/div>\n\t\t\t\t\t\t<\/div>\n\t\t\t\t<\/div>\n\t\t\t\t\t<\/div>\n\t\t<\/div>\n\t\t\t\t\t<\/div>\n\t\t<\/section>\n\t\t\t\t<\/div>\n\t\t","protected":false},"excerpt":{"rendered":"<p>Estela Perdomo Wordpress Instagram Facebook-f IMDb INFORMATION PROFESSIONAL EXPERIENCE CINE\u201cSalir del Ropero\u201d personaje neur\u00f3loga. Dir. \u00c1ngeles Rein\u00e9 2020\u201cEin&#8230;<\/p>\n","protected":false},"author":1,"featured_media":70361,"parent":0,"menu_order":0,"comment_status":"closed","ping_status":"closed","template":"","meta":{"_acf_changed":false,"_seopress_robots_primary_cat":"","_seopress_titles_title":"%%post_title%% %%sep%% %%sitetitle%%","_seopress_titles_desc":"Estela Perdomo, an actress based in the Canary Islands, with experience in film, TV and theatre. She has appeared in Salir del ropero and in international projects. (More info.)","_seopress_robots_index":"","footnotes":""},"categories":[107,118],"tags":[],"class_list":["post-43696","page","type-page","status-publish","has-post-thumbnail","hentry","category-canary-actresses","category-canary-actresses-fluent-english"],"acf":[],"_links":{"self":[{"href":"https:\/\/ruthfranco.com\/en\/wp-json\/wp\/v2\/pages\/43696","targetHints":{"allow":["GET"]}}],"collection":[{"href":"https:\/\/ruthfranco.com\/en\/wp-json\/wp\/v2\/pages"}],"about":[{"href":"https:\/\/ruthfranco.com\/en\/wp-json\/wp\/v2\/types\/page"}],"author":[{"embeddable":true,"href":"https:\/\/ruthfranco.com\/en\/wp-json\/wp\/v2\/users\/1"}],"replies":[{"embeddable":true,"href":"https:\/\/ruthfranco.com\/en\/wp-json\/wp\/v2\/comments?post=43696"}],"version-history":[{"count":3,"href":"https:\/\/ruthfranco.com\/en\/wp-json\/wp\/v2\/pages\/43696\/revisions"}],"predecessor-version":[{"id":70367,"href":"https:\/\/ruthfranco.com\/en\/wp-json\/wp\/v2\/pages\/43696\/revisions\/70367"}],"wp:featuredmedia":[{"embeddable":true,"href":"https:\/\/ruthfranco.com\/en\/wp-json\/wp\/v2\/media\/70361"}],"wp:attachment":[{"href":"https:\/\/ruthfranco.com\/en\/wp-json\/wp\/v2\/media?parent=43696"}],"wp:term":[{"taxonomy":"category","embeddable":true,"href":"https:\/\/ruthfranco.com\/en\/wp-json\/wp\/v2\/categories?post=43696"},{"taxonomy":"post_tag","embeddable":true,"href":"https:\/\/ruthfranco.com\/en\/wp-json\/wp\/v2\/tags?post=43696"}],"curies":[{"name":"wp","href":"https:\/\/api.w.org\/{rel}","templated":true}]}}