{"id":38742,"date":"2020-09-25T13:19:37","date_gmt":"2020-09-25T12:19:37","guid":{"rendered":"http:\/\/ruthfranco.com\/silvia-criado\/"},"modified":"2024-08-01T18:25:25","modified_gmt":"2024-08-01T16:25:25","slug":"silvia-criado","status":"publish","type":"page","link":"https:\/\/ruthfranco.com\/en\/silvia-criado\/","title":{"rendered":"Silvia Criado"},"content":{"rendered":"\t\t<div data-elementor-type=\"wp-page\" data-elementor-id=\"38742\" class=\"elementor elementor-38742 elementor-35758\" data-elementor-post-type=\"page\">\n\t\t\t\t\t\t<section class=\"elementor-section elementor-top-section elementor-element elementor-element-2dba8cbf elementor-section-full_width elementor-section-height-default elementor-section-height-default neuron-fixed-no\" data-id=\"2dba8cbf\" data-element_type=\"section\" data-e-type=\"section\" data-settings=\"{&quot;background_background&quot;:&quot;classic&quot;}\">\n\t\t\t\t\t\t<div class=\"elementor-container elementor-column-gap-no\">\n\t\t\t\t\t<div class=\"elementor-column elementor-col-100 elementor-top-column elementor-element elementor-element-4fe346d8\" data-id=\"4fe346d8\" data-element_type=\"column\" data-e-type=\"column\">\n\t\t\t<div class=\"elementor-widget-wrap elementor-element-populated\">\n\t\t\t\t\t\t<div class=\"elementor-element elementor-element-62af0fb6 elementor-invisible elementor-widget elementor-widget-neuron-media-gallery\" data-id=\"62af0fb6\" data-element_type=\"widget\" data-e-type=\"widget\" data-settings=\"{&quot;_animation&quot;:&quot;fadeInLeft&quot;}\" data-widget_type=\"neuron-media-gallery.default\">\n\t\t\t\t<div class=\"elementor-widget-container\">\n\t\t\t\t\t\t\t<div class=\"l-posts-wrapper l-filters-holder l-posts-wrapper--meta-outside\" data-posts=\"62af0fb6\">\r\n\t\t\t\t\t\t<div class=\"m-media-gallery m-media-gallery--meta-outside   \">\r\n\t\t\t\t<div class=\"owl-carousel owl-theme\" id=\"c510bfc47545c7cd1c8182805e9323f9\" data-animation=\"h-fadeInLeftNeuron\" data-wow=\"yes\">\r\n                    <div class=\"m-media-gallery__item wow intro-animation \" >\r\n            <div class=\"o-neuron-hover o-neuron-hover--meta-outside o-neuron-hover--icon o-neuron-hover--translate\">\r\n    <div class=\"o-neuron-hover-holder\">\r\n        <div class=\"o-neuron-hover-holder__header\">\r\n            <div class=\"o-neuron-hover-holder__header__media\">\r\n                <div class=\"h-calculated-image\" style=\"padding-bottom: 133.333333% !important;\"><img fetchpriority=\"high\" decoding=\"async\" width=\"600\" height=\"800\" src=\"https:\/\/ruthfranco.com\/wp-content\/uploads\/2024\/08\/Silvia-Criado_1.jpg\" class=\"attachment-full size-full\" alt=\"Silvia Criado actriz\" srcset=\"https:\/\/ruthfranco.com\/wp-content\/uploads\/2024\/08\/Silvia-Criado_1.jpg 600w, https:\/\/ruthfranco.com\/wp-content\/uploads\/2024\/08\/Silvia-Criado_1-225x300.jpg 225w\" sizes=\"(max-width: 600px) 100vw, 600px\" \/><\/div>            <\/div>\r\n                            <div class=\"o-neuron-hover-holder__header__overlay\"><\/div>\r\n                    <\/div>\r\n                    <div class=\"o-neuron-hover-holder__body d-flex align-items-center\">\r\n                <div class=\"o-neuron-hover-holder__body-meta\">\r\n                                    <\/div>\r\n                            <\/div>\r\n            <\/div>    \r\n           \r\n<\/div>        <\/div>\r\n                    <div class=\"m-media-gallery__item wow intro-animation \" data-wow-delay=0.2s>\r\n            <div class=\"o-neuron-hover o-neuron-hover--meta-outside o-neuron-hover--icon o-neuron-hover--translate\">\r\n    <div class=\"o-neuron-hover-holder\">\r\n        <div class=\"o-neuron-hover-holder__header\">\r\n            <div class=\"o-neuron-hover-holder__header__media\">\r\n                <div class=\"h-calculated-image\" style=\"padding-bottom: 133.333333% !important;\"><img decoding=\"async\" width=\"600\" height=\"800\" src=\"https:\/\/ruthfranco.com\/wp-content\/uploads\/2024\/08\/Silvia-Criado_2.jpg\" class=\"attachment-full size-full\" alt=\"Silvia Criado actriz\" srcset=\"https:\/\/ruthfranco.com\/wp-content\/uploads\/2024\/08\/Silvia-Criado_2.jpg 600w, https:\/\/ruthfranco.com\/wp-content\/uploads\/2024\/08\/Silvia-Criado_2-225x300.jpg 225w\" sizes=\"(max-width: 600px) 100vw, 600px\" \/><\/div>            <\/div>\r\n                            <div class=\"o-neuron-hover-holder__header__overlay\"><\/div>\r\n                    <\/div>\r\n                    <div class=\"o-neuron-hover-holder__body d-flex align-items-center\">\r\n                <div class=\"o-neuron-hover-holder__body-meta\">\r\n                                    <\/div>\r\n                            <\/div>\r\n            <\/div>    \r\n           \r\n<\/div>        <\/div>\r\n                    <div class=\"m-media-gallery__item wow intro-animation \" data-wow-delay=0.4s>\r\n            <div class=\"o-neuron-hover o-neuron-hover--meta-outside o-neuron-hover--icon o-neuron-hover--translate\">\r\n    <div class=\"o-neuron-hover-holder\">\r\n        <div class=\"o-neuron-hover-holder__header\">\r\n            <div class=\"o-neuron-hover-holder__header__media\">\r\n                <div class=\"h-calculated-image\" style=\"padding-bottom: 133.333333% !important;\"><img decoding=\"async\" width=\"600\" height=\"800\" src=\"https:\/\/ruthfranco.com\/wp-content\/uploads\/2024\/08\/Silvia-Criado_3.jpg\" class=\"attachment-full size-full\" alt=\"Silvia Criado actriz\" srcset=\"https:\/\/ruthfranco.com\/wp-content\/uploads\/2024\/08\/Silvia-Criado_3.jpg 600w, https:\/\/ruthfranco.com\/wp-content\/uploads\/2024\/08\/Silvia-Criado_3-225x300.jpg 225w\" sizes=\"(max-width: 600px) 100vw, 600px\" \/><\/div>            <\/div>\r\n                            <div class=\"o-neuron-hover-holder__header__overlay\"><\/div>\r\n                    <\/div>\r\n                    <div class=\"o-neuron-hover-holder__body d-flex align-items-center\">\r\n                <div class=\"o-neuron-hover-holder__body-meta\">\r\n                                    <\/div>\r\n                            <\/div>\r\n            <\/div>    \r\n           \r\n<\/div>        <\/div>\r\n    <\/div>\r\n<script type=\"text\/javascript\">\r\n    jQuery(function ($) {\r\n        var owl = $('#c510bfc47545c7cd1c8182805e9323f9');\r\n\r\n        owl.owlCarousel({\r\n            items: 1,\r\n            margin: 10,\r\n            autoHeight: false,\r\n            loop: false,\r\n            mouseDrag: true,\r\n            touchDrag: true,\r\n            stagePadding: 0,\r\n            startPosition: 0,\r\n            nav: true,\r\n            navText: [\r\n                '<svg xmlns=\"http:\/\/www.w3.org\/2000\/svg\" width=\"22\" height=\"22\" viewBox=\"0 0 24 24\" fill=\"none\" stroke=\"currentColor\" stroke-width=\"2\" stroke-linecap=\"round\" stroke-linejoin=\"round\" class=\"feather feather-arrow-left\"><line x1=\"19\" y1=\"12\" x2=\"5\" y2=\"12\"><\/line><polyline points=\"12 19 5 12 12 5\"><\/polyline><\/svg>',\r\n                '<svg xmlns=\"http:\/\/www.w3.org\/2000\/svg\" width=\"22\" height=\"22\" viewBox=\"0 0 24 24\" fill=\"none\" stroke=\"currentColor\" stroke-width=\"2\" stroke-linecap=\"round\" stroke-linejoin=\"round\" class=\"feather feather-arrow-right\"><line x1=\"5\" y1=\"12\" x2=\"19\" y2=\"12\"><\/line><polyline points=\"12 5 19 12 12 19\"><\/polyline><\/svg>'\r\n            ],\r\n            dots: true,\r\n            autoplay: false,\r\n            autoplayTimeout: 2000,\r\n            autoplayHoverPause: false,\r\n            smartSpeed: 450,\r\n            responsive:{\r\n                768:{\r\n                    items: 1,\r\n                    margin: 5,\r\n                    stagePadding: 0                },\r\n                992:{\r\n                    items: 3,\r\n                    margin: 10,\r\n                    stagePadding: 0                }\r\n            }\r\n        });\r\n    });\r\n<\/script>\t\t\t<\/div>\r\n        <\/div>\r\n        \t\t\t\t<\/div>\n\t\t\t\t<\/div>\n\t\t\t\t\t<\/div>\n\t\t<\/div>\n\t\t\t\t\t<\/div>\n\t\t<\/section>\n\t\t\t\t<section class=\"elementor-section elementor-top-section elementor-element elementor-element-4cf75dd1 elementor-section-full_width elementor-section-height-default elementor-section-height-default neuron-fixed-no\" data-id=\"4cf75dd1\" data-element_type=\"section\" data-e-type=\"section\">\n\t\t\t\t\t\t<div class=\"elementor-container elementor-column-gap-default\">\n\t\t\t\t\t<div class=\"elementor-column elementor-col-100 elementor-top-column elementor-element elementor-element-731a33e6\" data-id=\"731a33e6\" data-element_type=\"column\" data-e-type=\"column\">\n\t\t\t<div class=\"elementor-widget-wrap elementor-element-populated\">\n\t\t\t\t\t\t<div class=\"elementor-element elementor-element-401fc4ca elementor-widget elementor-widget-text-editor\" data-id=\"401fc4ca\" data-element_type=\"widget\" data-e-type=\"widget\" data-widget_type=\"text-editor.default\">\n\t\t\t\t<div class=\"elementor-widget-container\">\n\t\t\t\t\t\t\t\t\t<h2>Silvia Criado<\/h2>\n\t\t\t\t\t\t\t\t<\/div>\n\t\t\t\t<\/div>\n\t\t\t\t\t<\/div>\n\t\t<\/div>\n\t\t\t\t\t<\/div>\n\t\t<\/section>\n\t\t\t\t<section class=\"elementor-section elementor-top-section elementor-element elementor-element-5190a13b elementor-section-boxed elementor-section-height-default elementor-section-height-default neuron-fixed-no\" data-id=\"5190a13b\" data-element_type=\"section\" data-e-type=\"section\">\n\t\t\t\t\t\t<div class=\"elementor-container elementor-column-gap-no\">\n\t\t\t\t\t<div class=\"elementor-column elementor-col-100 elementor-top-column elementor-element elementor-element-4b4f2dd4\" data-id=\"4b4f2dd4\" data-element_type=\"column\" data-e-type=\"column\">\n\t\t\t<div class=\"elementor-widget-wrap elementor-element-populated\">\n\t\t\t\t\t\t<div class=\"elementor-element elementor-element-12079cd2 e-grid-align-mobile-center e-grid-align-tablet-left elementor-shape-rounded elementor-grid-0 e-grid-align-center elementor-widget elementor-widget-social-icons\" data-id=\"12079cd2\" data-element_type=\"widget\" data-e-type=\"widget\" data-widget_type=\"social-icons.default\">\n\t\t\t\t<div class=\"elementor-widget-container\">\n\t\t\t\t\t\t\t<div class=\"elementor-social-icons-wrapper elementor-grid\">\n\t\t\t\t\t\t\t<span class=\"elementor-grid-item\">\n\t\t\t\t\t<a class=\"elementor-icon elementor-social-icon elementor-social-icon-instagram elementor-animation-push elementor-repeater-item-8040492\" href=\"https:\/\/www.instagram.com\/silviacriadoc\/\" target=\"_blank\">\n\t\t\t\t\t\t<span class=\"elementor-screen-only\">Instagram<\/span>\n\t\t\t\t\t\t<i aria-hidden=\"true\" class=\"fab fa-instagram\"><\/i>\t\t\t\t\t<\/a>\n\t\t\t\t<\/span>\n\t\t\t\t\t<\/div>\n\t\t\t\t\t\t<\/div>\n\t\t\t\t<\/div>\n\t\t\t\t\t<\/div>\n\t\t<\/div>\n\t\t\t\t\t<\/div>\n\t\t<\/section>\n\t\t\t\t<section class=\"elementor-section elementor-top-section elementor-element elementor-element-d947e5a elementor-section-full_width elementor-section-content-middle elementor-section-height-default elementor-section-height-default neuron-fixed-no\" data-id=\"d947e5a\" data-element_type=\"section\" data-e-type=\"section\">\n\t\t\t\t\t\t<div class=\"elementor-container elementor-column-gap-extended\">\n\t\t\t\t\t<div class=\"elementor-column elementor-col-100 elementor-top-column elementor-element elementor-element-2deb2b9c\" data-id=\"2deb2b9c\" data-element_type=\"column\" data-e-type=\"column\">\n\t\t\t<div class=\"elementor-widget-wrap elementor-element-populated\">\n\t\t\t\t\t\t<div class=\"elementor-element elementor-element-686e3dc8 elementor-button-warning elementor-align-justify elementor-widget elementor-widget-button\" data-id=\"686e3dc8\" data-element_type=\"widget\" data-e-type=\"widget\" data-widget_type=\"button.default\">\n\t\t\t\t<div class=\"elementor-widget-container\">\n\t\t\t\t\t\t\t\t\t<div class=\"elementor-button-wrapper\">\n\t\t\t\t\t<a class=\"elementor-button elementor-button-link elementor-size-md elementor-animation-grow\" href=\"https:\/\/www.imdb.com\/name\/nm7902485\/\" target=\"_blank\">\n\t\t\t\t\t\t<span class=\"elementor-button-content-wrapper\">\n\t\t\t\t\t\t\t\t\t<span class=\"elementor-button-text\"><strong>IMDb<\/strong><\/span>\n\t\t\t\t\t<\/span>\n\t\t\t\t\t<\/a>\n\t\t\t\t<\/div>\n\t\t\t\t\t\t\t\t<\/div>\n\t\t\t\t<\/div>\n\t\t\t\t\t<\/div>\n\t\t<\/div>\n\t\t\t\t\t<\/div>\n\t\t<\/section>\n\t\t\t\t<section class=\"elementor-section elementor-top-section elementor-element elementor-element-5551b528 elementor-section-boxed elementor-section-height-default elementor-section-height-default neuron-fixed-no\" data-id=\"5551b528\" data-element_type=\"section\" data-e-type=\"section\">\n\t\t\t\t\t\t<div class=\"elementor-container elementor-column-gap-extended\">\n\t\t\t\t\t<div class=\"elementor-column elementor-col-50 elementor-top-column elementor-element elementor-element-1bcb06a4\" data-id=\"1bcb06a4\" data-element_type=\"column\" data-e-type=\"column\">\n\t\t\t<div class=\"elementor-widget-wrap elementor-element-populated\">\n\t\t\t\t\t\t<div class=\"elementor-element elementor-element-78912a4b elementor-widget elementor-widget-heading\" data-id=\"78912a4b\" data-element_type=\"widget\" data-e-type=\"widget\" data-widget_type=\"heading.default\">\n\t\t\t\t<div class=\"elementor-widget-container\">\n\t\t\t\t\t<h4 class=\"elementor-heading-title elementor-size-default\">INFORMATION<\/h4>\t\t\t\t<\/div>\n\t\t\t\t<\/div>\n\t\t\t\t<div class=\"elementor-element elementor-element-15d90ca4 elementor-widget-divider--view-line elementor-widget elementor-widget-divider\" data-id=\"15d90ca4\" data-element_type=\"widget\" data-e-type=\"widget\" data-widget_type=\"divider.default\">\n\t\t\t\t<div class=\"elementor-widget-container\">\n\t\t\t\t\t\t\t<div class=\"elementor-divider\">\n\t\t\t<span class=\"elementor-divider-separator\">\n\t\t\t\t\t\t<\/span>\n\t\t<\/div>\n\t\t\t\t\t\t<\/div>\n\t\t\t\t<\/div>\n\t\t\t\t<div class=\"elementor-element elementor-element-12a655ca elementor-invisible elementor-widget elementor-widget-toggle\" data-id=\"12a655ca\" data-element_type=\"widget\" data-e-type=\"widget\" data-settings=\"{&quot;_animation&quot;:&quot;fadeInRight&quot;}\" data-widget_type=\"toggle.default\">\n\t\t\t\t<div class=\"elementor-widget-container\">\n\t\t\t\t\t\t\t<div class=\"elementor-toggle\">\n\t\t\t\t\t\t\t<div class=\"elementor-toggle-item\">\n\t\t\t\t\t<h5 id=\"elementor-tab-title-3121\" class=\"elementor-tab-title\" data-tab=\"1\" role=\"button\" aria-controls=\"elementor-tab-content-3121\" aria-expanded=\"false\">\n\t\t\t\t\t\t\t\t\t\t\t\t<span class=\"elementor-toggle-icon elementor-toggle-icon-left\" aria-hidden=\"true\">\n\t\t\t\t\t\t\t\t\t\t\t\t\t\t\t<span class=\"elementor-toggle-icon-closed\"><i class=\"fas fa-caret-right\"><\/i><\/span>\n\t\t\t\t\t\t\t\t<span class=\"elementor-toggle-icon-opened\"><i class=\"elementor-toggle-icon-opened fas fa-caret-up\"><\/i><\/span>\n\t\t\t\t\t\t\t\t\t\t\t\t\t<\/span>\n\t\t\t\t\t\t\t\t\t\t\t\t<a class=\"elementor-toggle-title\" tabindex=\"0\">PROFESSIONAL EXPERIENCE<\/a>\n\t\t\t\t\t<\/h5>\n\n\t\t\t\t\t<div id=\"elementor-tab-content-3121\" class=\"elementor-tab-content elementor-clearfix\" data-tab=\"1\" role=\"region\" aria-labelledby=\"elementor-tab-title-3121\"><p><strong>TELEVISION<\/strong><br \/>\n\u201cHASTA QUE ESTAS ESPERANDO\u201d Atresplayer 2025<br \/>\n\u201cVERSI\u00d3N IMPOSIBLE\u201d TV Canaria 2024<br \/>\n\u201cEN OTRA CLAVE\u201d TV Canaria. 2022- 2023<\/p>\n<p><strong>THEATRE<\/strong><br \/>\n\u201cPANZA DE BURRO\u201d. Dir. Severiano Garc\u00eda. Delirium Teatro 2023-2024<br \/>\n\u201cPAPAYA ROCK\u201d. Dir: Cabaret Papaya 2023<br \/>\n\u201cLA INMORTALIDAD\u201d Dir. Severiano Garc\u00eda. Delirium Teatro. 2022-2023<br \/>\n\u201cTODAS A UNA\u201d Dir. V\u00edctor As\u00eds. El Antih\u00e9roe Teatro 2021<br \/>\n\u201cCABARET BANANA: PA VIRUS YO\u201d. Dir. Fran Pedrianes 2021- 2022<br \/>\n\u201cTRANSFORMACI\u00d3N\u201d Dir. Paloma Pedrero. CDN. 2020<br \/>\n\u201cEL COLOR DE AGOSTO\u201d Dir. Jaroslaw Bielski. 2019<br \/>\n\u201cNIDOS DE HORMIG\u00d3N\u201d Dir. George Marinov 2019<br \/>\n\u201cLA TENTACI\u00d3N DE VIVIR\u201d Dir. Agust\u00edn Bellusci 2017 \u201cTAXI GIRL\u201d. Dir. Javier Giner. CDN. 2020<\/p>\n<p><strong>SHORTFILMS<\/strong><br \/>\n\u201cREQUIEM FOR THE PARTY\u201d Dir. David Pantale\u00f3n 2022<br \/>\n\u201cREBA\u00d1O\u201d Dir. Rut Angelina 2021<br \/>\n\u201cGASOLINE\u201d Dir. Abubukaka 2021<br \/>\n\u201cSAGITTARIUS\u201d Dir. Emilio Gonz\u00e1lez 2021<br \/>\n\u201cFAREWELL: LONG LIVE THE BRIDE!\u201d Directed by Sara Bamba (2017)<br \/>\n\u201cTHE HUNT\u201d Dir. Orencio Carvajal (2017)<br \/>\n\u201cA THERAPY ON THE OUTSIDE\u201d Dir. F\u00e9lix Sabroso (2015)<\/p>\n<\/div>\n\t\t\t\t<\/div>\n\t\t\t\t\t\t\t<div class=\"elementor-toggle-item\">\n\t\t\t\t\t<h5 id=\"elementor-tab-title-3122\" class=\"elementor-tab-title\" data-tab=\"2\" role=\"button\" aria-controls=\"elementor-tab-content-3122\" aria-expanded=\"false\">\n\t\t\t\t\t\t\t\t\t\t\t\t<span class=\"elementor-toggle-icon elementor-toggle-icon-left\" aria-hidden=\"true\">\n\t\t\t\t\t\t\t\t\t\t\t\t\t\t\t<span class=\"elementor-toggle-icon-closed\"><i class=\"fas fa-caret-right\"><\/i><\/span>\n\t\t\t\t\t\t\t\t<span class=\"elementor-toggle-icon-opened\"><i class=\"elementor-toggle-icon-opened fas fa-caret-up\"><\/i><\/span>\n\t\t\t\t\t\t\t\t\t\t\t\t\t<\/span>\n\t\t\t\t\t\t\t\t\t\t\t\t<a class=\"elementor-toggle-title\" tabindex=\"0\">AWARDS<\/a>\n\t\t\t\t\t<\/h5>\n\n\t\t\t\t\t<div id=\"elementor-tab-content-3122\" class=\"elementor-tab-content elementor-clearfix\" data-tab=\"2\" role=\"region\" aria-labelledby=\"elementor-tab-title-3122\"><p>Premio Ex Aequo como Mejor interpretaci\u00f3n a todas las actrices del corto \u201cDespedida\u201d 2017<br \/>\nPremio a la Mejor Interpretaci\u00f3n Femenina por el Cortometraje \u201cUn final de ensue\u00f1o\u201d 2009.<\/p>\n<\/div>\n\t\t\t\t<\/div>\n\t\t\t\t\t\t\t<div class=\"elementor-toggle-item\">\n\t\t\t\t\t<h5 id=\"elementor-tab-title-3123\" class=\"elementor-tab-title\" data-tab=\"3\" role=\"button\" aria-controls=\"elementor-tab-content-3123\" aria-expanded=\"false\">\n\t\t\t\t\t\t\t\t\t\t\t\t<span class=\"elementor-toggle-icon elementor-toggle-icon-left\" aria-hidden=\"true\">\n\t\t\t\t\t\t\t\t\t\t\t\t\t\t\t<span class=\"elementor-toggle-icon-closed\"><i class=\"fas fa-caret-right\"><\/i><\/span>\n\t\t\t\t\t\t\t\t<span class=\"elementor-toggle-icon-opened\"><i class=\"elementor-toggle-icon-opened fas fa-caret-up\"><\/i><\/span>\n\t\t\t\t\t\t\t\t\t\t\t\t\t<\/span>\n\t\t\t\t\t\t\t\t\t\t\t\t<a class=\"elementor-toggle-title\" tabindex=\"0\">TRAINING<\/a>\n\t\t\t\t\t<\/h5>\n\n\t\t\t\t\t<div id=\"elementor-tab-content-3123\" class=\"elementor-tab-content elementor-clearfix\" data-tab=\"3\" role=\"region\" aria-labelledby=\"elementor-tab-title-3123\"><p>Comprehensive training of the actor by the Replika Teatro Academy (2016-2019)<br \/>\nGraduated in Musicology from the Complutense University (2013-2017)<br \/>\nRegular Actor Training at La Usina2013-2017)<br \/>\nChekhov Technique Workshop at the International School of Gesture in Madrid (2016)<br \/>\nActing course on camera with Carla Calparsoro (2018)<br \/>\nActing course on camera with Sara Bamba (2017)<\/p>\n<p><strong>SKILLS<\/strong><br \/>\nSinging<br \/>\nPiano and composition.<br \/>\nDance.<\/p>\n<\/div>\n\t\t\t\t<\/div>\n\t\t\t\t\t\t\t<div class=\"elementor-toggle-item\">\n\t\t\t\t\t<h5 id=\"elementor-tab-title-3124\" class=\"elementor-tab-title\" data-tab=\"4\" role=\"button\" aria-controls=\"elementor-tab-content-3124\" aria-expanded=\"false\">\n\t\t\t\t\t\t\t\t\t\t\t\t<span class=\"elementor-toggle-icon elementor-toggle-icon-left\" aria-hidden=\"true\">\n\t\t\t\t\t\t\t\t\t\t\t\t\t\t\t<span class=\"elementor-toggle-icon-closed\"><i class=\"fas fa-caret-right\"><\/i><\/span>\n\t\t\t\t\t\t\t\t<span class=\"elementor-toggle-icon-opened\"><i class=\"elementor-toggle-icon-opened fas fa-caret-up\"><\/i><\/span>\n\t\t\t\t\t\t\t\t\t\t\t\t\t<\/span>\n\t\t\t\t\t\t\t\t\t\t\t\t<a class=\"elementor-toggle-title\" tabindex=\"0\">LANGUAGES<\/a>\n\t\t\t\t\t<\/h5>\n\n\t\t\t\t\t<div id=\"elementor-tab-content-3124\" class=\"elementor-tab-content elementor-clearfix\" data-tab=\"4\" role=\"region\" aria-labelledby=\"elementor-tab-title-3124\"><p>High english level.<br \/>\nMedium level of Norwegian<br \/>\nBasic level of French.<\/p>\n<\/div>\n\t\t\t\t<\/div>\n\t\t\t\t\t\t\t\t<\/div>\n\t\t\t\t\t\t<\/div>\n\t\t\t\t<\/div>\n\t\t\t\t<div class=\"elementor-element elementor-element-1cfd57b4 elementor-align-center elementor-widget__width-inherit elementor-widget elementor-widget-button\" data-id=\"1cfd57b4\" data-element_type=\"widget\" data-e-type=\"widget\" data-widget_type=\"button.default\">\n\t\t\t\t<div class=\"elementor-widget-container\">\n\t\t\t\t\t\t\t\t\t<div class=\"elementor-button-wrapper\">\n\t\t\t\t\t<a class=\"elementor-button elementor-button-link elementor-size-sm elementor-animation-grow\" href=\"https:\/\/ruthfranco.com\/wp-content\/uploads\/2024\/05\/SILVIA-CRIADO_CV_EN.pdf\">\n\t\t\t\t\t\t<span class=\"elementor-button-content-wrapper\">\n\t\t\t\t\t\t<span class=\"elementor-button-icon\">\n\t\t\t\t<i aria-hidden=\"true\" class=\"fas fa-arrow-alt-circle-down\"><\/i>\t\t\t<\/span>\n\t\t\t\t\t\t\t\t\t<span class=\"elementor-button-text\">DOWNLOAD CV<\/span>\n\t\t\t\t\t<\/span>\n\t\t\t\t\t<\/a>\n\t\t\t\t<\/div>\n\t\t\t\t\t\t\t\t<\/div>\n\t\t\t\t<\/div>\n\t\t\t\t\t<\/div>\n\t\t<\/div>\n\t\t\t\t<div class=\"elementor-column elementor-col-50 elementor-top-column elementor-element elementor-element-48690701 elementor-invisible\" data-id=\"48690701\" data-element_type=\"column\" data-e-type=\"column\" data-settings=\"{&quot;animation&quot;:&quot;fadeInLeft&quot;}\">\n\t\t\t<div class=\"elementor-widget-wrap elementor-element-populated\">\n\t\t\t\t\t\t<div class=\"elementor-element elementor-element-7fc051ef elementor-widget elementor-widget-heading\" data-id=\"7fc051ef\" data-element_type=\"widget\" data-e-type=\"widget\" data-widget_type=\"heading.default\">\n\t\t\t\t<div class=\"elementor-widget-container\">\n\t\t\t\t\t<h4 class=\"elementor-heading-title elementor-size-default\">VIDEOBOOK<\/h4>\t\t\t\t<\/div>\n\t\t\t\t<\/div>\n\t\t\t\t<div class=\"elementor-element elementor-element-6134c589 elementor-widget-divider--view-line elementor-widget elementor-widget-divider\" data-id=\"6134c589\" data-element_type=\"widget\" data-e-type=\"widget\" data-widget_type=\"divider.default\">\n\t\t\t\t<div class=\"elementor-widget-container\">\n\t\t\t\t\t\t\t<div class=\"elementor-divider\">\n\t\t\t<span class=\"elementor-divider-separator\">\n\t\t\t\t\t\t<\/span>\n\t\t<\/div>\n\t\t\t\t\t\t<\/div>\n\t\t\t\t<\/div>\n\t\t\t\t<div class=\"elementor-element elementor-element-331f0bea elementor-widget elementor-widget-video\" data-id=\"331f0bea\" data-element_type=\"widget\" data-e-type=\"widget\" data-settings=\"{&quot;youtube_url&quot;:&quot;https:\\\/\\\/youtu.be\\\/BNSmTsVbHck&quot;,&quot;video_type&quot;:&quot;youtube&quot;,&quot;controls&quot;:&quot;yes&quot;}\" data-widget_type=\"video.default\">\n\t\t\t\t<div class=\"elementor-widget-container\">\n\t\t\t\t\t\t\t<div class=\"elementor-wrapper elementor-open-inline\">\n\t\t\t<div class=\"elementor-video\"><\/div>\t\t<\/div>\n\t\t\t\t\t\t<\/div>\n\t\t\t\t<\/div>\n\t\t\t\t\t<\/div>\n\t\t<\/div>\n\t\t\t\t\t<\/div>\n\t\t<\/section>\n\t\t\t\t<\/div>\n\t\t","protected":false},"excerpt":{"rendered":"<p>Silvia Criado Instagram IMDb INFORMATION PROFESSIONAL EXPERIENCE TELEVISION \u201cHASTA QUE ESTAS ESPERANDO\u201d Atresplayer 2025 \u201cVERSI\u00d3N IMPOSIBLE\u201d TV Canaria&#8230;<\/p>\n","protected":false},"author":1,"featured_media":61473,"parent":0,"menu_order":0,"comment_status":"closed","ping_status":"closed","template":"","meta":{"_acf_changed":false,"_seopress_robots_primary_cat":"","_seopress_titles_title":"%%post_title%% %%sep%% %%sitetitle%%","_seopress_titles_desc":"Silvia Criado, actress with a comprehensive training in drama, has excelled in television, theatre and short films. Multilingual, with skills in singing, piano and dance.","_seopress_robots_index":"","footnotes":""},"categories":[219,113],"tags":[],"class_list":["post-38742","page","type-page","status-publish","has-post-thumbnail","hentry","category-new-faces-canarias-high-english","category-new-faces-canary"],"acf":[],"_links":{"self":[{"href":"https:\/\/ruthfranco.com\/en\/wp-json\/wp\/v2\/pages\/38742","targetHints":{"allow":["GET"]}}],"collection":[{"href":"https:\/\/ruthfranco.com\/en\/wp-json\/wp\/v2\/pages"}],"about":[{"href":"https:\/\/ruthfranco.com\/en\/wp-json\/wp\/v2\/types\/page"}],"author":[{"embeddable":true,"href":"https:\/\/ruthfranco.com\/en\/wp-json\/wp\/v2\/users\/1"}],"replies":[{"embeddable":true,"href":"https:\/\/ruthfranco.com\/en\/wp-json\/wp\/v2\/comments?post=38742"}],"version-history":[{"count":7,"href":"https:\/\/ruthfranco.com\/en\/wp-json\/wp\/v2\/pages\/38742\/revisions"}],"predecessor-version":[{"id":61478,"href":"https:\/\/ruthfranco.com\/en\/wp-json\/wp\/v2\/pages\/38742\/revisions\/61478"}],"wp:featuredmedia":[{"embeddable":true,"href":"https:\/\/ruthfranco.com\/en\/wp-json\/wp\/v2\/media\/61473"}],"wp:attachment":[{"href":"https:\/\/ruthfranco.com\/en\/wp-json\/wp\/v2\/media?parent=38742"}],"wp:term":[{"taxonomy":"category","embeddable":true,"href":"https:\/\/ruthfranco.com\/en\/wp-json\/wp\/v2\/categories?post=38742"},{"taxonomy":"post_tag","embeddable":true,"href":"https:\/\/ruthfranco.com\/en\/wp-json\/wp\/v2\/tags?post=38742"}],"curies":[{"name":"wp","href":"https:\/\/api.w.org\/{rel}","templated":true}]}}