{"id":38381,"date":"2020-09-16T17:00:01","date_gmt":"2020-09-16T17:00:01","guid":{"rendered":"http:\/\/ruthfranco.com\/santi-lopez\/"},"modified":"2021-01-23T17:56:31","modified_gmt":"2021-01-23T17:56:31","slug":"santi-lopez","status":"publish","type":"page","link":"https:\/\/ruthfranco.com\/en\/santi-lopez\/","title":{"rendered":"Santi Lo\u0301pez"},"content":{"rendered":"\t\t<div data-elementor-type=\"wp-page\" data-elementor-id=\"38381\" class=\"elementor elementor-38381 elementor-35187\" data-elementor-post-type=\"page\">\n\t\t\t\t\t\t<section class=\"elementor-section elementor-top-section elementor-element elementor-element-77d2a33c elementor-section-full_width elementor-section-height-default elementor-section-height-default neuron-fixed-no\" data-id=\"77d2a33c\" data-element_type=\"section\" data-e-type=\"section\" data-settings=\"{&quot;background_background&quot;:&quot;classic&quot;}\">\n\t\t\t\t\t\t<div class=\"elementor-container elementor-column-gap-no\">\n\t\t\t\t\t<div class=\"elementor-column elementor-col-100 elementor-top-column elementor-element elementor-element-691e0903\" data-id=\"691e0903\" data-element_type=\"column\" data-e-type=\"column\">\n\t\t\t<div class=\"elementor-widget-wrap elementor-element-populated\">\n\t\t\t\t\t\t<div class=\"elementor-element elementor-element-6c440158 elementor-invisible elementor-widget elementor-widget-neuron-media-gallery\" data-id=\"6c440158\" data-element_type=\"widget\" data-e-type=\"widget\" data-settings=\"{&quot;_animation&quot;:&quot;fadeInLeft&quot;}\" data-widget_type=\"neuron-media-gallery.default\">\n\t\t\t\t<div class=\"elementor-widget-container\">\n\t\t\t\t\t\t\t<div class=\"l-posts-wrapper l-filters-holder l-posts-wrapper--meta-outside\" data-posts=\"6c440158\">\r\n\t\t\t\t\t\t<div class=\"m-media-gallery m-media-gallery--meta-outside   \">\r\n\t\t\t\t<div class=\"owl-carousel owl-theme\" id=\"dfd6f91ed0223cb22bab5b4e7e58e867\" data-animation=\"h-fadeInLeftNeuron\" data-wow=\"yes\">\r\n                    <div class=\"m-media-gallery__item wow intro-animation \" >\r\n            <div class=\"o-neuron-hover o-neuron-hover--meta-outside o-neuron-hover--icon o-neuron-hover--translate\">\r\n    <div class=\"o-neuron-hover-holder\">\r\n        <div class=\"o-neuron-hover-holder__header\">\r\n            <div class=\"o-neuron-hover-holder__header__media\">\r\n                <div class=\"h-calculated-image\" style=\"\"><\/div>            <\/div>\r\n                            <div class=\"o-neuron-hover-holder__header__overlay\"><\/div>\r\n                    <\/div>\r\n                    <div class=\"o-neuron-hover-holder__body d-flex align-items-center\">\r\n                <div class=\"o-neuron-hover-holder__body-meta\">\r\n                                    <\/div>\r\n                            <\/div>\r\n            <\/div>    \r\n           \r\n<\/div>        <\/div>\r\n                    <div class=\"m-media-gallery__item wow intro-animation \" data-wow-delay=0.2s>\r\n            <div class=\"o-neuron-hover o-neuron-hover--meta-outside o-neuron-hover--icon o-neuron-hover--translate\">\r\n    <div class=\"o-neuron-hover-holder\">\r\n        <div class=\"o-neuron-hover-holder__header\">\r\n            <div class=\"o-neuron-hover-holder__header__media\">\r\n                <div class=\"h-calculated-image\" style=\"\"><\/div>            <\/div>\r\n                            <div class=\"o-neuron-hover-holder__header__overlay\"><\/div>\r\n                    <\/div>\r\n                    <div class=\"o-neuron-hover-holder__body d-flex align-items-center\">\r\n                <div class=\"o-neuron-hover-holder__body-meta\">\r\n                                    <\/div>\r\n                            <\/div>\r\n            <\/div>    \r\n           \r\n<\/div>        <\/div>\r\n                    <div class=\"m-media-gallery__item wow intro-animation \" data-wow-delay=0.4s>\r\n            <div class=\"o-neuron-hover o-neuron-hover--meta-outside o-neuron-hover--icon o-neuron-hover--translate\">\r\n    <div class=\"o-neuron-hover-holder\">\r\n        <div class=\"o-neuron-hover-holder__header\">\r\n            <div class=\"o-neuron-hover-holder__header__media\">\r\n                <div class=\"h-calculated-image\" style=\"\"><\/div>            <\/div>\r\n                            <div class=\"o-neuron-hover-holder__header__overlay\"><\/div>\r\n                    <\/div>\r\n                    <div class=\"o-neuron-hover-holder__body d-flex align-items-center\">\r\n                <div class=\"o-neuron-hover-holder__body-meta\">\r\n                                    <\/div>\r\n                            <\/div>\r\n            <\/div>    \r\n           \r\n<\/div>        <\/div>\r\n    <\/div>\r\n<script type=\"text\/javascript\">\r\n    jQuery(function ($) {\r\n        var owl = $('#dfd6f91ed0223cb22bab5b4e7e58e867');\r\n\r\n        owl.owlCarousel({\r\n            items: 1,\r\n            margin: 10,\r\n            autoHeight: false,\r\n            loop: false,\r\n            mouseDrag: true,\r\n            touchDrag: true,\r\n            stagePadding: 0,\r\n            startPosition: 0,\r\n            nav: true,\r\n            navText: [\r\n                '<svg xmlns=\"http:\/\/www.w3.org\/2000\/svg\" width=\"22\" height=\"22\" viewBox=\"0 0 24 24\" fill=\"none\" stroke=\"currentColor\" stroke-width=\"2\" stroke-linecap=\"round\" stroke-linejoin=\"round\" class=\"feather feather-arrow-left\"><line x1=\"19\" y1=\"12\" x2=\"5\" y2=\"12\"><\/line><polyline points=\"12 19 5 12 12 5\"><\/polyline><\/svg>',\r\n                '<svg xmlns=\"http:\/\/www.w3.org\/2000\/svg\" width=\"22\" height=\"22\" viewBox=\"0 0 24 24\" fill=\"none\" stroke=\"currentColor\" stroke-width=\"2\" stroke-linecap=\"round\" stroke-linejoin=\"round\" class=\"feather feather-arrow-right\"><line x1=\"5\" y1=\"12\" x2=\"19\" y2=\"12\"><\/line><polyline points=\"12 5 19 12 12 19\"><\/polyline><\/svg>'\r\n            ],\r\n            dots: true,\r\n            autoplay: false,\r\n            autoplayTimeout: 2000,\r\n            autoplayHoverPause: false,\r\n            smartSpeed: 450,\r\n            responsive:{\r\n                768:{\r\n                    items: 1,\r\n                    margin: 5,\r\n                    stagePadding: 0                },\r\n                992:{\r\n                    items: 3,\r\n                    margin: 10,\r\n                    stagePadding: 0                }\r\n            }\r\n        });\r\n    });\r\n<\/script>\t\t\t<\/div>\r\n        <\/div>\r\n        \t\t\t\t<\/div>\n\t\t\t\t<\/div>\n\t\t\t\t<div class=\"elementor-element elementor-element-82e1509 elementor-widget elementor-widget-neuron-media-gallery\" data-id=\"82e1509\" data-element_type=\"widget\" data-e-type=\"widget\" data-widget_type=\"neuron-media-gallery.default\">\n\t\t\t\t<div class=\"elementor-widget-container\">\n\t\t\t\t\t\t\t<div class=\"l-posts-wrapper l-filters-holder l-posts-wrapper--meta-inside\" data-posts=\"82e1509\">\r\n\t\t\t\t\t\t<div class=\"m-media-gallery m-media-gallery--meta-inside h-offset--no  \">\r\n\t\t\t\t<div class=\"row masonry\" data-masonry-id=\"4a03d0462d27c1cd4c1b4e5d6937a083\">\r\n                    <div class=\"selector col-lg-4 \" data-id=\"5428\" data-columns=\"3-columns\">\r\n            <div class=\"m-media-gallery__item wow h-fadeInUpNeuron \" >\r\n                <div class=\"o-neuron-hover o-neuron-hover--meta-inside o-neuron-hover--scale\">\r\n    <div class=\"o-neuron-hover-holder h-lightbox\">\r\n        <div class=\"o-neuron-hover-holder__header\">\r\n            <div class=\"o-neuron-hover-holder__header__media\">\r\n                <div class=\"h-calculated-image\" style=\"\"><\/div>            <\/div>\r\n                            <div class=\"o-neuron-hover-holder__header__overlay\"><\/div>\r\n                    <\/div>\r\n        <div class=\"o-neuron-hover-holder__body d-flex justify-content-center align-items-center\">\r\n            <div class=\"o-neuron-hover-holder__body__inner\">\r\n                                <a title=\"\" class=\"h-lightbox-link\" data-type=\"image\" data-mfp-src=http:\/\/bifrost.local\/wp-content\/uploads\/2018\/09\/40064c66793821.5b2253a9a43a1-1.jpg  ><\/a>            <\/div>\r\n        <\/div>\r\n    <\/div>\r\n<\/div>\r\n            <\/div>\r\n        <\/div>\r\n    <\/div>\r\n\r\n\r\n\t\t\t<\/div>\r\n        <\/div>\r\n        \t\t\t\t<\/div>\n\t\t\t\t<\/div>\n\t\t\t\t\t<\/div>\n\t\t<\/div>\n\t\t\t\t\t<\/div>\n\t\t<\/section>\n\t\t\t\t<section class=\"elementor-section elementor-top-section elementor-element elementor-element-659bf167 elementor-section-full_width elementor-section-height-default elementor-section-height-default neuron-fixed-no\" data-id=\"659bf167\" data-element_type=\"section\" data-e-type=\"section\">\n\t\t\t\t\t\t<div class=\"elementor-container elementor-column-gap-default\">\n\t\t\t\t\t<div class=\"elementor-column elementor-col-100 elementor-top-column elementor-element elementor-element-5cee97ef\" data-id=\"5cee97ef\" data-element_type=\"column\" data-e-type=\"column\">\n\t\t\t<div class=\"elementor-widget-wrap elementor-element-populated\">\n\t\t\t\t\t\t<div class=\"elementor-element elementor-element-54116d14 elementor-widget elementor-widget-text-editor\" data-id=\"54116d14\" data-element_type=\"widget\" data-e-type=\"widget\" data-widget_type=\"text-editor.default\">\n\t\t\t\t<div class=\"elementor-widget-container\">\n\t\t\t\t\t\t\t\t\t<h2>Santi Lo\u0301pez<\/h2>\n\t\t\t\t\t\t\t\t<\/div>\n\t\t\t\t<\/div>\n\t\t\t\t\t<\/div>\n\t\t<\/div>\n\t\t\t\t\t<\/div>\n\t\t<\/section>\n\t\t\t\t<section class=\"elementor-section elementor-top-section elementor-element elementor-element-2930c579 elementor-section-boxed elementor-section-height-default elementor-section-height-default neuron-fixed-no\" data-id=\"2930c579\" data-element_type=\"section\" data-e-type=\"section\">\n\t\t\t\t\t\t<div class=\"elementor-container elementor-column-gap-no\">\n\t\t\t\t\t<div class=\"elementor-column elementor-col-100 elementor-top-column elementor-element elementor-element-35f1ea7d\" data-id=\"35f1ea7d\" data-element_type=\"column\" data-e-type=\"column\">\n\t\t\t<div class=\"elementor-widget-wrap elementor-element-populated\">\n\t\t\t\t\t\t<div class=\"elementor-element elementor-element-d24240d e-grid-align-mobile-center e-grid-align-tablet-left elementor-shape-rounded elementor-grid-0 e-grid-align-center elementor-widget elementor-widget-social-icons\" data-id=\"d24240d\" data-element_type=\"widget\" data-e-type=\"widget\" data-widget_type=\"social-icons.default\">\n\t\t\t\t<div class=\"elementor-widget-container\">\n\t\t\t\t\t\t\t<div class=\"elementor-social-icons-wrapper elementor-grid\" role=\"list\">\n\t\t\t\t\t\t\t<span class=\"elementor-grid-item\" role=\"listitem\">\n\t\t\t\t\t<a class=\"elementor-icon elementor-social-icon elementor-social-icon-instagram elementor-animation-push elementor-repeater-item-8040492\" href=\"https:\/\/www.instagram.com\/santi____lopez\/\" target=\"_blank\">\n\t\t\t\t\t\t<span class=\"elementor-screen-only\">Instagram<\/span>\n\t\t\t\t\t\t<i aria-hidden=\"true\" class=\"fab fa-instagram\"><\/i>\t\t\t\t\t<\/a>\n\t\t\t\t<\/span>\n\t\t\t\t\t\t\t<span class=\"elementor-grid-item\" role=\"listitem\">\n\t\t\t\t\t<a class=\"elementor-icon elementor-social-icon elementor-social-icon-facebook elementor-animation-push elementor-repeater-item-2c78614\" href=\"https:\/\/www.facebook.com\/profile.php?id=770153063\/\" target=\"_blank\">\n\t\t\t\t\t\t<span class=\"elementor-screen-only\">Facebook<\/span>\n\t\t\t\t\t\t<i aria-hidden=\"true\" class=\"fab fa-facebook\"><\/i>\t\t\t\t\t<\/a>\n\t\t\t\t<\/span>\n\t\t\t\t\t<\/div>\n\t\t\t\t\t\t<\/div>\n\t\t\t\t<\/div>\n\t\t\t\t\t<\/div>\n\t\t<\/div>\n\t\t\t\t\t<\/div>\n\t\t<\/section>\n\t\t\t\t<section class=\"elementor-section elementor-top-section elementor-element elementor-element-7686e316 elementor-section-full_width elementor-section-content-middle elementor-section-height-default elementor-section-height-default neuron-fixed-no\" data-id=\"7686e316\" data-element_type=\"section\" data-e-type=\"section\">\n\t\t\t\t\t\t<div class=\"elementor-container elementor-column-gap-extended\">\n\t\t\t\t\t<div class=\"elementor-column elementor-col-100 elementor-top-column elementor-element elementor-element-7cee16ed\" data-id=\"7cee16ed\" data-element_type=\"column\" data-e-type=\"column\">\n\t\t\t<div class=\"elementor-widget-wrap elementor-element-populated\">\n\t\t\t\t\t\t<div class=\"elementor-element elementor-element-12b54299 elementor-button-warning elementor-align-justify elementor-widget elementor-widget-button\" data-id=\"12b54299\" data-element_type=\"widget\" data-e-type=\"widget\" data-widget_type=\"button.default\">\n\t\t\t\t<div class=\"elementor-widget-container\">\n\t\t\t\t\t\t\t\t\t<div class=\"elementor-button-wrapper\">\n\t\t\t\t\t<a class=\"elementor-button elementor-button-link elementor-size-md elementor-animation-grow\" href=\"https:\/\/www.imdb.com\/name\/nm4661933\/\" target=\"_blank\">\n\t\t\t\t\t\t<span class=\"elementor-button-content-wrapper\">\n\t\t\t\t\t\t\t\t\t<span class=\"elementor-button-text\"><strong>IMDb<\/strong><\/span>\n\t\t\t\t\t<\/span>\n\t\t\t\t\t<\/a>\n\t\t\t\t<\/div>\n\t\t\t\t\t\t\t\t<\/div>\n\t\t\t\t<\/div>\n\t\t\t\t\t<\/div>\n\t\t<\/div>\n\t\t\t\t\t<\/div>\n\t\t<\/section>\n\t\t\t\t<section class=\"elementor-section elementor-top-section elementor-element elementor-element-55770a91 elementor-section-boxed elementor-section-height-default elementor-section-height-default neuron-fixed-no\" data-id=\"55770a91\" data-element_type=\"section\" data-e-type=\"section\">\n\t\t\t\t\t\t<div class=\"elementor-container elementor-column-gap-extended\">\n\t\t\t\t\t<div class=\"elementor-column elementor-col-50 elementor-top-column elementor-element elementor-element-21dcc54f\" data-id=\"21dcc54f\" data-element_type=\"column\" data-e-type=\"column\">\n\t\t\t<div class=\"elementor-widget-wrap elementor-element-populated\">\n\t\t\t\t\t\t<div class=\"elementor-element elementor-element-13e85a58 elementor-widget elementor-widget-heading\" data-id=\"13e85a58\" data-element_type=\"widget\" data-e-type=\"widget\" data-widget_type=\"heading.default\">\n\t\t\t\t<div class=\"elementor-widget-container\">\n\t\t\t\t\t<h4 class=\"elementor-heading-title elementor-size-default\">INFORMATION<\/h4>\t\t\t\t<\/div>\n\t\t\t\t<\/div>\n\t\t\t\t<div class=\"elementor-element elementor-element-48a74948 elementor-widget-divider--view-line elementor-widget elementor-widget-divider\" data-id=\"48a74948\" data-element_type=\"widget\" data-e-type=\"widget\" data-widget_type=\"divider.default\">\n\t\t\t\t<div class=\"elementor-widget-container\">\n\t\t\t\t\t\t\t<div class=\"elementor-divider\">\n\t\t\t<span class=\"elementor-divider-separator\">\n\t\t\t\t\t\t<\/span>\n\t\t<\/div>\n\t\t\t\t\t\t<\/div>\n\t\t\t\t<\/div>\n\t\t\t\t<div class=\"elementor-element elementor-element-51878ae0 elementor-invisible elementor-widget elementor-widget-toggle\" data-id=\"51878ae0\" data-element_type=\"widget\" data-e-type=\"widget\" data-settings=\"{&quot;_animation&quot;:&quot;fadeInRight&quot;}\" data-widget_type=\"toggle.default\">\n\t\t\t\t<div class=\"elementor-widget-container\">\n\t\t\t\t\t\t\t<div class=\"elementor-toggle\">\n\t\t\t\t\t\t\t<div class=\"elementor-toggle-item\">\n\t\t\t\t\t<h5 id=\"elementor-tab-title-1361\" class=\"elementor-tab-title\" data-tab=\"1\" role=\"button\" aria-controls=\"elementor-tab-content-1361\" aria-expanded=\"false\">\n\t\t\t\t\t\t\t\t\t\t\t\t<span class=\"elementor-toggle-icon elementor-toggle-icon-left\" aria-hidden=\"true\">\n\t\t\t\t\t\t\t\t\t\t\t\t\t\t\t<span class=\"elementor-toggle-icon-closed\"><i class=\"fas fa-caret-right\"><\/i><\/span>\n\t\t\t\t\t\t\t\t<span class=\"elementor-toggle-icon-opened\"><i class=\"elementor-toggle-icon-opened fas fa-caret-up\"><\/i><\/span>\n\t\t\t\t\t\t\t\t\t\t\t\t\t<\/span>\n\t\t\t\t\t\t\t\t\t\t\t\t<a class=\"elementor-toggle-title\" tabindex=\"0\">PROFESSIONAL EXPERIENCE<\/a>\n\t\t\t\t\t<\/h5>\n\n\t\t\t\t\t<div id=\"elementor-tab-content-1361\" class=\"elementor-tab-content elementor-clearfix\" data-tab=\"1\" role=\"region\" aria-labelledby=\"elementor-tab-title-1361\"><p><strong>FILMS<\/strong><br \/>\u201cPROYECTO LAZARUS\u201d. Mateo Gil. 2015<br \/>\u201cCIEN A\u00d1OS DE PERD\u00d3N\u201d. Daniel Calparsoro. 2014<br \/>\u201cC\u00d3MO SOBREVIVIR A UNA DESPEDIDA\u201d. Manuela Moreno. 2014.<br \/>\u201cDON\u00b4T GROW UP\u201d. Thierry Poiraud. 2014.<br \/>\u201cHEART OF THE SEA\u201d. Ron Howard. 2014.<br \/>\u201cINVASOR\u201d. Daniel Calparsoro. 2012.<\/p>\n<p>TELEVISION<br \/>\u201cTHE MALLORCA FILES\u201d. BBC. 2019<br \/>\u201cLA SALA\u201d. Manuel Sanabria y C\u00e9sar Arriero. 2019<br \/>\u201cHIERRO\u201d. Jorge Coira. 2019<br \/>\u201cCANNABIS\u201d. Lucie Borleteau. 2016<\/p>\n<p><strong>THEATRE<\/strong><br \/>\u201cCAPA\u201d, compa\u00f1\u00eda Burka Teatro. 2019<br \/>\u201cINSPECTOR SULLIVAN\u201d, compa\u00f1\u00eda DobleM. 2019. <br \/>\u201cUN L\u00cdO PADRE\u201d, compa\u00f1\u00eda DobleM. 2018.<br \/>\u201cNO SOMOS NADIE\u201d, direcci\u00f3n Pablo Fajardo. Microteatroxdinero, Madrid. 2012<br \/>\u201cSENDEROS DE GLORIA\u201d, compa\u00f1\u00eda Burka Teatro, nominada premios Max 2011; 5 premios R\u00e9plica.<br \/>Retrato de familia, La tribu imaginaria, direcci\u00f3n de Andr\u00e9s del Bosque, Madrid, 2010.<\/p>\n<p><strong>SHORTFILMS<\/strong><br \/>\u201cNO SOMOS NADIE\u201d. Dir. Pablo Fajardo. 2014<br \/>\u201cCOSAS QUE OLVIDAMOS\u201d. Dir. Iv\u00e1n L\u00f3pez. 2012<br \/>\u201cI HATE MONDAYS\u201d. Dir. Iv\u00e1n L\u00f3pez. 2011<br \/>\u201cEF\u00cdMEROS\u201d. Dir. Iv\u00e1n L\u00f3pez. 2010<\/p>\n<\/div>\n\t\t\t\t<\/div>\n\t\t\t\t\t\t\t<div class=\"elementor-toggle-item\">\n\t\t\t\t\t<h5 id=\"elementor-tab-title-1362\" class=\"elementor-tab-title\" data-tab=\"2\" role=\"button\" aria-controls=\"elementor-tab-content-1362\" aria-expanded=\"false\">\n\t\t\t\t\t\t\t\t\t\t\t\t<span class=\"elementor-toggle-icon elementor-toggle-icon-left\" aria-hidden=\"true\">\n\t\t\t\t\t\t\t\t\t\t\t\t\t\t\t<span class=\"elementor-toggle-icon-closed\"><i class=\"fas fa-caret-right\"><\/i><\/span>\n\t\t\t\t\t\t\t\t<span class=\"elementor-toggle-icon-opened\"><i class=\"elementor-toggle-icon-opened fas fa-caret-up\"><\/i><\/span>\n\t\t\t\t\t\t\t\t\t\t\t\t\t<\/span>\n\t\t\t\t\t\t\t\t\t\t\t\t<a class=\"elementor-toggle-title\" tabindex=\"0\">TRAINING<\/a>\n\t\t\t\t\t<\/h5>\n\n\t\t\t\t\t<div id=\"elementor-tab-content-1362\" class=\"elementor-tab-content elementor-clearfix\" data-tab=\"2\" role=\"region\" aria-labelledby=\"elementor-tab-title-1362\"><p>Graduate in the specialty of Gesture Interpretation, from the RESAD of Madrid.<br \/>Law degree,<br \/>Pilates instructor.<br \/>Meisner technique course by Yolanda Vega, 2020.<br \/>Workshop &#8220;Creating with the body&#8221;, Escuela Moveo Internacional, Barcelona, 2019.<br \/>The voice in verse, Vicente Fuentes, Madrid, 2018.<\/p>\n<p><strong>SKILLS<\/strong><br \/>Swimming.<br \/>Diving.<br \/>Dance.<br \/>Animal Flow.<br \/>Surf.<br \/>Combat.<\/p>\n<\/div>\n\t\t\t\t<\/div>\n\t\t\t\t\t\t\t<div class=\"elementor-toggle-item\">\n\t\t\t\t\t<h5 id=\"elementor-tab-title-1363\" class=\"elementor-tab-title\" data-tab=\"3\" role=\"button\" aria-controls=\"elementor-tab-content-1363\" aria-expanded=\"false\">\n\t\t\t\t\t\t\t\t\t\t\t\t<span class=\"elementor-toggle-icon elementor-toggle-icon-left\" aria-hidden=\"true\">\n\t\t\t\t\t\t\t\t\t\t\t\t\t\t\t<span class=\"elementor-toggle-icon-closed\"><i class=\"fas fa-caret-right\"><\/i><\/span>\n\t\t\t\t\t\t\t\t<span class=\"elementor-toggle-icon-opened\"><i class=\"elementor-toggle-icon-opened fas fa-caret-up\"><\/i><\/span>\n\t\t\t\t\t\t\t\t\t\t\t\t\t<\/span>\n\t\t\t\t\t\t\t\t\t\t\t\t<a class=\"elementor-toggle-title\" tabindex=\"0\">LANGUAGE<\/a>\n\t\t\t\t\t<\/h5>\n\n\t\t\t\t\t<div id=\"elementor-tab-content-1363\" class=\"elementor-tab-content elementor-clearfix\" data-tab=\"3\" role=\"region\" aria-labelledby=\"elementor-tab-title-1363\"><p>Advanced english level.<\/p>\n<\/div>\n\t\t\t\t<\/div>\n\t\t\t\t\t\t\t\t<\/div>\n\t\t\t\t\t\t<\/div>\n\t\t\t\t<\/div>\n\t\t\t\t<div class=\"elementor-element elementor-element-7a46f350 elementor-align-center elementor-widget__width-inherit elementor-widget elementor-widget-button\" data-id=\"7a46f350\" data-element_type=\"widget\" data-e-type=\"widget\" data-widget_type=\"button.default\">\n\t\t\t\t<div class=\"elementor-widget-container\">\n\t\t\t\t\t\t\t\t\t<div class=\"elementor-button-wrapper\">\n\t\t\t\t\t<a class=\"elementor-button elementor-button-link elementor-size-sm elementor-animation-grow\" href=\"https:\/\/ruthfranco.com\/wp-content\/uploads\/2020\/11\/SantiLopez_CV_EN.pdf\">\n\t\t\t\t\t\t<span class=\"elementor-button-content-wrapper\">\n\t\t\t\t\t\t<span class=\"elementor-button-icon\">\n\t\t\t\t<i aria-hidden=\"true\" class=\"fas fa-arrow-alt-circle-down\"><\/i>\t\t\t<\/span>\n\t\t\t\t\t\t\t\t\t<span class=\"elementor-button-text\">DOWNLOAD CV<\/span>\n\t\t\t\t\t<\/span>\n\t\t\t\t\t<\/a>\n\t\t\t\t<\/div>\n\t\t\t\t\t\t\t\t<\/div>\n\t\t\t\t<\/div>\n\t\t\t\t\t<\/div>\n\t\t<\/div>\n\t\t\t\t<div class=\"elementor-column elementor-col-50 elementor-top-column elementor-element elementor-element-24d43d51 elementor-invisible\" data-id=\"24d43d51\" data-element_type=\"column\" data-e-type=\"column\" data-settings=\"{&quot;animation&quot;:&quot;fadeInLeft&quot;}\">\n\t\t\t<div class=\"elementor-widget-wrap elementor-element-populated\">\n\t\t\t\t\t\t<div class=\"elementor-element elementor-element-37acc41d elementor-widget elementor-widget-heading\" data-id=\"37acc41d\" data-element_type=\"widget\" data-e-type=\"widget\" data-widget_type=\"heading.default\">\n\t\t\t\t<div class=\"elementor-widget-container\">\n\t\t\t\t\t<h4 class=\"elementor-heading-title elementor-size-default\">VIDEOREEL<\/h4>\t\t\t\t<\/div>\n\t\t\t\t<\/div>\n\t\t\t\t<div class=\"elementor-element elementor-element-2c07f6c4 elementor-widget-divider--view-line elementor-widget elementor-widget-divider\" data-id=\"2c07f6c4\" data-element_type=\"widget\" data-e-type=\"widget\" data-widget_type=\"divider.default\">\n\t\t\t\t<div class=\"elementor-widget-container\">\n\t\t\t\t\t\t\t<div class=\"elementor-divider\">\n\t\t\t<span class=\"elementor-divider-separator\">\n\t\t\t\t\t\t<\/span>\n\t\t<\/div>\n\t\t\t\t\t\t<\/div>\n\t\t\t\t<\/div>\n\t\t\t\t<div class=\"elementor-element elementor-element-5851b0d8 elementor-widget elementor-widget-video\" data-id=\"5851b0d8\" data-element_type=\"widget\" data-e-type=\"widget\" data-settings=\"{&quot;youtube_url&quot;:&quot;https:\\\/\\\/youtu.be\\\/ffFMhOUy8bI&quot;,&quot;video_type&quot;:&quot;youtube&quot;,&quot;controls&quot;:&quot;yes&quot;}\" data-widget_type=\"video.default\">\n\t\t\t\t<div class=\"elementor-widget-container\">\n\t\t\t\t\t\t\t<div class=\"elementor-wrapper elementor-open-inline\">\n\t\t\t<div class=\"elementor-video\"><\/div>\t\t<\/div>\n\t\t\t\t\t\t<\/div>\n\t\t\t\t<\/div>\n\t\t\t\t\t<\/div>\n\t\t<\/div>\n\t\t\t\t\t<\/div>\n\t\t<\/section>\n\t\t\t\t<\/div>\n\t\t","protected":false},"excerpt":{"rendered":"<p>Santi Lo\u0301pez Instagram Facebook IMDb INFORMATION PROFESSIONAL EXPERIENCE FILMS\u201cPROYECTO LAZARUS\u201d. Mateo Gil. 2015\u201cCIEN A\u00d1OS DE PERD\u00d3N\u201d. Daniel Calparsoro&#8230;.<\/p>\n","protected":false},"author":1,"featured_media":0,"parent":0,"menu_order":0,"comment_status":"closed","ping_status":"closed","template":"","meta":{"_acf_changed":false,"_seopress_robots_primary_cat":"","_seopress_titles_title":"","_seopress_titles_desc":"","_seopress_robots_index":"","footnotes":""},"categories":[109,139],"tags":[],"class_list":["post-38381","page","type-page","status-publish","hentry","category-canary-actors","category-canary-actors-fluent-english"],"acf":[],"_links":{"self":[{"href":"https:\/\/ruthfranco.com\/en\/wp-json\/wp\/v2\/pages\/38381","targetHints":{"allow":["GET"]}}],"collection":[{"href":"https:\/\/ruthfranco.com\/en\/wp-json\/wp\/v2\/pages"}],"about":[{"href":"https:\/\/ruthfranco.com\/en\/wp-json\/wp\/v2\/types\/page"}],"author":[{"embeddable":true,"href":"https:\/\/ruthfranco.com\/en\/wp-json\/wp\/v2\/users\/1"}],"replies":[{"embeddable":true,"href":"https:\/\/ruthfranco.com\/en\/wp-json\/wp\/v2\/comments?post=38381"}],"version-history":[{"count":3,"href":"https:\/\/ruthfranco.com\/en\/wp-json\/wp\/v2\/pages\/38381\/revisions"}],"predecessor-version":[{"id":41361,"href":"https:\/\/ruthfranco.com\/en\/wp-json\/wp\/v2\/pages\/38381\/revisions\/41361"}],"wp:attachment":[{"href":"https:\/\/ruthfranco.com\/en\/wp-json\/wp\/v2\/media?parent=38381"}],"wp:term":[{"taxonomy":"category","embeddable":true,"href":"https:\/\/ruthfranco.com\/en\/wp-json\/wp\/v2\/categories?post=38381"},{"taxonomy":"post_tag","embeddable":true,"href":"https:\/\/ruthfranco.com\/en\/wp-json\/wp\/v2\/tags?post=38381"}],"curies":[{"name":"wp","href":"https:\/\/api.w.org\/{rel}","templated":true}]}}