{"id":38230,"date":"2020-09-23T19:15:23","date_gmt":"2020-09-23T19:15:23","guid":{"rendered":"http:\/\/ruthfranco.com\/iriome-del-toro\/"},"modified":"2021-01-23T17:42:59","modified_gmt":"2021-01-23T17:42:59","slug":"iriome-del-toro","status":"publish","type":"page","link":"https:\/\/ruthfranco.com\/en\/iriome-del-toro\/","title":{"rendered":"Iriome del Toro"},"content":{"rendered":"\t\t<div data-elementor-type=\"wp-page\" data-elementor-id=\"38230\" class=\"elementor elementor-38230 elementor-35321\" data-elementor-post-type=\"page\">\n\t\t\t\t\t\t<section class=\"elementor-section elementor-top-section elementor-element elementor-element-c5d7d18 elementor-section-full_width elementor-section-height-default elementor-section-height-default neuron-fixed-no\" data-id=\"c5d7d18\" data-element_type=\"section\" data-e-type=\"section\" data-settings=\"{&quot;background_background&quot;:&quot;classic&quot;}\">\n\t\t\t\t\t\t<div class=\"elementor-container elementor-column-gap-no\">\n\t\t\t\t\t<div class=\"elementor-column elementor-col-100 elementor-top-column elementor-element elementor-element-145cb45f\" data-id=\"145cb45f\" data-element_type=\"column\" data-e-type=\"column\">\n\t\t\t<div class=\"elementor-widget-wrap elementor-element-populated\">\n\t\t\t\t\t\t<div class=\"elementor-element elementor-element-15ad6c44 elementor-invisible elementor-widget elementor-widget-neuron-media-gallery\" data-id=\"15ad6c44\" data-element_type=\"widget\" data-e-type=\"widget\" data-settings=\"{&quot;_animation&quot;:&quot;fadeInLeft&quot;}\" data-widget_type=\"neuron-media-gallery.default\">\n\t\t\t\t<div class=\"elementor-widget-container\">\n\t\t\t\t\t\t\t<div class=\"l-posts-wrapper l-filters-holder l-posts-wrapper--meta-outside\" data-posts=\"15ad6c44\">\r\n\t\t\t\t\t\t<div class=\"m-media-gallery m-media-gallery--meta-outside   \">\r\n\t\t\t\t<div class=\"owl-carousel owl-theme\" id=\"02fd12ea4ff90d2f1aa25348e59cd7ed\" data-animation=\"h-fadeInLeftNeuron\" data-wow=\"yes\">\r\n                    <div class=\"m-media-gallery__item wow intro-animation \" >\r\n            <div class=\"o-neuron-hover o-neuron-hover--meta-outside o-neuron-hover--icon o-neuron-hover--translate\">\r\n    <div class=\"o-neuron-hover-holder\">\r\n        <div class=\"o-neuron-hover-holder__header\">\r\n            <div class=\"o-neuron-hover-holder__header__media\">\r\n                <div class=\"h-calculated-image\" style=\"padding-bottom: 133.333333% !important;\"><img fetchpriority=\"high\" decoding=\"async\" width=\"600\" height=\"800\" src=\"https:\/\/ruthfranco.com\/wp-content\/uploads\/2020\/09\/Irioem-de-Toro-3.jpg\" class=\"attachment-full size-full\" alt=\"\" srcset=\"https:\/\/ruthfranco.com\/wp-content\/uploads\/2020\/09\/Irioem-de-Toro-3.jpg 600w, https:\/\/ruthfranco.com\/wp-content\/uploads\/2020\/09\/Irioem-de-Toro-3-225x300.jpg 225w\" sizes=\"(max-width: 600px) 100vw, 600px\" \/><\/div>            <\/div>\r\n                            <div class=\"o-neuron-hover-holder__header__overlay\"><\/div>\r\n                    <\/div>\r\n                    <div class=\"o-neuron-hover-holder__body d-flex align-items-center\">\r\n                <div class=\"o-neuron-hover-holder__body-meta\">\r\n                                    <\/div>\r\n                            <\/div>\r\n            <\/div>    \r\n           \r\n<\/div>        <\/div>\r\n                    <div class=\"m-media-gallery__item wow intro-animation \" data-wow-delay=0.2s>\r\n            <div class=\"o-neuron-hover o-neuron-hover--meta-outside o-neuron-hover--icon o-neuron-hover--translate\">\r\n    <div class=\"o-neuron-hover-holder\">\r\n        <div class=\"o-neuron-hover-holder__header\">\r\n            <div class=\"o-neuron-hover-holder__header__media\">\r\n                <div class=\"h-calculated-image\" style=\"padding-bottom: 133.333333% !important;\"><img decoding=\"async\" width=\"600\" height=\"800\" src=\"https:\/\/ruthfranco.com\/wp-content\/uploads\/2020\/09\/Irioem-de-Toro-2.jpg\" class=\"attachment-full size-full\" alt=\"\" srcset=\"https:\/\/ruthfranco.com\/wp-content\/uploads\/2020\/09\/Irioem-de-Toro-2.jpg 600w, https:\/\/ruthfranco.com\/wp-content\/uploads\/2020\/09\/Irioem-de-Toro-2-225x300.jpg 225w\" sizes=\"(max-width: 600px) 100vw, 600px\" \/><\/div>            <\/div>\r\n                            <div class=\"o-neuron-hover-holder__header__overlay\"><\/div>\r\n                    <\/div>\r\n                    <div class=\"o-neuron-hover-holder__body d-flex align-items-center\">\r\n                <div class=\"o-neuron-hover-holder__body-meta\">\r\n                                    <\/div>\r\n                            <\/div>\r\n            <\/div>    \r\n           \r\n<\/div>        <\/div>\r\n                    <div class=\"m-media-gallery__item wow intro-animation \" data-wow-delay=0.4s>\r\n            <div class=\"o-neuron-hover o-neuron-hover--meta-outside o-neuron-hover--icon o-neuron-hover--translate\">\r\n    <div class=\"o-neuron-hover-holder\">\r\n        <div class=\"o-neuron-hover-holder__header\">\r\n            <div class=\"o-neuron-hover-holder__header__media\">\r\n                <div class=\"h-calculated-image\" style=\"padding-bottom: 133.333333% !important;\"><img decoding=\"async\" width=\"600\" height=\"800\" src=\"https:\/\/ruthfranco.com\/wp-content\/uploads\/2020\/09\/Irioem-de-Toro-1.jpg\" class=\"attachment-full size-full\" alt=\"\" srcset=\"https:\/\/ruthfranco.com\/wp-content\/uploads\/2020\/09\/Irioem-de-Toro-1.jpg 600w, https:\/\/ruthfranco.com\/wp-content\/uploads\/2020\/09\/Irioem-de-Toro-1-225x300.jpg 225w\" sizes=\"(max-width: 600px) 100vw, 600px\" \/><\/div>            <\/div>\r\n                            <div class=\"o-neuron-hover-holder__header__overlay\"><\/div>\r\n                    <\/div>\r\n                    <div class=\"o-neuron-hover-holder__body d-flex align-items-center\">\r\n                <div class=\"o-neuron-hover-holder__body-meta\">\r\n                                    <\/div>\r\n                            <\/div>\r\n            <\/div>    \r\n           \r\n<\/div>        <\/div>\r\n    <\/div>\r\n<script type=\"text\/javascript\">\r\n    jQuery(function ($) {\r\n        var owl = $('#02fd12ea4ff90d2f1aa25348e59cd7ed');\r\n\r\n        owl.owlCarousel({\r\n            items: 1,\r\n            margin: 10,\r\n            autoHeight: false,\r\n            loop: false,\r\n            mouseDrag: true,\r\n            touchDrag: true,\r\n            stagePadding: 0,\r\n            startPosition: 0,\r\n            nav: true,\r\n            navText: [\r\n                '<svg xmlns=\"http:\/\/www.w3.org\/2000\/svg\" width=\"22\" height=\"22\" viewBox=\"0 0 24 24\" fill=\"none\" stroke=\"currentColor\" stroke-width=\"2\" stroke-linecap=\"round\" stroke-linejoin=\"round\" class=\"feather feather-arrow-left\"><line x1=\"19\" y1=\"12\" x2=\"5\" y2=\"12\"><\/line><polyline points=\"12 19 5 12 12 5\"><\/polyline><\/svg>',\r\n                '<svg xmlns=\"http:\/\/www.w3.org\/2000\/svg\" width=\"22\" height=\"22\" viewBox=\"0 0 24 24\" fill=\"none\" stroke=\"currentColor\" stroke-width=\"2\" stroke-linecap=\"round\" stroke-linejoin=\"round\" class=\"feather feather-arrow-right\"><line x1=\"5\" y1=\"12\" x2=\"19\" y2=\"12\"><\/line><polyline points=\"12 5 19 12 12 19\"><\/polyline><\/svg>'\r\n            ],\r\n            dots: true,\r\n            autoplay: false,\r\n            autoplayTimeout: 2000,\r\n            autoplayHoverPause: false,\r\n            smartSpeed: 450,\r\n            responsive:{\r\n                768:{\r\n                    items: 1,\r\n                    margin: 5,\r\n                    stagePadding: 0                },\r\n                992:{\r\n                    items: 3,\r\n                    margin: 10,\r\n                    stagePadding: 0                }\r\n            }\r\n        });\r\n    });\r\n<\/script>\t\t\t<\/div>\r\n        <\/div>\r\n        \t\t\t\t<\/div>\n\t\t\t\t<\/div>\n\t\t\t\t<div class=\"elementor-element elementor-element-3e03f81e elementor-widget elementor-widget-neuron-media-gallery\" data-id=\"3e03f81e\" data-element_type=\"widget\" data-e-type=\"widget\" data-widget_type=\"neuron-media-gallery.default\">\n\t\t\t\t<div class=\"elementor-widget-container\">\n\t\t\t\t\t\t\t<div class=\"l-posts-wrapper l-filters-holder l-posts-wrapper--meta-inside\" data-posts=\"3e03f81e\">\r\n\t\t\t\t\t\t<div class=\"m-media-gallery m-media-gallery--meta-inside h-offset--no  \">\r\n\t\t\t\t<div class=\"row masonry\" data-masonry-id=\"d2aa00ad489eea69b3b21e3175a15615\">\r\n                    <div class=\"selector col-lg-4 \" data-id=\"7883\" data-columns=\"3-columns\">\r\n            <div class=\"m-media-gallery__item wow h-fadeInUpNeuron \" >\r\n                <div class=\"o-neuron-hover o-neuron-hover--meta-inside o-neuron-hover--scale\">\r\n    <div class=\"o-neuron-hover-holder h-lightbox\">\r\n        <div class=\"o-neuron-hover-holder__header\">\r\n            <div class=\"o-neuron-hover-holder__header__media\">\r\n                <div class=\"h-calculated-image\" style=\"\"><\/div>            <\/div>\r\n                            <div class=\"o-neuron-hover-holder__header__overlay\"><\/div>\r\n                    <\/div>\r\n        <div class=\"o-neuron-hover-holder__body d-flex justify-content-center align-items-center\">\r\n            <div class=\"o-neuron-hover-holder__body__inner\">\r\n                                <a title=\"\" class=\"h-lightbox-link\" data-type=\"image\" data-mfp-src=http:\/\/bifrost.local\/wp-content\/uploads\/2018\/09\/40064c66793821.5b2253a9a43a1-1.jpg  ><\/a>            <\/div>\r\n        <\/div>\r\n    <\/div>\r\n<\/div>\r\n            <\/div>\r\n        <\/div>\r\n    <\/div>\r\n\r\n\r\n\t\t\t<\/div>\r\n        <\/div>\r\n        \t\t\t\t<\/div>\n\t\t\t\t<\/div>\n\t\t\t\t\t<\/div>\n\t\t<\/div>\n\t\t\t\t\t<\/div>\n\t\t<\/section>\n\t\t\t\t<section class=\"elementor-section elementor-top-section elementor-element elementor-element-23e7fc6 elementor-section-full_width elementor-section-height-default elementor-section-height-default neuron-fixed-no\" data-id=\"23e7fc6\" data-element_type=\"section\" data-e-type=\"section\">\n\t\t\t\t\t\t<div class=\"elementor-container elementor-column-gap-default\">\n\t\t\t\t\t<div class=\"elementor-column elementor-col-100 elementor-top-column elementor-element elementor-element-7e99f289\" data-id=\"7e99f289\" data-element_type=\"column\" data-e-type=\"column\">\n\t\t\t<div class=\"elementor-widget-wrap elementor-element-populated\">\n\t\t\t\t\t\t<div class=\"elementor-element elementor-element-6b1b64ac elementor-widget elementor-widget-text-editor\" data-id=\"6b1b64ac\" data-element_type=\"widget\" data-e-type=\"widget\" data-widget_type=\"text-editor.default\">\n\t\t\t\t<div class=\"elementor-widget-container\">\n\t\t\t\t\t\t\t\t\t<h2>Iriome del Toro<\/h2>\n\t\t\t\t\t\t\t\t<\/div>\n\t\t\t\t<\/div>\n\t\t\t\t\t<\/div>\n\t\t<\/div>\n\t\t\t\t\t<\/div>\n\t\t<\/section>\n\t\t\t\t<section class=\"elementor-section elementor-top-section elementor-element elementor-element-401abc1 elementor-section-full_width elementor-section-content-middle elementor-section-height-default elementor-section-height-default neuron-fixed-no\" data-id=\"401abc1\" data-element_type=\"section\" data-e-type=\"section\">\n\t\t\t\t\t\t<div class=\"elementor-container elementor-column-gap-extended\">\n\t\t\t\t\t<div class=\"elementor-column elementor-col-100 elementor-top-column elementor-element elementor-element-7f64f351\" data-id=\"7f64f351\" data-element_type=\"column\" data-e-type=\"column\">\n\t\t\t<div class=\"elementor-widget-wrap elementor-element-populated\">\n\t\t\t\t\t\t<div class=\"elementor-element elementor-element-327dcf5b elementor-button-warning elementor-align-justify elementor-widget elementor-widget-button\" data-id=\"327dcf5b\" data-element_type=\"widget\" data-e-type=\"widget\" data-widget_type=\"button.default\">\n\t\t\t\t<div class=\"elementor-widget-container\">\n\t\t\t\t\t\t\t\t\t<div class=\"elementor-button-wrapper\">\n\t\t\t\t\t<a class=\"elementor-button elementor-button-link elementor-size-md elementor-animation-grow\" href=\"https:\/\/www.imdb.com\/name\/nm5068642\/\" target=\"_blank\">\n\t\t\t\t\t\t<span class=\"elementor-button-content-wrapper\">\n\t\t\t\t\t\t\t\t\t<span class=\"elementor-button-text\"><strong>IMDb<\/strong><\/span>\n\t\t\t\t\t<\/span>\n\t\t\t\t\t<\/a>\n\t\t\t\t<\/div>\n\t\t\t\t\t\t\t\t<\/div>\n\t\t\t\t<\/div>\n\t\t\t\t\t<\/div>\n\t\t<\/div>\n\t\t\t\t\t<\/div>\n\t\t<\/section>\n\t\t\t\t<section class=\"elementor-section elementor-top-section elementor-element elementor-element-73876cf7 elementor-section-boxed elementor-section-height-default elementor-section-height-default neuron-fixed-no\" data-id=\"73876cf7\" data-element_type=\"section\" data-e-type=\"section\">\n\t\t\t\t\t\t<div class=\"elementor-container elementor-column-gap-extended\">\n\t\t\t\t\t<div class=\"elementor-column elementor-col-50 elementor-top-column elementor-element elementor-element-5664ae7b\" data-id=\"5664ae7b\" data-element_type=\"column\" data-e-type=\"column\">\n\t\t\t<div class=\"elementor-widget-wrap elementor-element-populated\">\n\t\t\t\t\t\t<div class=\"elementor-element elementor-element-78ecb57f elementor-widget elementor-widget-heading\" data-id=\"78ecb57f\" data-element_type=\"widget\" data-e-type=\"widget\" data-widget_type=\"heading.default\">\n\t\t\t\t<div class=\"elementor-widget-container\">\n\t\t\t\t\t<h4 class=\"elementor-heading-title elementor-size-default\">INFORMATION<\/h4>\t\t\t\t<\/div>\n\t\t\t\t<\/div>\n\t\t\t\t<div class=\"elementor-element elementor-element-53e30120 elementor-widget-divider--view-line elementor-widget elementor-widget-divider\" data-id=\"53e30120\" data-element_type=\"widget\" data-e-type=\"widget\" data-widget_type=\"divider.default\">\n\t\t\t\t<div class=\"elementor-widget-container\">\n\t\t\t\t\t\t\t<div class=\"elementor-divider\">\n\t\t\t<span class=\"elementor-divider-separator\">\n\t\t\t\t\t\t<\/span>\n\t\t<\/div>\n\t\t\t\t\t\t<\/div>\n\t\t\t\t<\/div>\n\t\t\t\t<div class=\"elementor-element elementor-element-51f68e72 elementor-invisible elementor-widget elementor-widget-toggle\" data-id=\"51f68e72\" data-element_type=\"widget\" data-e-type=\"widget\" data-settings=\"{&quot;_animation&quot;:&quot;fadeInRight&quot;}\" data-widget_type=\"toggle.default\">\n\t\t\t\t<div class=\"elementor-widget-container\">\n\t\t\t\t\t\t\t<div class=\"elementor-toggle\">\n\t\t\t\t\t\t\t<div class=\"elementor-toggle-item\">\n\t\t\t\t\t<h5 id=\"elementor-tab-title-1371\" class=\"elementor-tab-title\" data-tab=\"1\" role=\"button\" aria-controls=\"elementor-tab-content-1371\" aria-expanded=\"false\">\n\t\t\t\t\t\t\t\t\t\t\t\t<span class=\"elementor-toggle-icon elementor-toggle-icon-left\" aria-hidden=\"true\">\n\t\t\t\t\t\t\t\t\t\t\t\t\t\t\t<span class=\"elementor-toggle-icon-closed\"><i class=\"fas fa-caret-right\"><\/i><\/span>\n\t\t\t\t\t\t\t\t<span class=\"elementor-toggle-icon-opened\"><i class=\"elementor-toggle-icon-opened fas fa-caret-up\"><\/i><\/span>\n\t\t\t\t\t\t\t\t\t\t\t\t\t<\/span>\n\t\t\t\t\t\t\t\t\t\t\t\t<a class=\"elementor-toggle-title\" tabindex=\"0\">PROFESSIONAL EXPERIENCE<\/a>\n\t\t\t\t\t<\/h5>\n\n\t\t\t\t\t<div id=\"elementor-tab-content-1371\" class=\"elementor-tab-content elementor-clearfix\" data-tab=\"1\" role=\"region\" aria-labelledby=\"elementor-tab-title-1371\"><p><strong>FILMS<\/strong><br \/>\u201dPALMERAS EN LA NIEVE\u201d. Dirigida por Fernando Gonz\u00e1lez Molina, 2014<br \/>\u201cLAS CARTAS DE MALEX\u201d. Director Carlos Reyes Lima 2012<br \/>\u201cINVASOR\u201d. Director Daniel Calparsoro. 2011<br \/>\u201cAMARILLO\u201d. Dirigido por Adonay Santana. 2010<\/p>\n<p><strong>TELEVISION<\/strong><br \/>\u201cSERIE HIERRO\u201d, Dirigida por Jorge Coira para Movistar+. 2020 <br \/>\u201cGALA DE LA REINA INFANTIL DEL CARNAVAL DE LAS PALMAS\u201d. Actor y presentador. 2014.<br \/>\u201cCARNAVAL DE LAS PALMAS. GALA DE LA REINA Y GALA DRAQ\u201d. Bailar\u00edn y Figurante.2008-2012<br \/>\u201cSERIE LA REVOLTOSA\u201d. Televisi\u00f3n Canaria. Personaje epis\u00f3dico. Segunda Temporada. 2012.<\/p>\n<p><strong>THEATRE<\/strong><br \/>\u201cLA SOMBRA DE DON ALONSO\u201d, direcci\u00f3n Juan Jos\u00e9 Afonso y texto de Antonio Tabares. 2019-2020<br \/>\u201cLA BELLA DURMIENTE EL MUSICAL\u201d.. Clapso Producciones. Direcci\u00f3n Israel Reyes. 2015, 2017<br \/>\u201cDON JUAN TENORIO EN VEGUETA\u201d. Direcci\u00f3n Jorge Reyes D\u00e9niz .2015<br \/>\u201cDON JUAN TENORIO\u201d. Hybridos Producciones. DIrecci\u00f3n Leonardo Reyes. 2015<br \/>\u201cJUGUETES M\u00c1GICOS\u201d. Clapso Producciones. Direcci\u00f3n Israel Reyes. 2014-2015<br \/>\u201cUN CUENTO DE NAVIDAD\u201d. Clapso Producciones. Direcci\u00f3n Israel Reyes. 2014-2015<br \/>\u201cEL JARD\u00cdN DE LOS DUENDES\u201d. Clapso Producciones. Direcci\u00f3n Israel Reyes. 2014<br \/>\u201cUN BURRO VOLANDO\u201d. Clapso Producciones. Direcci\u00f3n Quino Falero e Israel Reyes. 2013-2014<br \/>\u201cMI VIDA GIRA ALREDEDOR DE QUINIENTOS METROS\u201d. 2RC Teatro 2013<br \/>\u201cDESMONTANDO AL DON JUAN O EL DIVINO JUICIO DE DON JUAN TENORIO\u201d. Direcci\u00f3n Mari Carmen S\u00e1nchez y Blanca Rodr\u00edguez. M\u00e9xico-California. 2RC Teatro 2013<br \/>\u201cSE BUSCA JUAN RANA\u201d. 2Rc Teatro. Direcci\u00f3n Jos\u00e9 Luis Mass\u00f3 y Luis O\u2019malley.2011-2013. M\u00e9xico-California.<br \/>\u201cINSULARIO\u201d. 2Rc Teatro. Dirigida por Jos\u00e9 Luis Mass\u00f3.2011-2013<br \/>\u201cEL CIRCO VERDE\u201d. Clapso Producciones. Dirigido por Israel Reyes y Mingo Ruano.2010-2014<br \/>\u201cLA QUINTA PARED\u201d. 2Rc Teatro. Dirigida por Luis O\u2019malley M\u00e9xico-California, Chile.<br \/>\u201cLOS AMORES DEL F\u00c9NIX\u201d. Personaje: Don Lope De Vega. Dirigida por Jorge Reyes D\u00e9niz.2011<br \/>\u201cUNA FIESTA PARA BORIS\u201d. Personaje: El tullido m\u00e1s viejo. Director: Paco Castellanos. 2010<br \/>\u201cMARIANELA\u201d. Personaje: Teodoro Golf\u00edn. Casa Museo P\u00e9rez Gald\u00f3s. Director Israel Castro. 2008<\/p>\n<p><strong>SHORTFILMS<\/strong><br \/>\u201cCAMINO A LA LUNA\u201d Direcci\u00f3n Mar\u00eda De Vigo. 2016<br \/>\u201cRESILENCIA\u201d Direcci\u00f3n Iriome Del toro, Iv\u00e1n Briones. 2016<br \/>\u201cIYENA\u201d. Dirigido por Mercedes Afonso. Personaje: Adejare. 2015<br \/>\u201cKRONOSCOPIO\u201d. Dirigido por Naira G\u00f3mez. Personajes: Cronos y Doctor.2012<br \/>\u201cLIGHTBEARER\u201d. Dirigido por Armando Ravelo. Personaje: Lucifer.2012<br \/>\u201cROL\u201d. Dirigido por Armando Ravelo. 2012<br \/>\u201cGATOS\u201d. Dirigido por H\u00e9ctor Gonz\u00e1lez. 2012<br \/>\u201cDOSSIER\u201d. Dirigido por H\u00e9ctor Gonz\u00e1lez. 2012<br \/>\u201cMONSTRUO\u201d. Dirigido por Armando Ravelo. Personaje: Astronauta.2012<br \/>\u201cANSITE\u201d. Dirigido por Armando Ravelo. Personaje: Benteju\u00ed.2011<br \/>\u201cCOSAS QUE OLVIDAMOS\u201d. Dirigido por Iv\u00e1n L\u00f3pez. Personaje: Ciro. 2011<br \/>\u201cLA VIDA EN LAS MANOS\u201d. Dirigido por Mercedes Afonso.2011<\/p>\n<\/div>\n\t\t\t\t<\/div>\n\t\t\t\t\t\t\t<div class=\"elementor-toggle-item\">\n\t\t\t\t\t<h5 id=\"elementor-tab-title-1372\" class=\"elementor-tab-title\" data-tab=\"2\" role=\"button\" aria-controls=\"elementor-tab-content-1372\" aria-expanded=\"false\">\n\t\t\t\t\t\t\t\t\t\t\t\t<span class=\"elementor-toggle-icon elementor-toggle-icon-left\" aria-hidden=\"true\">\n\t\t\t\t\t\t\t\t\t\t\t\t\t\t\t<span class=\"elementor-toggle-icon-closed\"><i class=\"fas fa-caret-right\"><\/i><\/span>\n\t\t\t\t\t\t\t\t<span class=\"elementor-toggle-icon-opened\"><i class=\"elementor-toggle-icon-opened fas fa-caret-up\"><\/i><\/span>\n\t\t\t\t\t\t\t\t\t\t\t\t\t<\/span>\n\t\t\t\t\t\t\t\t\t\t\t\t<a class=\"elementor-toggle-title\" tabindex=\"0\">TRAINING<\/a>\n\t\t\t\t\t<\/h5>\n\n\t\t\t\t\t<div id=\"elementor-tab-content-1372\" class=\"elementor-tab-content elementor-clearfix\" data-tab=\"2\" role=\"region\" aria-labelledby=\"elementor-tab-title-1372\"><p>School of Actors of the Canary Islands (Higher Authorized Center) 2007-2011<br \/>Interpretation workshop given by the stage director Juan Jos\u00e9 Afonso. 2019<br \/>Seminar &#8220;Conference on fencing and stage fighting&#8221;, given by the Master of Arms<br \/>Enzo Querubino. Tenerife.<br \/>Body Mime. Etian Decroux Technique, taught by Sergio Lantigua. Las Palmas de G.C.<br \/>Practice of the Verse. Taught by Jorge Reyes. Las Palmas de G.C.<br \/>Seminar &#8220;Dramatic writing&#8221; Taught by Irma Correa. Project \u201cCanarias writes theater&#8221;. Las Palmas de G.C.<br \/>Workshop &#8220;The domain of Casting&#8221; Taught by Andres Cuenca. Madrid <\/p>\n<p><strong>SKILLS<\/strong><br \/>Stage Fighting<br \/>Fencing<br \/>Swimming<\/p>\n<\/div>\n\t\t\t\t<\/div>\n\t\t\t\t\t\t\t\t<\/div>\n\t\t\t\t\t\t<\/div>\n\t\t\t\t<\/div>\n\t\t\t\t<div class=\"elementor-element elementor-element-783faf1a elementor-align-center elementor-widget__width-inherit elementor-widget elementor-widget-button\" data-id=\"783faf1a\" data-element_type=\"widget\" data-e-type=\"widget\" data-widget_type=\"button.default\">\n\t\t\t\t<div class=\"elementor-widget-container\">\n\t\t\t\t\t\t\t\t\t<div class=\"elementor-button-wrapper\">\n\t\t\t\t\t<a class=\"elementor-button elementor-button-link elementor-size-sm elementor-animation-grow\" href=\"https:\/\/ruthfranco.com\/wp-content\/uploads\/2020\/11\/IriomeDelToro_CV_EN.pdf\">\n\t\t\t\t\t\t<span class=\"elementor-button-content-wrapper\">\n\t\t\t\t\t\t<span class=\"elementor-button-icon\">\n\t\t\t\t<i aria-hidden=\"true\" class=\"fas fa-arrow-alt-circle-down\"><\/i>\t\t\t<\/span>\n\t\t\t\t\t\t\t\t\t<span class=\"elementor-button-text\">DOWNLOAD CV<\/span>\n\t\t\t\t\t<\/span>\n\t\t\t\t\t<\/a>\n\t\t\t\t<\/div>\n\t\t\t\t\t\t\t\t<\/div>\n\t\t\t\t<\/div>\n\t\t\t\t\t<\/div>\n\t\t<\/div>\n\t\t\t\t<div class=\"elementor-column elementor-col-50 elementor-top-column elementor-element elementor-element-556afa4f elementor-invisible\" data-id=\"556afa4f\" data-element_type=\"column\" data-e-type=\"column\" data-settings=\"{&quot;animation&quot;:&quot;fadeInLeft&quot;}\">\n\t\t\t<div class=\"elementor-widget-wrap elementor-element-populated\">\n\t\t\t\t\t\t<div class=\"elementor-element elementor-element-3ea8644c elementor-widget elementor-widget-heading\" data-id=\"3ea8644c\" data-element_type=\"widget\" data-e-type=\"widget\" data-widget_type=\"heading.default\">\n\t\t\t\t<div class=\"elementor-widget-container\">\n\t\t\t\t\t<h4 class=\"elementor-heading-title elementor-size-default\">VIDEOBOOK<\/h4>\t\t\t\t<\/div>\n\t\t\t\t<\/div>\n\t\t\t\t<div class=\"elementor-element elementor-element-6cca92ee elementor-widget-divider--view-line elementor-widget elementor-widget-divider\" data-id=\"6cca92ee\" data-element_type=\"widget\" data-e-type=\"widget\" data-widget_type=\"divider.default\">\n\t\t\t\t<div class=\"elementor-widget-container\">\n\t\t\t\t\t\t\t<div class=\"elementor-divider\">\n\t\t\t<span class=\"elementor-divider-separator\">\n\t\t\t\t\t\t<\/span>\n\t\t<\/div>\n\t\t\t\t\t\t<\/div>\n\t\t\t\t<\/div>\n\t\t\t\t<div class=\"elementor-element elementor-element-7d34098c elementor-widget elementor-widget-video\" data-id=\"7d34098c\" data-element_type=\"widget\" data-e-type=\"widget\" data-settings=\"{&quot;youtube_url&quot;:&quot;https:\\\/\\\/youtu.be\\\/Q-8Z4BeI2k4&quot;,&quot;video_type&quot;:&quot;youtube&quot;,&quot;controls&quot;:&quot;yes&quot;}\" data-widget_type=\"video.default\">\n\t\t\t\t<div class=\"elementor-widget-container\">\n\t\t\t\t\t\t\t<div class=\"elementor-wrapper elementor-open-inline\">\n\t\t\t<div class=\"elementor-video\"><\/div>\t\t<\/div>\n\t\t\t\t\t\t<\/div>\n\t\t\t\t<\/div>\n\t\t\t\t\t<\/div>\n\t\t<\/div>\n\t\t\t\t\t<\/div>\n\t\t<\/section>\n\t\t\t\t<\/div>\n\t\t","protected":false},"excerpt":{"rendered":"<p>Iriome del Toro IMDb INFORMATION PROFESSIONAL EXPERIENCE FILMS\u201dPALMERAS EN LA NIEVE\u201d. Dirigida por Fernando Gonz\u00e1lez Molina, 2014\u201cLAS CARTAS&#8230;<\/p>\n","protected":false},"author":1,"featured_media":35468,"parent":0,"menu_order":0,"comment_status":"closed","ping_status":"closed","template":"","meta":{"_acf_changed":false,"_seopress_robots_primary_cat":"","_seopress_titles_title":"","_seopress_titles_desc":"","_seopress_robots_index":"","footnotes":""},"categories":[109],"tags":[],"class_list":["post-38230","page","type-page","status-publish","has-post-thumbnail","hentry","category-canary-actors"],"acf":[],"_links":{"self":[{"href":"https:\/\/ruthfranco.com\/en\/wp-json\/wp\/v2\/pages\/38230","targetHints":{"allow":["GET"]}}],"collection":[{"href":"https:\/\/ruthfranco.com\/en\/wp-json\/wp\/v2\/pages"}],"about":[{"href":"https:\/\/ruthfranco.com\/en\/wp-json\/wp\/v2\/types\/page"}],"author":[{"embeddable":true,"href":"https:\/\/ruthfranco.com\/en\/wp-json\/wp\/v2\/users\/1"}],"replies":[{"embeddable":true,"href":"https:\/\/ruthfranco.com\/en\/wp-json\/wp\/v2\/comments?post=38230"}],"version-history":[{"count":3,"href":"https:\/\/ruthfranco.com\/en\/wp-json\/wp\/v2\/pages\/38230\/revisions"}],"predecessor-version":[{"id":41294,"href":"https:\/\/ruthfranco.com\/en\/wp-json\/wp\/v2\/pages\/38230\/revisions\/41294"}],"wp:featuredmedia":[{"embeddable":true,"href":"https:\/\/ruthfranco.com\/en\/wp-json\/wp\/v2\/media\/35468"}],"wp:attachment":[{"href":"https:\/\/ruthfranco.com\/en\/wp-json\/wp\/v2\/media?parent=38230"}],"wp:term":[{"taxonomy":"category","embeddable":true,"href":"https:\/\/ruthfranco.com\/en\/wp-json\/wp\/v2\/categories?post=38230"},{"taxonomy":"post_tag","embeddable":true,"href":"https:\/\/ruthfranco.com\/en\/wp-json\/wp\/v2\/tags?post=38230"}],"curies":[{"name":"wp","href":"https:\/\/api.w.org\/{rel}","templated":true}]}}