{"id":36949,"date":"2020-07-08T20:31:53","date_gmt":"2020-07-08T20:31:53","guid":{"rendered":"http:\/\/ruthfranco.com\/jose-chaves\/"},"modified":"2025-04-14T18:56:45","modified_gmt":"2025-04-14T16:56:45","slug":"jose-chaves","status":"publish","type":"page","link":"https:\/\/ruthfranco.com\/en\/jose-chaves\/","title":{"rendered":"Jos\u00e9 Chaves"},"content":{"rendered":"\t\t<div data-elementor-type=\"wp-page\" data-elementor-id=\"36949\" class=\"elementor elementor-36949 elementor-31890\" data-elementor-post-type=\"page\">\n\t\t\t\t\t\t<section class=\"elementor-section elementor-top-section elementor-element elementor-element-4204ce elementor-section-full_width elementor-section-height-default elementor-section-height-default neuron-fixed-no\" data-id=\"4204ce\" data-element_type=\"section\" data-e-type=\"section\" data-settings=\"{&quot;background_background&quot;:&quot;classic&quot;}\">\n\t\t\t\t\t\t\t<div class=\"elementor-background-overlay\"><\/div>\n\t\t\t\t\t\t\t<div class=\"elementor-container elementor-column-gap-no\">\n\t\t\t\t\t<div class=\"elementor-column elementor-col-100 elementor-top-column elementor-element elementor-element-7411d15b\" data-id=\"7411d15b\" data-element_type=\"column\" data-e-type=\"column\">\n\t\t\t<div class=\"elementor-widget-wrap elementor-element-populated\">\n\t\t\t\t\t\t<div class=\"elementor-element elementor-element-7410897e elementor-invisible elementor-widget elementor-widget-neuron-media-gallery\" data-id=\"7410897e\" data-element_type=\"widget\" data-e-type=\"widget\" data-settings=\"{&quot;_animation&quot;:&quot;fadeInLeft&quot;}\" data-widget_type=\"neuron-media-gallery.default\">\n\t\t\t\t<div class=\"elementor-widget-container\">\n\t\t\t\t\t\t\t<div class=\"l-posts-wrapper l-filters-holder l-posts-wrapper--meta-outside\" data-posts=\"7410897e\">\r\n\t\t\t\t\t\t<div class=\"m-media-gallery m-media-gallery--meta-outside   \">\r\n\t\t\t\t<div class=\"owl-carousel owl-theme\" id=\"f30846445c1efced8253021dfc39f093\" data-animation=\"h-fadeInLeftNeuron\" data-wow=\"yes\">\r\n                    <div class=\"m-media-gallery__item wow intro-animation \" >\r\n            <div class=\"o-neuron-hover o-neuron-hover--meta-outside o-neuron-hover--icon o-neuron-hover--translate\">\r\n    <div class=\"o-neuron-hover-holder\">\r\n        <div class=\"o-neuron-hover-holder__header\">\r\n            <div class=\"o-neuron-hover-holder__header__media\">\r\n                <div class=\"h-calculated-image\" style=\"padding-bottom: 133.333333% !important;\"><img fetchpriority=\"high\" decoding=\"async\" width=\"600\" height=\"800\" src=\"https:\/\/ruthfranco.com\/wp-content\/uploads\/2020\/07\/Jose-Chaves-1.jpg\" class=\"attachment-large size-large\" alt=\"Jos\u00e9 Chaves actor\" srcset=\"https:\/\/ruthfranco.com\/wp-content\/uploads\/2020\/07\/Jose-Chaves-1.jpg 600w, https:\/\/ruthfranco.com\/wp-content\/uploads\/2020\/07\/Jose-Chaves-1-225x300.jpg 225w\" sizes=\"(max-width: 600px) 100vw, 600px\" \/><\/div>            <\/div>\r\n                            <div class=\"o-neuron-hover-holder__header__overlay\"><\/div>\r\n                    <\/div>\r\n                    <div class=\"o-neuron-hover-holder__body d-flex align-items-center\">\r\n                <div class=\"o-neuron-hover-holder__body-meta\">\r\n                                    <\/div>\r\n                            <\/div>\r\n            <\/div>    \r\n           \r\n<\/div>        <\/div>\r\n                    <div class=\"m-media-gallery__item wow intro-animation \" data-wow-delay=0.2s>\r\n            <div class=\"o-neuron-hover o-neuron-hover--meta-outside o-neuron-hover--icon o-neuron-hover--translate\">\r\n    <div class=\"o-neuron-hover-holder\">\r\n        <div class=\"o-neuron-hover-holder__header\">\r\n            <div class=\"o-neuron-hover-holder__header__media\">\r\n                <div class=\"h-calculated-image\" style=\"padding-bottom: 133.333333% !important;\"><img decoding=\"async\" width=\"600\" height=\"800\" src=\"https:\/\/ruthfranco.com\/wp-content\/uploads\/2020\/07\/Jose-Chaves-2.jpg\" class=\"attachment-large size-large\" alt=\"Jos\u00e9 Chaves actor\" srcset=\"https:\/\/ruthfranco.com\/wp-content\/uploads\/2020\/07\/Jose-Chaves-2.jpg 600w, https:\/\/ruthfranco.com\/wp-content\/uploads\/2020\/07\/Jose-Chaves-2-225x300.jpg 225w\" sizes=\"(max-width: 600px) 100vw, 600px\" \/><\/div>            <\/div>\r\n                            <div class=\"o-neuron-hover-holder__header__overlay\"><\/div>\r\n                    <\/div>\r\n                    <div class=\"o-neuron-hover-holder__body d-flex align-items-center\">\r\n                <div class=\"o-neuron-hover-holder__body-meta\">\r\n                                    <\/div>\r\n                            <\/div>\r\n            <\/div>    \r\n           \r\n<\/div>        <\/div>\r\n                    <div class=\"m-media-gallery__item wow intro-animation \" data-wow-delay=0.4s>\r\n            <div class=\"o-neuron-hover o-neuron-hover--meta-outside o-neuron-hover--icon o-neuron-hover--translate\">\r\n    <div class=\"o-neuron-hover-holder\">\r\n        <div class=\"o-neuron-hover-holder__header\">\r\n            <div class=\"o-neuron-hover-holder__header__media\">\r\n                <div class=\"h-calculated-image\" style=\"padding-bottom: 133.333333% !important;\"><img decoding=\"async\" width=\"600\" height=\"800\" src=\"https:\/\/ruthfranco.com\/wp-content\/uploads\/2020\/07\/Jose-Chaves-3.jpg\" class=\"attachment-large size-large\" alt=\"Jos\u00e9 Chaves actor\" srcset=\"https:\/\/ruthfranco.com\/wp-content\/uploads\/2020\/07\/Jose-Chaves-3.jpg 600w, https:\/\/ruthfranco.com\/wp-content\/uploads\/2020\/07\/Jose-Chaves-3-225x300.jpg 225w\" sizes=\"(max-width: 600px) 100vw, 600px\" \/><\/div>            <\/div>\r\n                            <div class=\"o-neuron-hover-holder__header__overlay\"><\/div>\r\n                    <\/div>\r\n                    <div class=\"o-neuron-hover-holder__body d-flex align-items-center\">\r\n                <div class=\"o-neuron-hover-holder__body-meta\">\r\n                                    <\/div>\r\n                            <\/div>\r\n            <\/div>    \r\n           \r\n<\/div>        <\/div>\r\n    <\/div>\r\n<script type=\"text\/javascript\">\r\n    jQuery(function ($) {\r\n        var owl = $('#f30846445c1efced8253021dfc39f093');\r\n\r\n        owl.owlCarousel({\r\n            items: 1,\r\n            margin: 10,\r\n            autoHeight: false,\r\n            loop: false,\r\n            mouseDrag: true,\r\n            touchDrag: true,\r\n            stagePadding: 0,\r\n            startPosition: 0,\r\n            nav: true,\r\n            navText: [\r\n                '<svg xmlns=\"http:\/\/www.w3.org\/2000\/svg\" width=\"22\" height=\"22\" viewBox=\"0 0 24 24\" fill=\"none\" stroke=\"currentColor\" stroke-width=\"2\" stroke-linecap=\"round\" stroke-linejoin=\"round\" class=\"feather feather-arrow-left\"><line x1=\"19\" y1=\"12\" x2=\"5\" y2=\"12\"><\/line><polyline points=\"12 19 5 12 12 5\"><\/polyline><\/svg>',\r\n                '<svg xmlns=\"http:\/\/www.w3.org\/2000\/svg\" width=\"22\" height=\"22\" viewBox=\"0 0 24 24\" fill=\"none\" stroke=\"currentColor\" stroke-width=\"2\" stroke-linecap=\"round\" stroke-linejoin=\"round\" class=\"feather feather-arrow-right\"><line x1=\"5\" y1=\"12\" x2=\"19\" y2=\"12\"><\/line><polyline points=\"12 5 19 12 12 19\"><\/polyline><\/svg>'\r\n            ],\r\n            dots: true,\r\n            autoplay: false,\r\n            autoplayTimeout: 2000,\r\n            autoplayHoverPause: false,\r\n            smartSpeed: 450,\r\n            responsive:{\r\n                768:{\r\n                    items: 2,\r\n                    margin: 5,\r\n                    stagePadding: 0                },\r\n                992:{\r\n                    items: 3,\r\n                    margin: 10,\r\n                    stagePadding: 0                }\r\n            }\r\n        });\r\n    });\r\n<\/script>\t\t\t<\/div>\r\n        <\/div>\r\n        \t\t\t\t<\/div>\n\t\t\t\t<\/div>\n\t\t\t\t\t<\/div>\n\t\t<\/div>\n\t\t\t\t\t<\/div>\n\t\t<\/section>\n\t\t\t\t<section class=\"elementor-section elementor-top-section elementor-element elementor-element-50631911 elementor-section-full_width elementor-section-height-default elementor-section-height-default neuron-fixed-no\" data-id=\"50631911\" data-element_type=\"section\" data-e-type=\"section\">\n\t\t\t\t\t\t<div class=\"elementor-container elementor-column-gap-default\">\n\t\t\t\t\t<div class=\"elementor-column elementor-col-100 elementor-top-column elementor-element elementor-element-7f041b55\" data-id=\"7f041b55\" data-element_type=\"column\" data-e-type=\"column\">\n\t\t\t<div class=\"elementor-widget-wrap elementor-element-populated\">\n\t\t\t\t\t\t<div class=\"elementor-element elementor-element-59d9e914 elementor-widget elementor-widget-text-editor\" data-id=\"59d9e914\" data-element_type=\"widget\" data-e-type=\"widget\" data-widget_type=\"text-editor.default\">\n\t\t\t\t<div class=\"elementor-widget-container\">\n\t\t\t\t\t\t\t\t\t<h2>Jos\u00e9 Chaves<\/h2>\n\t\t\t\t\t\t\t\t<\/div>\n\t\t\t\t<\/div>\n\t\t\t\t\t<\/div>\n\t\t<\/div>\n\t\t\t\t\t<\/div>\n\t\t<\/section>\n\t\t\t\t<section class=\"elementor-section elementor-top-section elementor-element elementor-element-390319fd elementor-section-full_width elementor-section-content-middle elementor-section-height-default elementor-section-height-default neuron-fixed-no\" data-id=\"390319fd\" data-element_type=\"section\" data-e-type=\"section\">\n\t\t\t\t\t\t<div class=\"elementor-container elementor-column-gap-default\">\n\t\t\t\t\t<div class=\"elementor-column elementor-col-100 elementor-top-column elementor-element elementor-element-6a45deb0\" data-id=\"6a45deb0\" data-element_type=\"column\" data-e-type=\"column\">\n\t\t\t<div class=\"elementor-widget-wrap elementor-element-populated\">\n\t\t\t\t\t\t<div class=\"elementor-element elementor-element-22f8a564 elementor-button-warning elementor-align-justify elementor-widget elementor-widget-button\" data-id=\"22f8a564\" data-element_type=\"widget\" data-e-type=\"widget\" data-widget_type=\"button.default\">\n\t\t\t\t<div class=\"elementor-widget-container\">\n\t\t\t\t\t\t\t\t\t<div class=\"elementor-button-wrapper\">\n\t\t\t\t\t<a class=\"elementor-button elementor-button-link elementor-size-md elementor-animation-grow\" href=\"https:\/\/www.imdb.com\/name\/nm1986386\/\" target=\"_blank\">\n\t\t\t\t\t\t<span class=\"elementor-button-content-wrapper\">\n\t\t\t\t\t\t\t\t\t<span class=\"elementor-button-text\"><strong>IMDb<\/strong><\/span>\n\t\t\t\t\t<\/span>\n\t\t\t\t\t<\/a>\n\t\t\t\t<\/div>\n\t\t\t\t\t\t\t\t<\/div>\n\t\t\t\t<\/div>\n\t\t\t\t\t<\/div>\n\t\t<\/div>\n\t\t\t\t\t<\/div>\n\t\t<\/section>\n\t\t\t\t<section class=\"elementor-section elementor-top-section elementor-element elementor-element-20881b4c elementor-section-boxed elementor-section-height-default elementor-section-height-default neuron-fixed-no\" data-id=\"20881b4c\" data-element_type=\"section\" data-e-type=\"section\">\n\t\t\t\t\t\t<div class=\"elementor-container elementor-column-gap-extended\">\n\t\t\t\t\t<div class=\"elementor-column elementor-col-50 elementor-top-column elementor-element elementor-element-7f65f0ef\" data-id=\"7f65f0ef\" data-element_type=\"column\" data-e-type=\"column\">\n\t\t\t<div class=\"elementor-widget-wrap elementor-element-populated\">\n\t\t\t\t\t\t<div class=\"elementor-element elementor-element-581e1bfe elementor-widget elementor-widget-heading\" data-id=\"581e1bfe\" data-element_type=\"widget\" data-e-type=\"widget\" data-widget_type=\"heading.default\">\n\t\t\t\t<div class=\"elementor-widget-container\">\n\t\t\t\t\t<h4 class=\"elementor-heading-title elementor-size-default\">INFORMATION<\/h4>\t\t\t\t<\/div>\n\t\t\t\t<\/div>\n\t\t\t\t<div class=\"elementor-element elementor-element-53ffc219 elementor-widget-divider--view-line elementor-widget elementor-widget-divider\" data-id=\"53ffc219\" data-element_type=\"widget\" data-e-type=\"widget\" data-widget_type=\"divider.default\">\n\t\t\t\t<div class=\"elementor-widget-container\">\n\t\t\t\t\t\t\t<div class=\"elementor-divider\">\n\t\t\t<span class=\"elementor-divider-separator\">\n\t\t\t\t\t\t<\/span>\n\t\t<\/div>\n\t\t\t\t\t\t<\/div>\n\t\t\t\t<\/div>\n\t\t\t\t<div class=\"elementor-element elementor-element-3dea476b elementor-invisible elementor-widget elementor-widget-toggle\" data-id=\"3dea476b\" data-element_type=\"widget\" data-e-type=\"widget\" data-settings=\"{&quot;_animation&quot;:&quot;fadeInRight&quot;}\" data-widget_type=\"toggle.default\">\n\t\t\t\t<div class=\"elementor-widget-container\">\n\t\t\t\t\t\t\t<div class=\"elementor-toggle\">\n\t\t\t\t\t\t\t<div class=\"elementor-toggle-item\">\n\t\t\t\t\t<h5 id=\"elementor-tab-title-1031\" class=\"elementor-tab-title\" data-tab=\"1\" role=\"button\" aria-controls=\"elementor-tab-content-1031\" aria-expanded=\"false\">\n\t\t\t\t\t\t\t\t\t\t\t\t<span class=\"elementor-toggle-icon elementor-toggle-icon-left\" aria-hidden=\"true\">\n\t\t\t\t\t\t\t\t\t\t\t\t\t\t\t<span class=\"elementor-toggle-icon-closed\"><i class=\"fas fa-caret-right\"><\/i><\/span>\n\t\t\t\t\t\t\t\t<span class=\"elementor-toggle-icon-opened\"><i class=\"elementor-toggle-icon-opened fas fa-caret-up\"><\/i><\/span>\n\t\t\t\t\t\t\t\t\t\t\t\t\t<\/span>\n\t\t\t\t\t\t\t\t\t\t\t\t<a class=\"elementor-toggle-title\" tabindex=\"0\">PROFESSIONAL EXPERIENCE<\/a>\n\t\t\t\t\t<\/h5>\n\n\t\t\t\t\t<div id=\"elementor-tab-content-1031\" class=\"elementor-tab-content elementor-clearfix\" data-tab=\"1\" role=\"region\" aria-labelledby=\"elementor-tab-title-1031\"><p><strong>FILMS<\/strong><br \/>\n\u201cEL UNIVERSO DE OLIVER\u201d. Dir. Alexis Morante. 2021<br \/>\n\u201cEL MUNDO ES SUYO VOL.2\u201d. Dir.: Alfonso S\u00e1nchez. 2021<br \/>\n\u201cLOBO FEROZ\u201d Dir Gustavo Hern\u00e1ndez 2021<br \/>\n\u201cYO, MI MUJER Y MI MUJER MUERTA\u201d. Dir. Santiago Amodeo Ojeda. 2018<br \/>\n\u201cMI QUERIDA COFRAD\u00cdA\u201d Dir. Marta D\u00edaz de Lope D\u00edaz Mart\u00edn. \u201cLa Zanfo\u00f1a Producciones\u201d. 2017<br \/>\n\u201cJAULAS\u201d. Dir. Nicol\u00e1s Pacheco. 2017<br \/>\n\u201cQUI\u00c9N TE CANTAR\u00c1\u201d. Dir. Carlos Vermut. \u00c1ralan Films. 2017<br \/>\n\u201c8 APELLIDOS CATALANES\u201d. Lazona Films. 2015<br \/>\n\u201cENTRELOBOS\u201d. Dir.: Gerardo Olivares. 2011<br \/>\n\u201c23 \u2013 F\u201d. Dir. Chema de la Pe\u00f1a. 2011<br \/>\n\u201cUN MUNDO CUADRADO\u201d. La Zanfo\u00f1a PC. 2010<br \/>\n\u201cENTRELOBOS\u201d. Wanda Vision. Dir.: Gerardo Olivares. 2009<br \/>\n\u201cDIARIO DE UNA NINF\u00d3MANA\u201d Can\u00f3nigo Films. 2007<br \/>\n\u201cYO SOY LA JUANI\u201d Padre de la Juani. Dir: BIGAS LUNA. 2006<br \/>\n\u201cSIETE V\u00cdRGENES\u201d Dir. Alberto Rodr\u00edguez<br \/>\n\u201cQUINCE D\u00cdAS CONTIGO\u201d Dir. Jes\u00fas Ponce.<br \/>\n\u201cSOLAS\u201d Dir. Benito Zambrano.<\/p>\n<p><strong>TELEVISION<\/strong><br \/>\n\u201cHISTORIAS PARA NO DORMIR\u201d. Amazon. 2022<br \/>\n\u201cLA CAZA GUADIANA\u201d. RTVE. 2022<br \/>\n\u201cCU\u00c9NTAME C\u00d3MO PAS\u00d3\u201d. TVE. 2015, 2018, 2021 y 2022.<br \/>\n\u201cGLI OROLOGI DEL DIAVOLO\u201d. Italia\/Espa\u00f1a. 2019<br \/>\n\u201cSERVIR Y PROTEGER\u201d. TVE. 2019.<br \/>\n\u201cCENTRO M\u00c9DICO\u201d. TVE. Zebra Producciones. 2016\/2017\/2018<br \/>\n\u201cCU\u00c9NTAME C\u00d3MO PAS\u00d3\u201d. TVE. 2015 y 2018<br \/>\n\u201cSUPERKIDS\u201d. Telic Corporation Limited. 2017.<br \/>\n\u201cGIGANTES\u201d. \u201cLazona Producciones\u201d. 2017<br \/>\n\u201cENTRE OLIVOS\u201d. Canal Sur. 2016<br \/>\n\u201cVICTOR ROS\u201d. Secuoya Contenidos. TVE 1. 2016<br \/>\n\u201c28 F\u201d. Division XL Producciones. 2016<br \/>\n\u201cBRIGADA DE FEN\u00d3MENOS\u201d. Canal Sur. 2016<br \/>\n\u201cMAR DE PL\u00c1STICO\u201d. Boomerang TV. 2015<br \/>\n\u201cCONEXI\u00d3N ALMERIA\u201d. Tv movie. 2015<br \/>\n\u201cCU\u00c9NTAME C\u00d3MO PAS\u00d3\u201d. TVE. 2015<br \/>\n\u201cALL\u00cd ABAJO\u201d. Plano a Plano Productora Cine y Televisi\u00f3n. Antena 3.2014.<br \/>\n\u201cDIAMANTINO\u201d. Dir. Sergio Crespo. 2014<br \/>\n\u201cNI\u00d1OS\u201d. Salvador Calvo. 2012<br \/>\n\u201cEL SECRETO DE PUENTE VIEJO\u201d. Diagonal Tv. Antena 3. 2011<br \/>\n\u201cMARIO CONDE, DIAS DE GLORIA\u201d. DLO Producciones. TV Movie. 2011<br \/>\n\u201cMI GITANA\u201d TV Movie. Producciones Mandarina. 2011<br \/>\n\u201cANGEL O DEMONIO\u201d Plural Entertainment. 2010<br \/>\n\u201cAGUILA ROJA\u201d Globomedia. 2010<br \/>\n\u201cLA DUQUESA\u201d Tv movie Ficciona Media. 2009<br \/>\n\u201cPADRE MEDINA\u201d. Kalida Producciones. 2009<br \/>\n\u201cCU\u00c9NTAME C\u00d3MO PAS\u00d3\u201d. Ganga producciones. Tve. 2008<br \/>\n\u201c400 d.c.\u201d LZ Producciones. Canal Sur. 2008<br \/>\n\u201cARRAY\u00c1N\u201d Linze TV. Canal Sur. 2007-08<br \/>\n\u201cAMAR EN TIEMPOS REVUELTOS\u201d Diagonal TV.Tve1. 2007<br \/>\n\u201cLOS SERRANO\u201d Globomedia. Tele5. 2006<br \/>\n\u201cMIS ADORABLES VECINOS\u201d Globomedia. Antena 3. 2006<br \/>\n\u201cPLAZA ALTA\u201d, Canal Sur. Dir: Tito Rojas<br \/>\n\u201cLAS COSAS DEL QUERER\u201d. Canal Sur 1999-2000<\/p>\n<p><strong>THEATRE<\/strong><br \/>\n\u201cEL DEPRIMIDO\u201d Dir. JUAN RAO. Microteatro de Sevilla. 2016<br \/>\n\u201cLA EVITABLE ASCENSI\u00d3N DEL ARTURO UI\u201d Dir. Carlos \u00c1lvarez-Ossorio. CAT. 2014-2015<br \/>\n\u201cLA BOCA DEL LOBO\u201d. Dir. J. C. S\u00e1nchez. Sevilla. 2012<br \/>\n\u201cJULIA\u201d. Dir. Alfonso Zurro.<br \/>\n\u201cPERLIMPLIN\u201d, Lorca<br \/>\n\u201cMAR\u00cdA ESTUARDO\u201d F. SCHILLER. Dir. PEDRO A. OSSORIO.<br \/>\n\u201cVAMPIROS\u201d, DIGO-DIGO TEATRO. Dir. J. LU\u00cdS GARC\u00cdA.<br \/>\n\u201cRECALIFICADOS\u201d, SERGIO RUBIO. Dir. JULIO FRAGA.<br \/>\n\u201cMADRE CABALLO, ANTONIO ONETTI\u201d. Dir. EMILIO HERN\u00c1NDEZ.<br \/>\n\u201cLA BODA DE LOS PEQUE\u00d1OS BURGUESES\u201d, BERTOLD BRECHT. Dir. R. QUINTANA.<br \/>\n\u201cDON JUAN O EL CONVIDADO DE PIEDRA, MOLIERE. Dir. LEONID ROBERMAN.<\/p>\n<p><strong>SHORTFILMS<\/strong><br \/>\n\u201cL\u00c1GRIMAS EN EL CAF\u00c9\u201d (Irene Golden). 2009<br \/>\n\u201cMI SE\u00d1ORA\u201d (Juan Rivadeneyra). 2006<br \/>\n\u201cNEXO\u201d (Pablo Otero)<\/p>\n<\/div>\n\t\t\t\t<\/div>\n\t\t\t\t\t\t\t<div class=\"elementor-toggle-item\">\n\t\t\t\t\t<h5 id=\"elementor-tab-title-1032\" class=\"elementor-tab-title\" data-tab=\"2\" role=\"button\" aria-controls=\"elementor-tab-content-1032\" aria-expanded=\"false\">\n\t\t\t\t\t\t\t\t\t\t\t\t<span class=\"elementor-toggle-icon elementor-toggle-icon-left\" aria-hidden=\"true\">\n\t\t\t\t\t\t\t\t\t\t\t\t\t\t\t<span class=\"elementor-toggle-icon-closed\"><i class=\"fas fa-caret-right\"><\/i><\/span>\n\t\t\t\t\t\t\t\t<span class=\"elementor-toggle-icon-opened\"><i class=\"elementor-toggle-icon-opened fas fa-caret-up\"><\/i><\/span>\n\t\t\t\t\t\t\t\t\t\t\t\t\t<\/span>\n\t\t\t\t\t\t\t\t\t\t\t\t<a class=\"elementor-toggle-title\" tabindex=\"0\">TRAINING<\/a>\n\t\t\t\t\t<\/h5>\n\n\t\t\t\t\t<div id=\"elementor-tab-content-1032\" class=\"elementor-tab-content elementor-clearfix\" data-tab=\"2\" role=\"region\" aria-labelledby=\"elementor-tab-title-1032\"><p>GRADUATE OF INTERPRETATION IN THE THEATRE INSTITUTE (CAT) SEVILLA.<br \/>COURSE WITH \u201cLA FURA DELS BAUS\u201d.<br \/>FENCING AND STAGE COMBAT DIRECTED RICARD POU IN THE THEATRE INSTITUTE (CAT).<br \/>THIRD OF SOLFEGE, FIRST OF CLASSICAL GUITAR AND FIRST OF PIANO D OF FLUTE IN THE CONSERVATORY OF MUSIC OF C\u00d3RDOBA.<br \/>INTERPRETACION WITH MIGUEL NARROS AND JOSE CARLOS PLAZA<br \/>VERSE WITH ALICIA HERMIDA<\/p>\n<\/div>\n\t\t\t\t<\/div>\n\t\t\t\t\t\t\t\t<\/div>\n\t\t\t\t\t\t<\/div>\n\t\t\t\t<\/div>\n\t\t\t\t<div class=\"elementor-element elementor-element-349088b9 elementor-align-center elementor-widget__width-inherit elementor-widget elementor-widget-button\" data-id=\"349088b9\" data-element_type=\"widget\" data-e-type=\"widget\" data-widget_type=\"button.default\">\n\t\t\t\t<div class=\"elementor-widget-container\">\n\t\t\t\t\t\t\t\t\t<div class=\"elementor-button-wrapper\">\n\t\t\t\t\t<a class=\"elementor-button elementor-button-link elementor-size-sm elementor-animation-grow\" href=\"https:\/\/ruthfranco.com\/wp-content\/uploads\/2022\/11\/Jose-Chaves-CV-EN.pdf\">\n\t\t\t\t\t\t<span class=\"elementor-button-content-wrapper\">\n\t\t\t\t\t\t<span class=\"elementor-button-icon\">\n\t\t\t\t<i aria-hidden=\"true\" class=\"fas fa-arrow-alt-circle-down\"><\/i>\t\t\t<\/span>\n\t\t\t\t\t\t\t\t\t<span class=\"elementor-button-text\">DOWNLOAD CV<\/span>\n\t\t\t\t\t<\/span>\n\t\t\t\t\t<\/a>\n\t\t\t\t<\/div>\n\t\t\t\t\t\t\t\t<\/div>\n\t\t\t\t<\/div>\n\t\t\t\t\t<\/div>\n\t\t<\/div>\n\t\t\t\t<div class=\"elementor-column elementor-col-50 elementor-top-column elementor-element elementor-element-4bebbe30 elementor-invisible\" data-id=\"4bebbe30\" data-element_type=\"column\" data-e-type=\"column\" data-settings=\"{&quot;animation&quot;:&quot;fadeInLeft&quot;}\">\n\t\t\t<div class=\"elementor-widget-wrap elementor-element-populated\">\n\t\t\t\t\t\t<div class=\"elementor-element elementor-element-742fcab5 elementor-widget elementor-widget-heading\" data-id=\"742fcab5\" data-element_type=\"widget\" data-e-type=\"widget\" data-widget_type=\"heading.default\">\n\t\t\t\t<div class=\"elementor-widget-container\">\n\t\t\t\t\t<h4 class=\"elementor-heading-title elementor-size-default\">VIDEO<\/h4>\t\t\t\t<\/div>\n\t\t\t\t<\/div>\n\t\t\t\t<div class=\"elementor-element elementor-element-6d97aba9 elementor-widget-divider--view-line elementor-widget elementor-widget-divider\" data-id=\"6d97aba9\" data-element_type=\"widget\" data-e-type=\"widget\" data-widget_type=\"divider.default\">\n\t\t\t\t<div class=\"elementor-widget-container\">\n\t\t\t\t\t\t\t<div class=\"elementor-divider\">\n\t\t\t<span class=\"elementor-divider-separator\">\n\t\t\t\t\t\t<\/span>\n\t\t<\/div>\n\t\t\t\t\t\t<\/div>\n\t\t\t\t<\/div>\n\t\t\t\t<div class=\"elementor-element elementor-element-37ff140e elementor-widget elementor-widget-video\" data-id=\"37ff140e\" data-element_type=\"widget\" data-e-type=\"widget\" data-settings=\"{&quot;youtube_url&quot;:&quot;https:\\\/\\\/youtu.be\\\/Nd42HFqf4LY&quot;,&quot;video_type&quot;:&quot;youtube&quot;,&quot;controls&quot;:&quot;yes&quot;}\" data-widget_type=\"video.default\">\n\t\t\t\t<div class=\"elementor-widget-container\">\n\t\t\t\t\t\t\t<div class=\"elementor-wrapper elementor-open-inline\">\n\t\t\t<div class=\"elementor-video\"><\/div>\t\t<\/div>\n\t\t\t\t\t\t<\/div>\n\t\t\t\t<\/div>\n\t\t\t\t\t<\/div>\n\t\t<\/div>\n\t\t\t\t\t<\/div>\n\t\t<\/section>\n\t\t\t\t<\/div>\n\t\t","protected":false},"excerpt":{"rendered":"<p>Jos\u00e9 Chaves IMDb INFORMATION PROFESSIONAL EXPERIENCE FILMS \u201cEL UNIVERSO DE OLIVER\u201d. Dir. Alexis Morante. 2021 \u201cEL MUNDO ES&#8230;<\/p>\n","protected":false},"author":1,"featured_media":30923,"parent":0,"menu_order":0,"comment_status":"closed","ping_status":"closed","template":"","meta":{"_acf_changed":false,"_seopress_robots_primary_cat":"","_seopress_titles_title":"","_seopress_titles_desc":"","_seopress_robots_index":"","footnotes":""},"categories":[79],"tags":[],"class_list":["post-36949","page","type-page","status-publish","has-post-thumbnail","hentry","category-actors"],"acf":[],"_links":{"self":[{"href":"https:\/\/ruthfranco.com\/en\/wp-json\/wp\/v2\/pages\/36949","targetHints":{"allow":["GET"]}}],"collection":[{"href":"https:\/\/ruthfranco.com\/en\/wp-json\/wp\/v2\/pages"}],"about":[{"href":"https:\/\/ruthfranco.com\/en\/wp-json\/wp\/v2\/types\/page"}],"author":[{"embeddable":true,"href":"https:\/\/ruthfranco.com\/en\/wp-json\/wp\/v2\/users\/1"}],"replies":[{"embeddable":true,"href":"https:\/\/ruthfranco.com\/en\/wp-json\/wp\/v2\/comments?post=36949"}],"version-history":[{"count":15,"href":"https:\/\/ruthfranco.com\/en\/wp-json\/wp\/v2\/pages\/36949\/revisions"}],"predecessor-version":[{"id":65518,"href":"https:\/\/ruthfranco.com\/en\/wp-json\/wp\/v2\/pages\/36949\/revisions\/65518"}],"wp:featuredmedia":[{"embeddable":true,"href":"https:\/\/ruthfranco.com\/en\/wp-json\/wp\/v2\/media\/30923"}],"wp:attachment":[{"href":"https:\/\/ruthfranco.com\/en\/wp-json\/wp\/v2\/media?parent=36949"}],"wp:term":[{"taxonomy":"category","embeddable":true,"href":"https:\/\/ruthfranco.com\/en\/wp-json\/wp\/v2\/categories?post=36949"},{"taxonomy":"post_tag","embeddable":true,"href":"https:\/\/ruthfranco.com\/en\/wp-json\/wp\/v2\/tags?post=36949"}],"curies":[{"name":"wp","href":"https:\/\/api.w.org\/{rel}","templated":true}]}}