{"id":36778,"date":"2020-07-08T19:13:53","date_gmt":"2020-07-08T19:13:53","guid":{"rendered":"http:\/\/ruthfranco.com\/pep-tosar\/"},"modified":"2025-08-18T17:02:16","modified_gmt":"2025-08-18T15:02:16","slug":"pep-tosar","status":"publish","type":"page","link":"https:\/\/ruthfranco.com\/en\/pep-tosar\/","title":{"rendered":"Pep Tosar"},"content":{"rendered":"\t\t<div data-elementor-type=\"wp-page\" data-elementor-id=\"36778\" class=\"elementor elementor-36778 elementor-31642\" data-elementor-post-type=\"page\">\n\t\t\t\t\t\t<section class=\"elementor-section elementor-top-section elementor-element elementor-element-59cdfcee elementor-section-full_width elementor-section-height-default elementor-section-height-default neuron-fixed-no\" data-id=\"59cdfcee\" data-element_type=\"section\" data-e-type=\"section\" data-settings=\"{&quot;background_background&quot;:&quot;classic&quot;}\">\n\t\t\t\t\t\t<div class=\"elementor-container elementor-column-gap-no\">\n\t\t\t\t\t<div class=\"elementor-column elementor-col-100 elementor-top-column elementor-element elementor-element-14d69db9\" data-id=\"14d69db9\" data-element_type=\"column\" data-e-type=\"column\">\n\t\t\t<div class=\"elementor-widget-wrap elementor-element-populated\">\n\t\t\t\t\t\t<div class=\"elementor-element elementor-element-4a24b283 elementor-invisible elementor-widget elementor-widget-neuron-media-gallery\" data-id=\"4a24b283\" data-element_type=\"widget\" data-e-type=\"widget\" data-settings=\"{&quot;_animation&quot;:&quot;fadeInLeft&quot;}\" data-widget_type=\"neuron-media-gallery.default\">\n\t\t\t\t<div class=\"elementor-widget-container\">\n\t\t\t\t\t\t\t<div class=\"l-posts-wrapper l-filters-holder l-posts-wrapper--meta-outside\" data-posts=\"4a24b283\">\r\n\t\t\t\t\t\t<div class=\"m-media-gallery m-media-gallery--meta-outside   \">\r\n\t\t\t\t<div class=\"owl-carousel owl-theme\" id=\"98462ed982d59901ed0bcfecf05c9461\" data-animation=\"h-fadeInLeftNeuron\" data-wow=\"yes\">\r\n                    <div class=\"m-media-gallery__item wow intro-animation \" >\r\n            <div class=\"o-neuron-hover o-neuron-hover--meta-outside o-neuron-hover--icon o-neuron-hover--translate\">\r\n    <div class=\"o-neuron-hover-holder\">\r\n        <div class=\"o-neuron-hover-holder__header\">\r\n            <div class=\"o-neuron-hover-holder__header__media\">\r\n                <div class=\"h-calculated-image\" style=\"padding-bottom: 133.333333% !important;\"><img fetchpriority=\"high\" decoding=\"async\" width=\"600\" height=\"800\" src=\"https:\/\/ruthfranco.com\/wp-content\/uploads\/2021\/02\/Pep-Tosar-4.jpg\" class=\"attachment-full size-full\" alt=\"\" srcset=\"https:\/\/ruthfranco.com\/wp-content\/uploads\/2021\/02\/Pep-Tosar-4.jpg 600w, https:\/\/ruthfranco.com\/wp-content\/uploads\/2021\/02\/Pep-Tosar-4-225x300.jpg 225w\" sizes=\"(max-width: 600px) 100vw, 600px\" \/><\/div>            <\/div>\r\n                            <div class=\"o-neuron-hover-holder__header__overlay\"><\/div>\r\n                    <\/div>\r\n                    <div class=\"o-neuron-hover-holder__body d-flex align-items-center\">\r\n                <div class=\"o-neuron-hover-holder__body-meta\">\r\n                                    <\/div>\r\n                            <\/div>\r\n            <\/div>    \r\n           \r\n<\/div>        <\/div>\r\n                    <div class=\"m-media-gallery__item wow intro-animation \" data-wow-delay=0.2s>\r\n            <div class=\"o-neuron-hover o-neuron-hover--meta-outside o-neuron-hover--icon o-neuron-hover--translate\">\r\n    <div class=\"o-neuron-hover-holder\">\r\n        <div class=\"o-neuron-hover-holder__header\">\r\n            <div class=\"o-neuron-hover-holder__header__media\">\r\n                <div class=\"h-calculated-image\" style=\"padding-bottom: 133.333333% !important;\"><img decoding=\"async\" width=\"600\" height=\"800\" src=\"https:\/\/ruthfranco.com\/wp-content\/uploads\/2021\/02\/Pep-Tosar-5.jpg\" class=\"attachment-full size-full\" alt=\"\" srcset=\"https:\/\/ruthfranco.com\/wp-content\/uploads\/2021\/02\/Pep-Tosar-5.jpg 600w, https:\/\/ruthfranco.com\/wp-content\/uploads\/2021\/02\/Pep-Tosar-5-225x300.jpg 225w\" sizes=\"(max-width: 600px) 100vw, 600px\" \/><\/div>            <\/div>\r\n                            <div class=\"o-neuron-hover-holder__header__overlay\"><\/div>\r\n                    <\/div>\r\n                    <div class=\"o-neuron-hover-holder__body d-flex align-items-center\">\r\n                <div class=\"o-neuron-hover-holder__body-meta\">\r\n                                    <\/div>\r\n                            <\/div>\r\n            <\/div>    \r\n           \r\n<\/div>        <\/div>\r\n                    <div class=\"m-media-gallery__item wow intro-animation \" data-wow-delay=0.4s>\r\n            <div class=\"o-neuron-hover o-neuron-hover--meta-outside o-neuron-hover--icon o-neuron-hover--translate\">\r\n    <div class=\"o-neuron-hover-holder\">\r\n        <div class=\"o-neuron-hover-holder__header\">\r\n            <div class=\"o-neuron-hover-holder__header__media\">\r\n                <div class=\"h-calculated-image\" style=\"padding-bottom: 133.333333% !important;\"><img decoding=\"async\" width=\"600\" height=\"800\" src=\"https:\/\/ruthfranco.com\/wp-content\/uploads\/2021\/02\/Pep-Tosar-6.jpg\" class=\"attachment-full size-full\" alt=\"\" srcset=\"https:\/\/ruthfranco.com\/wp-content\/uploads\/2021\/02\/Pep-Tosar-6.jpg 600w, https:\/\/ruthfranco.com\/wp-content\/uploads\/2021\/02\/Pep-Tosar-6-225x300.jpg 225w\" sizes=\"(max-width: 600px) 100vw, 600px\" \/><\/div>            <\/div>\r\n                            <div class=\"o-neuron-hover-holder__header__overlay\"><\/div>\r\n                    <\/div>\r\n                    <div class=\"o-neuron-hover-holder__body d-flex align-items-center\">\r\n                <div class=\"o-neuron-hover-holder__body-meta\">\r\n                                    <\/div>\r\n                            <\/div>\r\n            <\/div>    \r\n           \r\n<\/div>        <\/div>\r\n    <\/div>\r\n<script type=\"text\/javascript\">\r\n    jQuery(function ($) {\r\n        var owl = $('#98462ed982d59901ed0bcfecf05c9461');\r\n\r\n        owl.owlCarousel({\r\n            items: 1,\r\n            margin: 10,\r\n            autoHeight: false,\r\n            loop: false,\r\n            mouseDrag: true,\r\n            touchDrag: true,\r\n            stagePadding: 0,\r\n            startPosition: 0,\r\n            nav: true,\r\n            navText: [\r\n                '<svg xmlns=\"http:\/\/www.w3.org\/2000\/svg\" width=\"22\" height=\"22\" viewBox=\"0 0 24 24\" fill=\"none\" stroke=\"currentColor\" stroke-width=\"2\" stroke-linecap=\"round\" stroke-linejoin=\"round\" class=\"feather feather-arrow-left\"><line x1=\"19\" y1=\"12\" x2=\"5\" y2=\"12\"><\/line><polyline points=\"12 19 5 12 12 5\"><\/polyline><\/svg>',\r\n                '<svg xmlns=\"http:\/\/www.w3.org\/2000\/svg\" width=\"22\" height=\"22\" viewBox=\"0 0 24 24\" fill=\"none\" stroke=\"currentColor\" stroke-width=\"2\" stroke-linecap=\"round\" stroke-linejoin=\"round\" class=\"feather feather-arrow-right\"><line x1=\"5\" y1=\"12\" x2=\"19\" y2=\"12\"><\/line><polyline points=\"12 5 19 12 12 19\"><\/polyline><\/svg>'\r\n            ],\r\n            dots: true,\r\n            autoplay: false,\r\n            autoplayTimeout: 2000,\r\n            autoplayHoverPause: false,\r\n            smartSpeed: 450,\r\n            responsive:{\r\n                768:{\r\n                    items: 1,\r\n                    margin: 5,\r\n                    stagePadding: 0                },\r\n                992:{\r\n                    items: 3,\r\n                    margin: 10,\r\n                    stagePadding: 0                }\r\n            }\r\n        });\r\n    });\r\n<\/script>\t\t\t<\/div>\r\n        <\/div>\r\n        \t\t\t\t<\/div>\n\t\t\t\t<\/div>\n\t\t\t\t\t<\/div>\n\t\t<\/div>\n\t\t\t\t\t<\/div>\n\t\t<\/section>\n\t\t\t\t<section class=\"elementor-section elementor-top-section elementor-element elementor-element-35d2fc4b elementor-section-full_width elementor-section-height-default elementor-section-height-default neuron-fixed-no\" data-id=\"35d2fc4b\" data-element_type=\"section\" data-e-type=\"section\">\n\t\t\t\t\t\t<div class=\"elementor-container elementor-column-gap-default\">\n\t\t\t\t\t<div class=\"elementor-column elementor-col-100 elementor-top-column elementor-element elementor-element-73e55acd\" data-id=\"73e55acd\" data-element_type=\"column\" data-e-type=\"column\">\n\t\t\t<div class=\"elementor-widget-wrap elementor-element-populated\">\n\t\t\t\t\t\t<div class=\"elementor-element elementor-element-70b2d41e elementor-widget elementor-widget-text-editor\" data-id=\"70b2d41e\" data-element_type=\"widget\" data-e-type=\"widget\" data-widget_type=\"text-editor.default\">\n\t\t\t\t<div class=\"elementor-widget-container\">\n\t\t\t\t\t\t\t\t\t<h2>Pep Tosar<\/h2>\n\t\t\t\t\t\t\t\t<\/div>\n\t\t\t\t<\/div>\n\t\t\t\t\t<\/div>\n\t\t<\/div>\n\t\t\t\t\t<\/div>\n\t\t<\/section>\n\t\t\t\t<section class=\"elementor-section elementor-top-section elementor-element elementor-element-717b00a7 elementor-section-boxed elementor-section-height-default elementor-section-height-default neuron-fixed-no\" data-id=\"717b00a7\" data-element_type=\"section\" data-e-type=\"section\">\n\t\t\t\t\t\t<div class=\"elementor-container elementor-column-gap-no\">\n\t\t\t\t\t<div class=\"elementor-column elementor-col-100 elementor-top-column elementor-element elementor-element-62cf8eb1\" data-id=\"62cf8eb1\" data-element_type=\"column\" data-e-type=\"column\">\n\t\t\t<div class=\"elementor-widget-wrap elementor-element-populated\">\n\t\t\t\t\t\t<div class=\"elementor-element elementor-element-5e8522ac e-grid-align-mobile-center e-grid-align-tablet-center elementor-shape-rounded elementor-grid-0 e-grid-align-center elementor-widget elementor-widget-social-icons\" data-id=\"5e8522ac\" data-element_type=\"widget\" data-e-type=\"widget\" data-widget_type=\"social-icons.default\">\n\t\t\t\t<div class=\"elementor-widget-container\">\n\t\t\t\t\t\t\t<div class=\"elementor-social-icons-wrapper elementor-grid\">\n\t\t\t\t\t\t\t<span class=\"elementor-grid-item\">\n\t\t\t\t\t<a class=\"elementor-icon elementor-social-icon elementor-social-icon-instagram elementor-animation-shrink elementor-repeater-item-8040492\" href=\"https:\/\/www.instagram.com\/peptosarvaquer\/\" target=\"_blank\">\n\t\t\t\t\t\t<span class=\"elementor-screen-only\">Instagram<\/span>\n\t\t\t\t\t\t<i aria-hidden=\"true\" class=\"fab fa-instagram\"><\/i>\t\t\t\t\t<\/a>\n\t\t\t\t<\/span>\n\t\t\t\t\t<\/div>\n\t\t\t\t\t\t<\/div>\n\t\t\t\t<\/div>\n\t\t\t\t\t<\/div>\n\t\t<\/div>\n\t\t\t\t\t<\/div>\n\t\t<\/section>\n\t\t\t\t<section class=\"elementor-section elementor-top-section elementor-element elementor-element-760e7c69 elementor-section-full_width elementor-section-content-middle elementor-section-height-default elementor-section-height-default neuron-fixed-no\" data-id=\"760e7c69\" data-element_type=\"section\" data-e-type=\"section\">\n\t\t\t\t\t\t<div class=\"elementor-container elementor-column-gap-default\">\n\t\t\t\t\t<div class=\"elementor-column elementor-col-100 elementor-top-column elementor-element elementor-element-4825903c\" data-id=\"4825903c\" data-element_type=\"column\" data-e-type=\"column\">\n\t\t\t<div class=\"elementor-widget-wrap elementor-element-populated\">\n\t\t\t\t\t\t<div class=\"elementor-element elementor-element-26e6b4f0 elementor-button-warning elementor-align-justify elementor-widget elementor-widget-button\" data-id=\"26e6b4f0\" data-element_type=\"widget\" data-e-type=\"widget\" data-widget_type=\"button.default\">\n\t\t\t\t<div class=\"elementor-widget-container\">\n\t\t\t\t\t\t\t\t\t<div class=\"elementor-button-wrapper\">\n\t\t\t\t\t<a class=\"elementor-button elementor-button-link elementor-size-md elementor-animation-grow\" href=\"https:\/\/www.imdb.com\/name\/nm0869089\/\" target=\"_blank\">\n\t\t\t\t\t\t<span class=\"elementor-button-content-wrapper\">\n\t\t\t\t\t\t\t\t\t<span class=\"elementor-button-text\"><strong>IMDb<\/strong><\/span>\n\t\t\t\t\t<\/span>\n\t\t\t\t\t<\/a>\n\t\t\t\t<\/div>\n\t\t\t\t\t\t\t\t<\/div>\n\t\t\t\t<\/div>\n\t\t\t\t\t<\/div>\n\t\t<\/div>\n\t\t\t\t\t<\/div>\n\t\t<\/section>\n\t\t\t\t<section class=\"elementor-section elementor-top-section elementor-element elementor-element-85887f1 elementor-section-boxed elementor-section-height-default elementor-section-height-default neuron-fixed-no\" data-id=\"85887f1\" data-element_type=\"section\" data-e-type=\"section\">\n\t\t\t\t\t\t<div class=\"elementor-container elementor-column-gap-extended\">\n\t\t\t\t\t<div class=\"elementor-column elementor-col-50 elementor-top-column elementor-element elementor-element-55db1296\" data-id=\"55db1296\" data-element_type=\"column\" data-e-type=\"column\">\n\t\t\t<div class=\"elementor-widget-wrap elementor-element-populated\">\n\t\t\t\t\t\t<div class=\"elementor-element elementor-element-144ac4c6 elementor-widget elementor-widget-heading\" data-id=\"144ac4c6\" data-element_type=\"widget\" data-e-type=\"widget\" data-widget_type=\"heading.default\">\n\t\t\t\t<div class=\"elementor-widget-container\">\n\t\t\t\t\t<h4 class=\"elementor-heading-title elementor-size-default\">INFORMATION<\/h4>\t\t\t\t<\/div>\n\t\t\t\t<\/div>\n\t\t\t\t<div class=\"elementor-element elementor-element-260cf226 elementor-widget-divider--view-line elementor-widget elementor-widget-divider\" data-id=\"260cf226\" data-element_type=\"widget\" data-e-type=\"widget\" data-widget_type=\"divider.default\">\n\t\t\t\t<div class=\"elementor-widget-container\">\n\t\t\t\t\t\t\t<div class=\"elementor-divider\">\n\t\t\t<span class=\"elementor-divider-separator\">\n\t\t\t\t\t\t<\/span>\n\t\t<\/div>\n\t\t\t\t\t\t<\/div>\n\t\t\t\t<\/div>\n\t\t\t\t<div class=\"elementor-element elementor-element-6b069450 elementor-invisible elementor-widget elementor-widget-toggle\" data-id=\"6b069450\" data-element_type=\"widget\" data-e-type=\"widget\" data-settings=\"{&quot;_animation&quot;:&quot;fadeInRight&quot;}\" data-widget_type=\"toggle.default\">\n\t\t\t\t<div class=\"elementor-widget-container\">\n\t\t\t\t\t\t\t<div class=\"elementor-toggle\">\n\t\t\t\t\t\t\t<div class=\"elementor-toggle-item\">\n\t\t\t\t\t<h5 id=\"elementor-tab-title-1791\" class=\"elementor-tab-title\" data-tab=\"1\" role=\"button\" aria-controls=\"elementor-tab-content-1791\" aria-expanded=\"false\">\n\t\t\t\t\t\t\t\t\t\t\t\t<span class=\"elementor-toggle-icon elementor-toggle-icon-left\" aria-hidden=\"true\">\n\t\t\t\t\t\t\t\t\t\t\t\t\t\t\t<span class=\"elementor-toggle-icon-closed\"><i class=\"fas fa-caret-right\"><\/i><\/span>\n\t\t\t\t\t\t\t\t<span class=\"elementor-toggle-icon-opened\"><i class=\"elementor-toggle-icon-opened fas fa-caret-up\"><\/i><\/span>\n\t\t\t\t\t\t\t\t\t\t\t\t\t<\/span>\n\t\t\t\t\t\t\t\t\t\t\t\t<a class=\"elementor-toggle-title\" tabindex=\"0\">PROFESSIONAL EXPERIENCE<\/a>\n\t\t\t\t\t<\/h5>\n\n\t\t\t\t\t<div id=\"elementor-tab-content-1791\" class=\"elementor-tab-content elementor-clearfix\" data-tab=\"1\" role=\"region\" aria-labelledby=\"elementor-tab-title-1791\"><p><strong>FILMS<\/strong><br \/>\n\u201cJOURNEY TO YOU\u201d. Dir.: Terry Ingram. 2025.<br \/>\n\u201cLAS LEYES DE LA FRONTERA\u201d. Dir. Daniel Monz\u00f3n. 2020<br \/>\n\u201cOPERATION MINCEMEAT\u201d. Dir. John Madden. 2020<br \/>\n\u201cMIENTRAS DURE LA GUERRA\u201d. Dir. Alejandro Amen\u00e1bar. 2018<br \/>\n\u201cLA SOMBRA DE LA LEY\u201d. Dir: Dani De La Torre. 2017.<br \/>\n\u201cEL SIGNO DE CARONTE\u201d. Dir: N\u00e9stor F. Dennis. 2016<br \/>\n\u201cLASA Y ZABALA\u201d. Dir: Pablo Malo. 2014<br \/>\n\u201cLA ESTRELLA\u201d. Dir: Alberto Aranda. 2013<br \/>\n\u201cMIENTRAS DUERMES\u201d. Dir: Jaume Balaguer\u00f3. 2011<br \/>\n\u201cF\u00c8NIX\u201d. Dir: Joel Joan. 2011<br \/>\n\u201cPAN NEGRO\u201d. Dir: Agust\u00ed Villaronga. 2010<br \/>\n\u201cMIQUEL BAU\u00c7\u00c0\u201d. Dir: Agust\u00ed Villaronga. 2007<br \/>\n\u201cANIMALES DOM\u00c9STICOS\u201d. Dir: Xavi Jim\u00e9nez. 2009<br \/>\n\u201cFUERTE APACHE\u201d. Dir: Jaume Mateu. 2006<br \/>\n\u201cSALVADOR\u201d. Dir: Manel Huerga. 2006<br \/>\n\u201cLOS SIN NOMBRE\u201d. Dir:Jaume Balaguer\u00f3. 1996<br \/>\n\u201cLA CIUTAT DE LA SORT\u201d. Dir: Jaume Balaguer\u00f3. 1986<br \/>\n\u201cEL NI\u00d1O DE LA LUNA\u201d. Dir:Agust\u00ed Villaronga. 1986<br \/>\n\u201cGAUD\u00cd\u201d. Dir: Manel Huerga. 1989<br \/>\n\u201cSOLITUD\u201d. Dir: Rom\u00e0 Guardiet. 1991<\/p>\n<p><strong>TELEVISION<\/strong><br \/>\n\u201cDIECIOCHO\u201d. RTVE. 2024<br \/>\n\u201cDELTA\u201d. 3CAT. 2024<br \/>\n\u201cTHE MALLORCA FILES S3\u201d. Prime Video. 2024<br \/>\n\u2018\u2019EL CUERPO EN LLAMAS\u2019\u2019 Miniserie. Arcadia Motion Pictures. Netflix. 2022<br \/>\n\u201cEL SILENCIO\u201d. Netflix. 2022<br \/>\n\u201cDER K\u00d6NIG VON PALMA\u201d. RTL. 2021<br \/>\n\u201cLA TEMPLANZA\u201d. Prod. Boomerang TV. 2019<br \/>\n\u201cLITTLE BIRDS\u201d. SKYATLANTIC. 2019<br \/>\n\u201cTREUFOC\u201d. CEF. IB3. 2018<br \/>\n\u201cLA CASA DE PAPEL\u201d. Antena 3. 2017<br \/>\n\u201cEL MINISTERIO DEL TIEMPO\u201d. TVE. 2017<br \/>\n\u201cCANNABIS\u201d. Lucie Borleteau. Canal Arte.<br \/>\n\u201cGUERNIKA BAJO LAS BOMBAS\u201d. Lu\u00eds Mar\u00edas. ETB &amp; TV3<br \/>\n\u201cLA SALAZ\u00d3N\u201d. Jes\u00fas Font. TV3 &amp; TVGA<br \/>\n\u201cCREMATORIO\u201d. S\u00e1nchez Cabezudo. Canal Plus.<br \/>\n\u201cOJO POR OJO\u201d. Mar Targarona. TV3 &amp; TVE.<br \/>\n\u201cRACONS DE LA MEMORIA\u201d. Sergi Shaf. TV3 &amp; TV1<br \/>\n\u201cJOC DE MENTIDES\u201d. Luis Zayas. TV3<br \/>\n\u201cHOSPITAL CENTRAL\u201d.TV5<br \/>\n\u201cCIS\u201d. TV5<br \/>\n\u201cCU\u00c9NTAME\u201d. TV1<br \/>\n\u201cLABERINT D\u2019OMBRES\u201d. TV3<br \/>\n\u201cNISSAGA DE PODER\u201d. TV3<br \/>\n\u201cESTACI\u00d3 D\u2019ENLLA\u00c7\u201d. TV3<br \/>\n\u201cPOBLENOU\u201d. TV3.<\/p>\n<p><strong>THEATER<\/strong><br \/>\n\u201cFEDERICO GARC\u00cdA\u201d Dir. Pep Tosar. Sobre F.G.Lorca. Teatro Pav\u00f3n 2023.<br \/>\n\u201cQUI BONES OBRES FAR\u00c0\u201d of Pep Tosar. Adaptation. Ch\u00e9jov(TNC 2016)<br \/>\n\u201cEL P\u00daBLICO\u201d of \u00c0lex Rigola. Federico Garc\u00eda Lorca. (Abad\u00eda 2015)<br \/>\n\u201cFEDERICO GARC\u00cdA\u201d of Pep Tosar. About F.G.Lorca.(Grec 2015)<br \/>\n\u201cCON LA CLARIDAD AUMENTA EL FR\u00cdO\u201d of Pep Tosar. Sobre T. Bernhard.(Grec 2013)<br \/>\n\u201cTOTS AQUESTS DOIS\u201d of Pep Tosar. About Guillem d\u2019Efak. (C\u00edrcol Mald\u00e0\/2011)<br \/>\n\u201cEL MAESTRO Y MARGARITA\u201d of Pep Tosar. Adaptation. M. Bulgakov(C\u00edrcol Mald\u00e0\/2011)<br \/>\n\u201cNOCTURNO\u201d of Pep Tosar. Adaptation. Antonio Tabucchi (C\u00edrcol Mald\u00e0 2010)<br \/>\n\u201cMUCHOS RECUERDOS PARA IVANOV\u201d of Pep Tosar. Adaptation. Ch\u00e9jov. (C\u00edrcol Mald\u00e0 2008)<br \/>\n\u201cCASA I JARD\u00cd\u201d of Ferran Madico. Alan Airbough. CAER \/ 2007)<br \/>\n\u201cSUE\u00d1OS DE SUE\u00d1OS\u201d of Pep Tosar. Adaptati\u00f3n: Antonio Tabucchi. (La mirada \/2006)<br \/>\n\u201cAL VOSTRE GUST\u201d of Xicu Mas\u00f3. Shakespeare. (Grec 2006)<br \/>\n\u201cESQUENA DE GANIVET\u201d, of Pep Tosar. Adaptation. Dami\u00e0 Huguet. (Grec 2004)<br \/>\n\u201cV\u00cdCTOR O ELS NENS AL PODER\u201d of Joan Oll\u00e9. Roger Vitrac. (Teatre Lliure 2001)<br \/>\n\u201cREV\u00c9S\u201d, of Xicu Mas\u00f3 &amp; Pep Tosar. Adaptation. Antonio Tabucchi. (T. Lliure 2001)<br \/>\n\u201cREQUIEM\u201d, of Xicu Mas\u00f3 &amp; Pep Tosar. Adaptation. Antonio Tabucchi. (Grec\/1998)<br \/>\n\u201cLA HISTORIA DEL SE\u00d1OR SOMMER\u201d, of Xicu Mas\u00f3 &amp; Pep Tosar. Adaptation. P.S\u00fcskind. (Grec\/1996)<br \/>\n\u201cLA RONDA\u201d, of Arthur Sznithler. Mario Gas. Teatre Romea<br \/>\n\u201cTEATRE LLIURE\u201d (1987-1994):<br \/>\n\u201cEL MANUSCRIT D\u2019ALI BEI\u201d<br \/>\n\u201cTIT\u00c0NIC 92\u201d<br \/>\n\u201cMARIA STUARD\u201d<br \/>\n\u201cD\u2019ARENYS A SINERA.\u201d<\/p>\n<\/div>\n\t\t\t\t<\/div>\n\t\t\t\t\t\t\t<div class=\"elementor-toggle-item\">\n\t\t\t\t\t<h5 id=\"elementor-tab-title-1792\" class=\"elementor-tab-title\" data-tab=\"2\" role=\"button\" aria-controls=\"elementor-tab-content-1792\" aria-expanded=\"false\">\n\t\t\t\t\t\t\t\t\t\t\t\t<span class=\"elementor-toggle-icon elementor-toggle-icon-left\" aria-hidden=\"true\">\n\t\t\t\t\t\t\t\t\t\t\t\t\t\t\t<span class=\"elementor-toggle-icon-closed\"><i class=\"fas fa-caret-right\"><\/i><\/span>\n\t\t\t\t\t\t\t\t<span class=\"elementor-toggle-icon-opened\"><i class=\"elementor-toggle-icon-opened fas fa-caret-up\"><\/i><\/span>\n\t\t\t\t\t\t\t\t\t\t\t\t\t<\/span>\n\t\t\t\t\t\t\t\t\t\t\t\t<a class=\"elementor-toggle-title\" tabindex=\"0\">TRAINING<\/a>\n\t\t\t\t\t<\/h5>\n\n\t\t\t\t\t<div id=\"elementor-tab-content-1792\" class=\"elementor-tab-content elementor-clearfix\" data-tab=\"2\" role=\"region\" aria-labelledby=\"elementor-tab-title-1792\"><p>Graduated in Dramatic Arts in the Theatre Institute of Barcelona, 1985.<\/p>\n<p><strong>SKILLS<\/strong><br \/>Riding horse<br \/>Guitar and piano<br \/>Sing<br \/>Dance<\/p>\n<\/div>\n\t\t\t\t<\/div>\n\t\t\t\t\t\t\t<div class=\"elementor-toggle-item\">\n\t\t\t\t\t<h5 id=\"elementor-tab-title-1793\" class=\"elementor-tab-title\" data-tab=\"3\" role=\"button\" aria-controls=\"elementor-tab-content-1793\" aria-expanded=\"false\">\n\t\t\t\t\t\t\t\t\t\t\t\t<span class=\"elementor-toggle-icon elementor-toggle-icon-left\" aria-hidden=\"true\">\n\t\t\t\t\t\t\t\t\t\t\t\t\t\t\t<span class=\"elementor-toggle-icon-closed\"><i class=\"fas fa-caret-right\"><\/i><\/span>\n\t\t\t\t\t\t\t\t<span class=\"elementor-toggle-icon-opened\"><i class=\"elementor-toggle-icon-opened fas fa-caret-up\"><\/i><\/span>\n\t\t\t\t\t\t\t\t\t\t\t\t\t<\/span>\n\t\t\t\t\t\t\t\t\t\t\t\t<a class=\"elementor-toggle-title\" tabindex=\"0\">LANGUAGES<\/a>\n\t\t\t\t\t<\/h5>\n\n\t\t\t\t\t<div id=\"elementor-tab-content-1793\" class=\"elementor-tab-content elementor-clearfix\" data-tab=\"3\" role=\"region\" aria-labelledby=\"elementor-tab-title-1793\"><p>English<br \/>French<br \/>Portuguese<br \/>Italian<br \/>Catalan<br \/>Spanish<\/p>\n<\/div>\n\t\t\t\t<\/div>\n\t\t\t\t\t\t\t\t<\/div>\n\t\t\t\t\t\t<\/div>\n\t\t\t\t<\/div>\n\t\t\t\t<div class=\"elementor-element elementor-element-c8a275d elementor-align-center elementor-widget__width-inherit elementor-widget elementor-widget-button\" data-id=\"c8a275d\" data-element_type=\"widget\" data-e-type=\"widget\" data-widget_type=\"button.default\">\n\t\t\t\t<div class=\"elementor-widget-container\">\n\t\t\t\t\t\t\t\t\t<div class=\"elementor-button-wrapper\">\n\t\t\t\t\t<a class=\"elementor-button elementor-button-link elementor-size-sm elementor-animation-grow\" href=\"https:\/\/ruthfranco.com\/wp-content\/uploads\/2025\/08\/PEP-TOSAR-CV-EN.pdf\">\n\t\t\t\t\t\t<span class=\"elementor-button-content-wrapper\">\n\t\t\t\t\t\t<span class=\"elementor-button-icon\">\n\t\t\t\t<i aria-hidden=\"true\" class=\"fas fa-arrow-alt-circle-down\"><\/i>\t\t\t<\/span>\n\t\t\t\t\t\t\t\t\t<span class=\"elementor-button-text\">DOWNLOAD CV<\/span>\n\t\t\t\t\t<\/span>\n\t\t\t\t\t<\/a>\n\t\t\t\t<\/div>\n\t\t\t\t\t\t\t\t<\/div>\n\t\t\t\t<\/div>\n\t\t\t\t\t<\/div>\n\t\t<\/div>\n\t\t\t\t<div class=\"elementor-column elementor-col-50 elementor-top-column elementor-element elementor-element-261335c0 elementor-invisible\" data-id=\"261335c0\" data-element_type=\"column\" data-e-type=\"column\" data-settings=\"{&quot;animation&quot;:&quot;fadeInLeft&quot;}\">\n\t\t\t<div class=\"elementor-widget-wrap elementor-element-populated\">\n\t\t\t\t\t\t<div class=\"elementor-element elementor-element-1c0412d7 elementor-widget elementor-widget-heading\" data-id=\"1c0412d7\" data-element_type=\"widget\" data-e-type=\"widget\" data-widget_type=\"heading.default\">\n\t\t\t\t<div class=\"elementor-widget-container\">\n\t\t\t\t\t<h4 class=\"elementor-heading-title elementor-size-default\">VIDEO<\/h4>\t\t\t\t<\/div>\n\t\t\t\t<\/div>\n\t\t\t\t<div class=\"elementor-element elementor-element-3a29a7f2 elementor-widget-divider--view-line elementor-widget elementor-widget-divider\" data-id=\"3a29a7f2\" data-element_type=\"widget\" data-e-type=\"widget\" data-widget_type=\"divider.default\">\n\t\t\t\t<div class=\"elementor-widget-container\">\n\t\t\t\t\t\t\t<div class=\"elementor-divider\">\n\t\t\t<span class=\"elementor-divider-separator\">\n\t\t\t\t\t\t<\/span>\n\t\t<\/div>\n\t\t\t\t\t\t<\/div>\n\t\t\t\t<\/div>\n\t\t\t\t<div class=\"elementor-element elementor-element-4b83c8c6 elementor-widget elementor-widget-video\" data-id=\"4b83c8c6\" data-element_type=\"widget\" data-e-type=\"widget\" data-settings=\"{&quot;youtube_url&quot;:&quot;https:\\\/\\\/youtu.be\\\/0Ku49FIMQzc&quot;,&quot;video_type&quot;:&quot;youtube&quot;,&quot;controls&quot;:&quot;yes&quot;}\" data-widget_type=\"video.default\">\n\t\t\t\t<div class=\"elementor-widget-container\">\n\t\t\t\t\t\t\t<div class=\"elementor-wrapper elementor-open-inline\">\n\t\t\t<div class=\"elementor-video\"><\/div>\t\t<\/div>\n\t\t\t\t\t\t<\/div>\n\t\t\t\t<\/div>\n\t\t\t\t\t<\/div>\n\t\t<\/div>\n\t\t\t\t\t<\/div>\n\t\t<\/section>\n\t\t\t\t<\/div>\n\t\t","protected":false},"excerpt":{"rendered":"<p>Pep Tosar Instagram IMDb INFORMATION PROFESSIONAL EXPERIENCE FILMS \u201cJOURNEY TO YOU\u201d. Dir.: Terry Ingram. 2025. \u201cLAS LEYES DE&#8230;<\/p>\n","protected":false},"author":1,"featured_media":43259,"parent":0,"menu_order":0,"comment_status":"closed","ping_status":"closed","template":"","meta":{"_acf_changed":false,"_seopress_robots_primary_cat":"","_seopress_titles_title":"%%post_title%% %%sep%% %%sitetitle%%","_seopress_titles_desc":"Pep Tosar is an actor with a rich artistic background and extensive experience in film, television and theatre. From \"Mientras Dure la Guerra\" to \"La Casa de Papel\".","_seopress_robots_index":"","footnotes":""},"categories":[79,81],"tags":[],"class_list":["post-36778","page","type-page","status-publish","has-post-thumbnail","hentry","category-actors","category-actors-fluent-english"],"acf":[],"_links":{"self":[{"href":"https:\/\/ruthfranco.com\/en\/wp-json\/wp\/v2\/pages\/36778","targetHints":{"allow":["GET"]}}],"collection":[{"href":"https:\/\/ruthfranco.com\/en\/wp-json\/wp\/v2\/pages"}],"about":[{"href":"https:\/\/ruthfranco.com\/en\/wp-json\/wp\/v2\/types\/page"}],"author":[{"embeddable":true,"href":"https:\/\/ruthfranco.com\/en\/wp-json\/wp\/v2\/users\/1"}],"replies":[{"embeddable":true,"href":"https:\/\/ruthfranco.com\/en\/wp-json\/wp\/v2\/comments?post=36778"}],"version-history":[{"count":17,"href":"https:\/\/ruthfranco.com\/en\/wp-json\/wp\/v2\/pages\/36778\/revisions"}],"predecessor-version":[{"id":67320,"href":"https:\/\/ruthfranco.com\/en\/wp-json\/wp\/v2\/pages\/36778\/revisions\/67320"}],"wp:featuredmedia":[{"embeddable":true,"href":"https:\/\/ruthfranco.com\/en\/wp-json\/wp\/v2\/media\/43259"}],"wp:attachment":[{"href":"https:\/\/ruthfranco.com\/en\/wp-json\/wp\/v2\/media?parent=36778"}],"wp:term":[{"taxonomy":"category","embeddable":true,"href":"https:\/\/ruthfranco.com\/en\/wp-json\/wp\/v2\/categories?post=36778"},{"taxonomy":"post_tag","embeddable":true,"href":"https:\/\/ruthfranco.com\/en\/wp-json\/wp\/v2\/tags?post=36778"}],"curies":[{"name":"wp","href":"https:\/\/api.w.org\/{rel}","templated":true}]}}